{"id":993,"date":"2024-04-29T19:59:02","date_gmt":"2024-04-29T17:59:02","guid":{"rendered":"https:\/\/www.naturisme.lu\/protection-des-donnees\/"},"modified":"2024-05-09T21:56:10","modified_gmt":"2024-05-09T19:56:10","slug":"protection-des-donnees","status":"publish","type":"page","link":"https:\/\/www.naturisme.lu\/lu\/protection-des-donnees\/","title":{"rendered":"Dateschutz"},"content":{"rendered":"\n<div class=\"wp-block-columns is-layout-flex wp-container-core-columns-is-layout-9d6595d7 wp-block-columns-is-layout-flex\">\n<div class=\"wp-block-column has-black-background-color has-background is-layout-flow wp-block-column-is-layout-flow\" style=\"flex-basis:15%\"><\/div>\n\n\n\n<div class=\"wp-block-column is-layout-flow wp-block-column-is-layout-flow\" style=\"flex-basis:70%\">\n<div class=\"wp-block-group has-white-background-color has-background\" style=\"font-size:18px\"><div class=\"wp-block-group__inner-container is-layout-constrained wp-block-group-is-layout-constrained\">\n<div style=\"height:25px\" aria-hidden=\"true\" class=\"wp-block-spacer\"><\/div>\n\n\n\n<p style=\"padding-left: 40px; padding-right: 40px;\">Well &#8220;<strong>Sports et Loisirs Naturistes, Luxembourg<\/strong>&#8221;\u00a0asbl (<strong>SLNL<\/strong>) eng Asbl ass, d\u00e9i am Grand-Duch\u00e9 vu L\u00ebtzebuerg registr\u00e9iert ass, g\u00ebllen d\u00e9i do applikabel Best\u00ebmmungen (Gesetz iwwer Fondatiounen an Associatiounen, souw\u00e9i Dateschutzgesetz).<\/p>\n<p style=\"padding-left: 40px;\">Sports et Loisirs Naturistes, L\u00ebtzebuerg verflicht sech, d\u00e9i gesammelt Donn\u00e9e\u00ebn n\u00ebmmen als M\u00ebttel ze benotze fir seng eege statutaresch Aufgaben ze erf\u00ebllen.<\/p>\n\n\n\n<div style=\"height:25px\" aria-hidden=\"true\" class=\"wp-block-spacer\"><\/div>\n<\/div><\/div>\n<\/div>\n\n\n\n<div class=\"wp-block-column has-black-background-color has-background is-layout-flow wp-block-column-is-layout-flow\" style=\"flex-basis:15%\"><\/div>\n<\/div>\n","protected":false},"excerpt":{"rendered":"<p>Well &#8220;Sports et Loisirs Naturistes, Luxembourg&#8221;\u00a0asbl (SLNL) eng Asbl ass, d\u00e9i am Grand-Duch\u00e9 vu L\u00ebtzebuerg registr\u00e9iert ass, g\u00ebllen d\u00e9i do applikabel Best\u00ebmmungen (Gesetz iwwer Fondatiounen an Associatiounen, souw\u00e9i Dateschutzgesetz). Sports et Loisirs Naturistes, L\u00ebtzebuerg verflicht sech, d\u00e9i gesammelt Donn\u00e9e\u00ebn n\u00ebmmen als M\u00ebttel ze benotze fir seng eege statutaresch Aufgaben ze erf\u00ebllen.<\/p>\n","protected":false},"author":2,"featured_media":0,"parent":0,"menu_order":0,"comment_status":"closed","ping_status":"closed","template":"","meta":{"footnotes":""},"class_list":["post-993","page","type-page","status-publish","hentry"],"_links":{"self":[{"href":"https:\/\/www.naturisme.lu\/lu\/wp-json\/wp\/v2\/pages\/993","targetHints":{"allow":["GET"]}}],"collection":[{"href":"https:\/\/www.naturisme.lu\/lu\/wp-json\/wp\/v2\/pages"}],"about":[{"href":"https:\/\/www.naturisme.lu\/lu\/wp-json\/wp\/v2\/types\/page"}],"author":[{"embeddable":true,"href":"https:\/\/www.naturisme.lu\/lu\/wp-json\/wp\/v2\/users\/2"}],"replies":[{"embeddable":true,"href":"https:\/\/www.naturisme.lu\/lu\/wp-json\/wp\/v2\/comments?post=993"}],"version-history":[{"count":8,"href":"https:\/\/www.naturisme.lu\/lu\/wp-json\/wp\/v2\/pages\/993\/revisions"}],"predecessor-version":[{"id":4602,"href":"https:\/\/www.naturisme.lu\/lu\/wp-json\/wp\/v2\/pages\/993\/revisions\/4602"}],"wp:attachment":[{"href":"https:\/\/www.naturisme.lu\/lu\/wp-json\/wp\/v2\/media?parent=993"}],"curies":[{"name":"wp","href":"https:\/\/api.w.org\/{rel}","templated":true}]}}