{"id":592,"date":"2024-04-27T13:02:46","date_gmt":"2024-04-27T11:02:46","guid":{"rendered":"https:\/\/www.naturisme.lu\/?page_id=592"},"modified":"2024-05-05T23:21:34","modified_gmt":"2024-05-05T21:21:34","slug":"les-licences-naturistes","status":"publish","type":"page","link":"https:\/\/www.naturisme.lu\/lu\/les-licences-naturistes\/","title":{"rendered":"D\u00e9i international Naturiste-Lizenzen"},"content":{"rendered":"\n<div class=\"wp-block-group has-black-background-color has-background\"><div class=\"wp-block-group__inner-container is-layout-constrained wp-block-group-is-layout-constrained\">\n<div class=\"wp-block-columns is-layout-flex wp-container-core-columns-is-layout-9d6595d7 wp-block-columns-is-layout-flex\">\n<div class=\"wp-block-column has-black-background-color has-background is-layout-flow wp-block-column-is-layout-flow\" style=\"flex-basis:10%\"><\/div>\n\n\n\n<div class=\"wp-block-column is-vertically-aligned-center has-white-background-color has-background is-layout-flow wp-block-column-is-layout-flow\" style=\"flex-basis:20%\"><div class=\"wp-block-image is-style-default\">\n<figure class=\"aligncenter size-full is-resized\"><img decoding=\"async\" src=\"https:\/\/www.naturisme.lu\/wp-content\/uploads\/2024\/05\/Logo_INF-FNI_Short-1.png\" alt=\"\" class=\"wp-image-1376\" style=\"width:350px\"\/><\/figure>\n<\/div><\/div>\n\n\n\n<div class=\"wp-block-column has-black-background-color has-background is-layout-flow wp-block-column-is-layout-flow\" style=\"flex-basis:1%\"><\/div>\n\n\n\n<div class=\"wp-block-column is-vertically-aligned-top has-black-background-color has-background is-layout-flow wp-block-column-is-layout-flow\" style=\"flex-basis:50%\">\n<div  style=\"color:#319F49; font-family:trebuchet; font-size:72px; font-weight: bold; text-align: left; line-height:1.8;\">Vakanz-Kaarten<\/div>\n\n\n\n<div class=\"wp-block-group\" style=\"font-size:18px\"><div class=\"wp-block-group__inner-container is-layout-constrained wp-block-group-is-layout-constrained\">\n<p class=\"has-white-color has-text-color has-link-color\" align=\"justify\">All Ver\u00e4insmember kritt och seng international g\u00eblteg INF\/FNI Lizenz, d\u00e9i vun der Internationaler Naturiste-Federatioun ausgestallt g\u00ebtt.<\/p>\n\n\n\n<p class=\"has-white-color has-text-color has-link-color\" align=\"justify\">D\u00ebs Lizenz ( Vakanz-Kaart) g\u00ebtt weltw\u00e4it Zougang zu all Naturistever\u00e4iner a Vakanzenzentren, d\u00e9i mat der Internationaler Naturiste<strong>&#8211;<\/strong>Federatioun verbonne sinn. (Vakanz-Kaarten, d\u00e9i lokal kaaft ginn, si meeschtens m\u00e9i deier w\u00e9i eise Familljeb\u00e4itrag.) \u00cbnnerst\u00ebtzt d&#8217;Naturistebeweegung zu L\u00ebtzebuerg, gitt Member bei Sports et Loisirs Naturistes, Luxembourg!<\/p>\n<\/div><\/div>\n<\/div>\n<\/div>\n<\/div><\/div>\n","protected":false},"excerpt":{"rendered":"<p>Vakanz-Kaarten All Ver\u00e4insmember kritt och seng international g\u00eblteg INF\/FNI Lizenz, d\u00e9i vun der Internationaler Naturiste-Federatioun ausgestallt g\u00ebtt. D\u00ebs Lizenz ( Vakanz-Kaart) g\u00ebtt weltw\u00e4it Zougang zu all Naturistever\u00e4iner a Vakanzenzentren, d\u00e9i mat der Internationaler Naturiste&#8211;Federatioun verbonne sinn. (Vakanz-Kaarten, d\u00e9i lokal kaaft ginn, si meeschtens m\u00e9i deier w\u00e9i eise Familljeb\u00e4itrag.) \u00cbnnerst\u00ebtzt d&#8217;Naturistebeweegung zu L\u00ebtzebuerg, gitt Member bei Sports et Loisirs Naturistes, Luxembourg!<\/p>\n","protected":false},"author":2,"featured_media":0,"parent":0,"menu_order":0,"comment_status":"closed","ping_status":"closed","template":"","meta":{"footnotes":""},"class_list":["post-592","page","type-page","status-publish","hentry"],"_links":{"self":[{"href":"https:\/\/www.naturisme.lu\/lu\/wp-json\/wp\/v2\/pages\/592","targetHints":{"allow":["GET"]}}],"collection":[{"href":"https:\/\/www.naturisme.lu\/lu\/wp-json\/wp\/v2\/pages"}],"about":[{"href":"https:\/\/www.naturisme.lu\/lu\/wp-json\/wp\/v2\/types\/page"}],"author":[{"embeddable":true,"href":"https:\/\/www.naturisme.lu\/lu\/wp-json\/wp\/v2\/users\/2"}],"replies":[{"embeddable":true,"href":"https:\/\/www.naturisme.lu\/lu\/wp-json\/wp\/v2\/comments?post=592"}],"version-history":[{"count":11,"href":"https:\/\/www.naturisme.lu\/lu\/wp-json\/wp\/v2\/pages\/592\/revisions"}],"predecessor-version":[{"id":2715,"href":"https:\/\/www.naturisme.lu\/lu\/wp-json\/wp\/v2\/pages\/592\/revisions\/2715"}],"wp:attachment":[{"href":"https:\/\/www.naturisme.lu\/lu\/wp-json\/wp\/v2\/media?parent=592"}],"curies":[{"name":"wp","href":"https:\/\/api.w.org\/{rel}","templated":true}]}}