{"id":590,"date":"2024-04-27T13:00:51","date_gmt":"2024-04-27T11:00:51","guid":{"rendered":"https:\/\/www.naturisme.lu\/?page_id=590"},"modified":"2025-07-20T16:17:42","modified_gmt":"2025-07-20T14:17:42","slug":"les-activites","status":"publish","type":"page","link":"https:\/\/www.naturisme.lu\/lu\/les-activites\/","title":{"rendered":"Eis Aktivit\u00e9iten"},"content":{"rendered":"\n<div class=\"wp-block-group\" style=\"font-size:18px\"><div class=\"wp-block-group__inner-container is-layout-constrained wp-block-group-is-layout-constrained\">\n<div class=\"wp-block-columns is-layout-flex wp-container-core-columns-is-layout-9d6595d7 wp-block-columns-is-layout-flex\">\n<div class=\"wp-block-column is-vertically-aligned-center is-layout-flow wp-block-column-is-layout-flow\" style=\"flex-basis:15%\"><\/div>\n\n\n\n<div class=\"wp-block-column has-white-background-color has-background is-layout-flow wp-block-column-is-layout-flow\" style=\"flex-basis:70%\">\n<div class=\"wp-block-group has-white-background-color has-background\"><div class=\"wp-block-group__inner-container is-layout-constrained wp-block-group-is-layout-constrained\">\n<div style=\"height:25px\" aria-hidden=\"true\" class=\"wp-block-spacer\"><\/div>\n\n\n\n<div class=\"wp-block-group has-white-background-color has-background\"><div class=\"wp-block-group__inner-container is-layout-constrained wp-block-group-is-layout-constrained\">\n<p style=\"padding-left: 40px; padding-right: 40px;\">Jiddereen d\u00e4erf, awer kee muss un den ugebuedenen Aktivit\u00e9iten deelhuelen.<\/p>\n<figure class=\"wp-block-table aligncenter is-style-regular\">\n<table>\n<tbody style=\"background: #E8E8E8;\">\n<tr>\n<td class=\"has-text-align-center\" width=\"20%\" data-align=\"center\"><strong>Summer<\/strong><\/td>\n<td class=\"has-text-align-left\" width=\"700px\" data-align=\"left\">Petanque, Volleyball, D\u00ebschtennis, Badminton, Schwammen, Bousch\u00e9issen etc.<\/td>\n<\/tr>\n<tr>\n<td class=\"has-text-align-center\" data-align=\"center\"><strong>Wanter<\/strong><\/td>\n<td class=\"has-text-align-left\" data-align=\"left\">Sauna a Wanderungen<\/td>\n<\/tr>\n<\/tbody>\n<\/table>\n<\/figure>\n<p style=\"padding-left: 40px; padding-right: 40px;\">Wa Memberen interess\u00e9iert sinn, k\u00ebnnen an de Wanterm\u00e9int Sauna-Visitten, Wanderungen a gemeinsam Iessen organis\u00e9iert ginn.<\/p>\n<p style=\"padding-left: 40px; padding-right: 40px;\">Mir huelen och un den Internationale Schwamm- a Petanque-Concoursen deel, d\u00e9i vun der Internationaler Naturiste- Federatioun (INF\/FNI) organis\u00e9iert ginn.<\/p>\n<\/div><\/div>\n<\/div><\/div>\n<\/div>\n\n\n\n<div class=\"wp-block-column is-vertically-aligned-center is-layout-flow wp-block-column-is-layout-flow\" style=\"flex-basis:15%\"><\/div>\n<\/div>\n<\/div><\/div>\n\n\n\n<div style=\"height:25px\" aria-hidden=\"true\" class=\"wp-block-spacer\"><\/div>\n\n\n\n<div class=\"wp-block-group has-white-background-color has-background\"><div class=\"wp-block-group__inner-container is-layout-constrained wp-block-group-is-layout-constrained\">\n<div class=\"wp-block-columns has-black-background-color has-background is-layout-flex wp-container-core-columns-is-layout-9d6595d7 wp-block-columns-is-layout-flex\">\n<div class=\"wp-block-column is-vertically-aligned-center is-layout-flow wp-block-column-is-layout-flow\" style=\"flex-basis:25%\"><div class=\"wp-block-image is-style-rounded\">\n<figure class=\"aligncenter size-full is-resized\"><img loading=\"lazy\" decoding=\"async\" width=\"640\" height=\"480\" src=\"https:\/\/www.naturisme.lu\/wp-content\/uploads\/2024\/05\/Terrain_Activity_01_wo-1.jpg\" alt=\"\" class=\"wp-image-2623\" style=\"width:auto;height:275px\" srcset=\"https:\/\/www.naturisme.lu\/wp-content\/uploads\/2024\/05\/Terrain_Activity_01_wo-1.jpg 640w, https:\/\/www.naturisme.lu\/wp-content\/uploads\/2024\/05\/Terrain_Activity_01_wo-1-300x225.jpg 300w\" sizes=\"auto, (max-width: 640px) 100vw, 640px\" \/><\/figure>\n<\/div><\/div>\n\n\n\n<div class=\"wp-block-column is-vertically-aligned-center is-layout-flow wp-block-column-is-layout-flow\" style=\"flex-basis:25%\"><div class=\"wp-block-image is-style-rounded\">\n<figure class=\"aligncenter size-full is-resized\"><img loading=\"lazy\" decoding=\"async\" width=\"493\" height=\"423\" src=\"https:\/\/www.naturisme.lu\/wp-content\/uploads\/2024\/05\/petanque.jpg\" alt=\"\" class=\"wp-image-1710\" style=\"width:auto;height:290px\" srcset=\"https:\/\/www.naturisme.lu\/wp-content\/uploads\/2024\/05\/petanque.jpg 493w, https:\/\/www.naturisme.lu\/wp-content\/uploads\/2024\/05\/petanque-300x257.jpg 300w\" sizes=\"auto, (max-width: 493px) 100vw, 493px\" \/><\/figure>\n<\/div><\/div>\n\n\n\n<div class=\"wp-block-column is-vertically-aligned-center is-layout-flow wp-block-column-is-layout-flow\" style=\"flex-basis:25%\"><div class=\"wp-block-image is-style-rounded\">\n<figure class=\"aligncenter size-large is-resized\"><img loading=\"lazy\" decoding=\"async\" width=\"768\" height=\"1024\" src=\"https:\/\/www.naturisme.lu\/wp-content\/uploads\/2024\/05\/Terrain_4_wo-768x1024.jpg\" alt=\"\" class=\"wp-image-1718\" style=\"width:auto;height:292px\" srcset=\"https:\/\/www.naturisme.lu\/wp-content\/uploads\/2024\/05\/Terrain_4_wo-768x1024.jpg 768w, https:\/\/www.naturisme.lu\/wp-content\/uploads\/2024\/05\/Terrain_4_wo-225x300.jpg 225w, https:\/\/www.naturisme.lu\/wp-content\/uploads\/2024\/05\/Terrain_4_wo.jpg 1200w\" sizes=\"auto, (max-width: 768px) 100vw, 768px\" \/><\/figure>\n<\/div><\/div>\n\n\n\n<div class=\"wp-block-column is-layout-flow wp-block-column-is-layout-flow\" style=\"flex-basis:25%\"><div class=\"wp-block-image is-style-rounded\">\n<figure class=\"aligncenter size-large is-resized\"><img loading=\"lazy\" decoding=\"async\" width=\"1024\" height=\"768\" src=\"https:\/\/www.naturisme.lu\/wp-content\/uploads\/2025\/07\/AireJeuxEnfant-002-2-1024x768.jpg\" alt=\"\" class=\"wp-image-5722\" style=\"width:auto;height:292px\" srcset=\"https:\/\/www.naturisme.lu\/wp-content\/uploads\/2025\/07\/AireJeuxEnfant-002-2-1024x768.jpg 1024w, https:\/\/www.naturisme.lu\/wp-content\/uploads\/2025\/07\/AireJeuxEnfant-002-2-300x225.jpg 300w, https:\/\/www.naturisme.lu\/wp-content\/uploads\/2025\/07\/AireJeuxEnfant-002-2-768x576.jpg 768w, https:\/\/www.naturisme.lu\/wp-content\/uploads\/2025\/07\/AireJeuxEnfant-002-2.jpg 2048w\" sizes=\"auto, (max-width: 1024px) 100vw, 1024px\" \/><\/figure>\n<\/div><\/div>\n<\/div>\n<\/div><\/div>\n\n\n\n<div class=\"wp-block-group has-white-background-color has-background\"><div class=\"wp-block-group__inner-container is-layout-constrained wp-block-group-is-layout-constrained\">\n<div class=\"wp-block-columns has-black-background-color has-background is-layout-flex wp-container-core-columns-is-layout-9d6595d7 wp-block-columns-is-layout-flex\">\n<div class=\"wp-block-column is-vertically-aligned-center is-layout-flow wp-block-column-is-layout-flow\" style=\"flex-basis:35%\"><div class=\"wp-block-image is-style-rounded\">\n<figure class=\"alignright size-full is-resized\"><img loading=\"lazy\" decoding=\"async\" width=\"640\" height=\"480\" src=\"https:\/\/www.naturisme.lu\/wp-content\/uploads\/2024\/05\/Terrain_11_wo-4.jpg\" alt=\"\" class=\"wp-image-2655\" style=\"width:auto;height:295px\" srcset=\"https:\/\/www.naturisme.lu\/wp-content\/uploads\/2024\/05\/Terrain_11_wo-4.jpg 640w, https:\/\/www.naturisme.lu\/wp-content\/uploads\/2024\/05\/Terrain_11_wo-4-300x225.jpg 300w\" sizes=\"auto, (max-width: 640px) 100vw, 640px\" \/><\/figure>\n<\/div><\/div>\n\n\n\n<div class=\"wp-block-column is-vertically-aligned-center is-layout-flow wp-block-column-is-layout-flow\" style=\"flex-basis:30%\"><div class=\"wp-block-image is-style-rounded\">\n<figure class=\"aligncenter size-full is-resized\"><img loading=\"lazy\" decoding=\"async\" width=\"1200\" height=\"1600\" src=\"https:\/\/www.naturisme.lu\/wp-content\/uploads\/2024\/05\/Terrain_Sauna_wo.jpg\" alt=\"\" class=\"wp-image-1722\" style=\"width:auto;height:290px\" srcset=\"https:\/\/www.naturisme.lu\/wp-content\/uploads\/2024\/05\/Terrain_Sauna_wo.jpg 1200w, https:\/\/www.naturisme.lu\/wp-content\/uploads\/2024\/05\/Terrain_Sauna_wo-225x300.jpg 225w, https:\/\/www.naturisme.lu\/wp-content\/uploads\/2024\/05\/Terrain_Sauna_wo-768x1024.jpg 768w\" sizes=\"auto, (max-width: 1200px) 100vw, 1200px\" \/><\/figure>\n<\/div><\/div>\n\n\n\n<div class=\"wp-block-column is-layout-flow wp-block-column-is-layout-flow\" style=\"flex-basis:35%\"><div class=\"wp-block-image is-style-rounded\">\n<figure class=\"alignleft size-full is-resized\"><img loading=\"lazy\" decoding=\"async\" width=\"919\" height=\"557\" src=\"https:\/\/www.naturisme.lu\/wp-content\/uploads\/2024\/05\/Terrain_Pscine_4_wo.jpg\" alt=\"\" class=\"wp-image-1892\" style=\"width:auto;height:295px\" srcset=\"https:\/\/www.naturisme.lu\/wp-content\/uploads\/2024\/05\/Terrain_Pscine_4_wo.jpg 919w, https:\/\/www.naturisme.lu\/wp-content\/uploads\/2024\/05\/Terrain_Pscine_4_wo-300x182.jpg 300w, https:\/\/www.naturisme.lu\/wp-content\/uploads\/2024\/05\/Terrain_Pscine_4_wo-768x465.jpg 768w\" sizes=\"auto, (max-width: 919px) 100vw, 919px\" \/><\/figure>\n<\/div><\/div>\n<\/div>\n<\/div><\/div>\n\n\n\n<div class=\"wp-block-group has-white-background-color has-background\"><div class=\"wp-block-group__inner-container is-layout-constrained wp-block-group-is-layout-constrained\">\n<div class=\"wp-block-columns has-black-background-color has-background is-layout-flex wp-container-core-columns-is-layout-9d6595d7 wp-block-columns-is-layout-flex\">\n<div class=\"wp-block-column is-vertically-aligned-center is-layout-flow wp-block-column-is-layout-flow\" style=\"flex-basis:40%\"><div class=\"wp-block-image is-style-rounded\">\n<figure class=\"alignright size-full is-resized\"><img loading=\"lazy\" decoding=\"async\" width=\"1920\" height=\"2560\" src=\"https:\/\/www.naturisme.lu\/wp-content\/uploads\/2024\/09\/20240526_101313750_iOS-scaled.jpeg\" alt=\"\" class=\"wp-image-5113\" style=\"width:auto;height:295px\" srcset=\"https:\/\/www.naturisme.lu\/wp-content\/uploads\/2024\/09\/20240526_101313750_iOS-scaled.jpeg 1920w, https:\/\/www.naturisme.lu\/wp-content\/uploads\/2024\/09\/20240526_101313750_iOS-225x300.jpeg 225w, https:\/\/www.naturisme.lu\/wp-content\/uploads\/2024\/09\/20240526_101313750_iOS-768x1024.jpeg 768w\" sizes=\"auto, (max-width: 1920px) 100vw, 1920px\" \/><\/figure>\n<\/div><\/div>\n\n\n\n<div class=\"wp-block-column is-vertically-aligned-center is-layout-flow wp-block-column-is-layout-flow\" style=\"flex-basis:60%\"><div class=\"wp-block-image is-style-rounded\">\n<figure class=\"aligncenter size-full is-resized\"><img loading=\"lazy\" decoding=\"async\" width=\"1600\" height=\"777\" src=\"https:\/\/www.naturisme.lu\/wp-content\/uploads\/2024\/09\/20240714_154911000_iOS-6.jpg\" alt=\"\" class=\"wp-image-5117\" style=\"width:auto;height:290px\" srcset=\"https:\/\/www.naturisme.lu\/wp-content\/uploads\/2024\/09\/20240714_154911000_iOS-6.jpg 1600w, https:\/\/www.naturisme.lu\/wp-content\/uploads\/2024\/09\/20240714_154911000_iOS-6-300x146.jpg 300w, https:\/\/www.naturisme.lu\/wp-content\/uploads\/2024\/09\/20240714_154911000_iOS-6-1024x497.jpg 1024w, https:\/\/www.naturisme.lu\/wp-content\/uploads\/2024\/09\/20240714_154911000_iOS-6-768x373.jpg 768w\" sizes=\"auto, (max-width: 1600px) 100vw, 1600px\" \/><\/figure>\n<\/div><\/div>\n<\/div>\n<\/div><\/div>\n","protected":false},"excerpt":{"rendered":"<p>Jiddereen d\u00e4erf, awer kee muss un den ugebuedenen Aktivit\u00e9iten deelhuelen. Summer Petanque, Volleyball, D\u00ebschtennis, Badminton, Schwammen, Bousch\u00e9issen etc. Wanter Sauna a Wanderungen Wa Memberen interess\u00e9iert sinn, k\u00ebnnen an de Wanterm\u00e9int Sauna-Visitten, Wanderungen a gemeinsam Iessen organis\u00e9iert ginn. Mir huelen och un den Internationale Schwamm- a Petanque-Concoursen deel, d\u00e9i vun der Internationaler Naturiste- Federatioun (INF\/FNI) organis\u00e9iert ginn.<\/p>\n","protected":false},"author":2,"featured_media":0,"parent":0,"menu_order":0,"comment_status":"closed","ping_status":"closed","template":"","meta":{"footnotes":""},"class_list":["post-590","page","type-page","status-publish","hentry"],"_links":{"self":[{"href":"https:\/\/www.naturisme.lu\/lu\/wp-json\/wp\/v2\/pages\/590","targetHints":{"allow":["GET"]}}],"collection":[{"href":"https:\/\/www.naturisme.lu\/lu\/wp-json\/wp\/v2\/pages"}],"about":[{"href":"https:\/\/www.naturisme.lu\/lu\/wp-json\/wp\/v2\/types\/page"}],"author":[{"embeddable":true,"href":"https:\/\/www.naturisme.lu\/lu\/wp-json\/wp\/v2\/users\/2"}],"replies":[{"embeddable":true,"href":"https:\/\/www.naturisme.lu\/lu\/wp-json\/wp\/v2\/comments?post=590"}],"version-history":[{"count":15,"href":"https:\/\/www.naturisme.lu\/lu\/wp-json\/wp\/v2\/pages\/590\/revisions"}],"predecessor-version":[{"id":5726,"href":"https:\/\/www.naturisme.lu\/lu\/wp-json\/wp\/v2\/pages\/590\/revisions\/5726"}],"wp:attachment":[{"href":"https:\/\/www.naturisme.lu\/lu\/wp-json\/wp\/v2\/media?parent=590"}],"curies":[{"name":"wp","href":"https:\/\/api.w.org\/{rel}","templated":true}]}}