{"id":588,"date":"2024-04-27T12:46:42","date_gmt":"2024-04-27T10:46:42","guid":{"rendered":"https:\/\/www.naturisme.lu\/?page_id=588"},"modified":"2024-12-08T12:37:23","modified_gmt":"2024-12-08T11:37:23","slug":"le-terrain-de-recreation-naturiste","status":"publish","type":"page","link":"https:\/\/www.naturisme.lu\/lu\/le-terrain-de-recreation-naturiste\/","title":{"rendered":"Eisen Naturisten-Terrain"},"content":{"rendered":"\n<div class=\"wp-block-group has-white-background-color has-background\"><div class=\"wp-block-group__inner-container is-layout-constrained wp-block-group-is-layout-constrained\">\n<div class=\"wp-block-columns has-black-background-color has-background is-layout-flex wp-container-core-columns-is-layout-9d6595d7 wp-block-columns-is-layout-flex\">\n<div class=\"wp-block-column is-vertically-aligned-center is-layout-flow wp-block-column-is-layout-flow\"><div class=\"wp-block-image is-style-rounded\">\n<figure class=\"aligncenter size-full is-resized\"><img loading=\"lazy\" decoding=\"async\" width=\"1000\" height=\"750\" src=\"https:\/\/www.naturisme.lu\/wp-content\/uploads\/2024\/05\/Terrain_ClubHouse_wo.jpg\" alt=\"\" class=\"wp-image-1599\" style=\"width:auto;height:275px\" srcset=\"https:\/\/www.naturisme.lu\/wp-content\/uploads\/2024\/05\/Terrain_ClubHouse_wo.jpg 1000w, https:\/\/www.naturisme.lu\/wp-content\/uploads\/2024\/05\/Terrain_ClubHouse_wo-300x225.jpg 300w, https:\/\/www.naturisme.lu\/wp-content\/uploads\/2024\/05\/Terrain_ClubHouse_wo-768x576.jpg 768w\" sizes=\"auto, (max-width: 1000px) 100vw, 1000px\" \/><\/figure>\n<\/div>\n\n\n<div style=\"height:25px\" aria-hidden=\"true\" class=\"wp-block-spacer\"><\/div>\n<\/div>\n\n\n\n<div class=\"wp-block-column is-vertically-aligned-center is-layout-flow wp-block-column-is-layout-flow\"><div class=\"wp-block-image is-style-rounded\">\n<figure class=\"aligncenter size-full is-resized\"><img loading=\"lazy\" decoding=\"async\" width=\"960\" height=\"540\" src=\"https:\/\/www.naturisme.lu\/wp-content\/uploads\/2024\/05\/Terrain_7_wo.jpg\" alt=\"\" class=\"wp-image-1698\" style=\"width:auto;height:275px\" srcset=\"https:\/\/www.naturisme.lu\/wp-content\/uploads\/2024\/05\/Terrain_7_wo.jpg 960w, https:\/\/www.naturisme.lu\/wp-content\/uploads\/2024\/05\/Terrain_7_wo-300x169.jpg 300w, https:\/\/www.naturisme.lu\/wp-content\/uploads\/2024\/05\/Terrain_7_wo-768x432.jpg 768w\" sizes=\"auto, (max-width: 960px) 100vw, 960px\" \/><\/figure>\n<\/div>\n\n\n<div style=\"height:25px\" aria-hidden=\"true\" class=\"wp-block-spacer\"><\/div>\n<\/div>\n\n\n\n<div class=\"wp-block-column is-vertically-aligned-center is-layout-flow wp-block-column-is-layout-flow\"><div class=\"wp-block-image is-style-rounded\">\n<figure class=\"aligncenter size-full is-resized\"><img loading=\"lazy\" decoding=\"async\" width=\"1008\" height=\"756\" src=\"https:\/\/www.naturisme.lu\/wp-content\/uploads\/2024\/05\/Terrain_1_wo.jpg\" alt=\"\" class=\"wp-image-1591\" style=\"width:auto;height:275px\" srcset=\"https:\/\/www.naturisme.lu\/wp-content\/uploads\/2024\/05\/Terrain_1_wo.jpg 1008w, https:\/\/www.naturisme.lu\/wp-content\/uploads\/2024\/05\/Terrain_1_wo-300x225.jpg 300w, https:\/\/www.naturisme.lu\/wp-content\/uploads\/2024\/05\/Terrain_1_wo-768x576.jpg 768w\" sizes=\"auto, (max-width: 1008px) 100vw, 1008px\" \/><\/figure>\n<\/div>\n\n\n<div style=\"height:25px\" aria-hidden=\"true\" class=\"wp-block-spacer\"><\/div>\n<\/div>\n\n\n\n<div class=\"wp-block-column is-vertically-aligned-center is-layout-flow wp-block-column-is-layout-flow\"><div class=\"wp-block-image is-style-rounded\">\n<figure class=\"aligncenter size-full is-resized\"><img loading=\"lazy\" decoding=\"async\" width=\"1600\" height=\"1200\" src=\"https:\/\/www.naturisme.lu\/wp-content\/uploads\/2024\/05\/Terrain_5_wo.jpg\" alt=\"\" class=\"wp-image-1729\" style=\"width:auto;height:275px\" srcset=\"https:\/\/www.naturisme.lu\/wp-content\/uploads\/2024\/05\/Terrain_5_wo.jpg 1600w, https:\/\/www.naturisme.lu\/wp-content\/uploads\/2024\/05\/Terrain_5_wo-300x225.jpg 300w, https:\/\/www.naturisme.lu\/wp-content\/uploads\/2024\/05\/Terrain_5_wo-1024x768.jpg 1024w, https:\/\/www.naturisme.lu\/wp-content\/uploads\/2024\/05\/Terrain_5_wo-768x576.jpg 768w\" sizes=\"auto, (max-width: 1600px) 100vw, 1600px\" \/><\/figure>\n<\/div>\n\n\n<div style=\"height:20px\" aria-hidden=\"true\" class=\"wp-block-spacer\"><\/div>\n<\/div>\n<\/div>\n<\/div><\/div>\n\n\n\n<div class=\"wp-block-group\" style=\"font-size:18px\"><div class=\"wp-block-group__inner-container is-layout-constrained wp-block-group-is-layout-constrained\">\n<div class=\"wp-block-columns is-layout-flex wp-container-core-columns-is-layout-9d6595d7 wp-block-columns-is-layout-flex\">\n<div class=\"wp-block-column is-vertically-aligned-center has-black-background-color has-background is-layout-flow wp-block-column-is-layout-flow\" style=\"flex-basis:10%\"><\/div>\n\n\n\n<div class=\"wp-block-column has-white-background-color has-background is-layout-flow wp-block-column-is-layout-flow\" style=\"flex-basis:55%\">\n<div class=\"wp-block-columns has-white-background-color has-background is-layout-flex wp-container-core-columns-is-layout-9d6595d7 wp-block-columns-is-layout-flex\">\n<div class=\"wp-block-column has-white-background-color has-background is-layout-flow wp-block-column-is-layout-flow\" style=\"flex-basis:98%\">\n<div style=\"height:25px\" aria-hidden=\"true\" class=\"wp-block-spacer\"><\/div>\n\n\n\n<p style=\"padding-left: 40px; padding-right: 40px; text-align: justify;\">Eist \u201cklengt Parad\u00e4is\u201d ass s\u00e9ier an einfach z\u2019erreechen. Et l\u00e4it an enger natierlecher B\u00ebschlandschaft. D\u00ebs Plaz ass ausschliisslech geduecht fir eise Membere Fridden an Entspanung, ewech vun der \u00fcblecher Touristemass, unzebidden.<\/p>\n<p style=\"padding-left: 40px; padding-right: 40px; text-align: justify;\">\u00cbnnert de Sportsanlagen bidde mir e P\u00e9tanque Terrain, D\u00ebschtennis, Volleyball, Bousch\u00e9issen, etc., souw\u00e9i eng kleng Sauna.<\/p>\n<p style=\"padding-left: 40px;\">Fir d\u00e9i Kleng g\u00ebtt et eng Kloterstruktur mat Schaukel a Rutsch.<\/p>\n<p style=\"padding-left: 40px; padding-right: 40px; text-align: justify;\">Eis Memberen hunn zur Verf\u00fcgung gestallt eng grouss solar geh\u00ebtzt Schw\u00e4mm mat engem Duerchmiesser vun &gt; 8 m an enger D\u00e9ift vun 1,20 m g\u00ebeegent fir Schwammen. D\u00ebs Schw\u00e4mm g\u00ebtt net iwwerwaacht a kann n\u00ebmme vu Leit benotzt ginn, d\u00e9i Kanner schwamme k\u00ebnnen, musse vun enger verantwortlecher Persoun begleet ginn.<\/p>\n<p style=\"padding-left: 40px; padding-right: 40px; text-align: justify;\">Verschidden Duschen, deels mat Solarenergie geh\u00ebtzt, erlaben Iech ofkillen. Et ginn och Toiletten an \u00cbnnerdaach fir pers\u00e9inlech Lounge Still ze lounen.<\/p>\n<p style=\"padding-left: 40px; padding-right: 40px; text-align: justify;\">En oppene Grill ass och fir d&#8217;Memberen zur Verf\u00fcgung, wou Dir \u00c4ert eegent Gegrills prepar\u00e9iere k\u00ebnnt.<\/p>\n<p style=\"padding-left: 40px; padding-right: 40px; text-align: justify;\">Leider ass et verbueden d&#8217;Nuecht um Site ze verbr\u00e9ngen.<\/p>\n<ul>\n<li style=\"list-style-type: none;\">\u00a0<\/li>\n<\/ul>\n<\/div>\n<\/div>\n<\/div>\n\n\n\n<div class=\"wp-block-column is-vertically-aligned-center has-black-background-color has-background is-layout-flow wp-block-column-is-layout-flow\" style=\"flex-basis:25%\"><div class=\"wp-block-image is-style-default\">\n<figure class=\"aligncenter size-full\"><img loading=\"lazy\" decoding=\"async\" width=\"354\" height=\"387\" src=\"https:\/\/www.naturisme.lu\/wp-content\/uploads\/2024\/05\/Terrain_Piscine_1_wo-3.jpg\" alt=\"\" class=\"wp-image-1743\" srcset=\"https:\/\/www.naturisme.lu\/wp-content\/uploads\/2024\/05\/Terrain_Piscine_1_wo-3.jpg 354w, https:\/\/www.naturisme.lu\/wp-content\/uploads\/2024\/05\/Terrain_Piscine_1_wo-3-274x300.jpg 274w\" sizes=\"auto, (max-width: 354px) 100vw, 354px\" \/><\/figure>\n<\/div><\/div>\n\n\n\n<div class=\"wp-block-column is-vertically-aligned-center has-black-background-color has-background is-layout-flow wp-block-column-is-layout-flow\" style=\"flex-basis:10%\"><\/div>\n<\/div>\n<\/div><\/div>\n\n\n\n<div style=\"height:25px\" aria-hidden=\"true\" class=\"wp-block-spacer\"><\/div>\n\n\n\n<div class=\"wp-block-group\" style=\"font-size:18px\"><div class=\"wp-block-group__inner-container is-layout-constrained wp-block-group-is-layout-constrained\">\n<div class=\"wp-block-columns is-layout-flex wp-container-core-columns-is-layout-9d6595d7 wp-block-columns-is-layout-flex\">\n<div class=\"wp-block-column is-vertically-aligned-center has-black-background-color has-background is-layout-flow wp-block-column-is-layout-flow\" style=\"flex-basis:25%\">\n<figure class=\"wp-block-image size-large is-style-rounded\"><img loading=\"lazy\" decoding=\"async\" width=\"1024\" height=\"768\" src=\"https:\/\/www.naturisme.lu\/wp-content\/uploads\/2024\/05\/Terrain_3_wo-1024x768.jpg\" alt=\"\" class=\"wp-image-1714\" srcset=\"https:\/\/www.naturisme.lu\/wp-content\/uploads\/2024\/05\/Terrain_3_wo-1024x768.jpg 1024w, https:\/\/www.naturisme.lu\/wp-content\/uploads\/2024\/05\/Terrain_3_wo-300x225.jpg 300w, https:\/\/www.naturisme.lu\/wp-content\/uploads\/2024\/05\/Terrain_3_wo-768x576.jpg 768w, https:\/\/www.naturisme.lu\/wp-content\/uploads\/2024\/05\/Terrain_3_wo.jpg 1600w\" sizes=\"auto, (max-width: 1024px) 100vw, 1024px\" \/><\/figure>\n<\/div>\n\n\n\n<div class=\"wp-block-column has-white-background-color has-background is-layout-flow wp-block-column-is-layout-flow\" style=\"flex-basis:45%\">\n<div class=\"wp-block-columns has-white-background-color has-background is-layout-flex wp-container-core-columns-is-layout-9d6595d7 wp-block-columns-is-layout-flex\">\n<div class=\"wp-block-column has-white-background-color has-background is-layout-flow wp-block-column-is-layout-flow\" style=\"flex-basis:98%\">\n<div style=\"height:25px\" aria-hidden=\"true\" class=\"wp-block-spacer\"><\/div>\n\n\n\n<ul>\n<li style=\"list-style-type: none;\">\n<ul>\n<li><strong style=\"font-size: 20px;\">Fir dat allgemengt Wuelbefannen<\/strong>:<br \/>Ver\u00e4inschalet, Sanit\u00e4ranlag mat kalen a waarmen Duschen, Kollektivbarbecue, vu Juni bis August, 55m2 solargeh\u00ebtzte Schw\u00e4mm, Parkplazen op der Plaz selwer.\n<\/li>\n<li><strong style=\"font-size: 20px;\">Fir Fridden, Entspanung, a sech sonnen ouni Str\u00e4ifen<\/strong>:<br \/>Zwou Wisen, jiddereng 1,5 Hektar.\n<\/li>\n<li><strong style=\"font-size: 20px;\">Fir d\u00e9i Kleng<\/strong>:<br \/>Spillplaz mat Schaukelen a Rutschban.\n<\/li>\n<li><strong style=\"font-size: 20px;\">Fir d&#8217;Sportler<\/strong>:<br \/>Petanque-Terrain, Volleyball, Badminton, D\u00ebschtennis, Bousch\u00e9issen, etc.\n<\/li>\n<li><strong style=\"font-size: 20px;\">Fir S\u00e9cherheetszwecker<\/strong>:<br \/>e modernen Iwwerwaachungssystem.<\/li>\n<\/ul>\n<\/li>\n<\/ul>\n\n\n\n<div style=\"height:25px\" aria-hidden=\"true\" class=\"wp-block-spacer\"><\/div>\n<\/div>\n<\/div>\n<\/div>\n\n\n\n<div class=\"wp-block-column is-vertically-aligned-center is-layout-flow wp-block-column-is-layout-flow\" style=\"flex-basis:30%\">\n<figure class=\"wp-block-image size-full is-style-rounded\"><img loading=\"lazy\" decoding=\"async\" width=\"1230\" height=\"777\" src=\"https:\/\/www.naturisme.lu\/wp-content\/uploads\/2024\/05\/Terrain_activity_2b_wo-2.jpg\" alt=\"\" class=\"wp-image-2760\" srcset=\"https:\/\/www.naturisme.lu\/wp-content\/uploads\/2024\/05\/Terrain_activity_2b_wo-2.jpg 1230w, https:\/\/www.naturisme.lu\/wp-content\/uploads\/2024\/05\/Terrain_activity_2b_wo-2-300x190.jpg 300w, https:\/\/www.naturisme.lu\/wp-content\/uploads\/2024\/05\/Terrain_activity_2b_wo-2-1024x647.jpg 1024w, https:\/\/www.naturisme.lu\/wp-content\/uploads\/2024\/05\/Terrain_activity_2b_wo-2-768x485.jpg 768w\" sizes=\"auto, (max-width: 1230px) 100vw, 1230px\" \/><\/figure>\n<\/div>\n<\/div>\n<\/div><\/div>\n","protected":false},"excerpt":{"rendered":"<p>Eist \u201cklengt Parad\u00e4is\u201d ass s\u00e9ier an einfach z\u2019erreechen. Et l\u00e4it an enger natierlecher B\u00ebschlandschaft. D\u00ebs Plaz ass ausschliisslech geduecht fir eise Membere Fridden an Entspanung, ewech vun der \u00fcblecher Touristemass, unzebidden. \u00cbnnert de Sportsanlagen bidde mir e P\u00e9tanque Terrain, D\u00ebschtennis, Volleyball, Bousch\u00e9issen, etc., souw\u00e9i eng kleng Sauna. Fir d\u00e9i Kleng g\u00ebtt et eng Kloterstruktur mat Schaukel a Rutsch. Eis Memberen hunn zur Verf\u00fcgung gestallt eng grouss solar geh\u00ebtzt Schw\u00e4mm mat engem Duerchmiesser vun &gt; 8 m an enger D\u00e9ift vun 1,20 m g\u00ebeegent fir Schwammen. D\u00ebs Schw\u00e4mm g\u00ebtt net iwwerwaacht a kann n\u00ebmme vu Leit benotzt ginn, d\u00e9i Kanner schwamme k\u00ebnnen, musse vun enger verantwortlecher Persoun begleet ginn. Verschidden Duschen, deels mat Solarenergie geh\u00ebtzt, erlaben Iech ofkillen. Et ginn och Toiletten an \u00cbnnerdaach fir pers\u00e9inlech Lounge Still ze lounen. En oppene Grill ass och fir d&#8217;Memberen zur Verf\u00fcgung, wou Dir \u00c4ert eegent Gegrills prepar\u00e9iere k\u00ebnnt. Leider ass et verbueden d&#8217;Nuecht um Site ze verbr\u00e9ngen. \u00a0 Fir dat allgemengt Wuelbefannen:Ver\u00e4inschalet, Sanit\u00e4ranlag mat kalen a waarmen Duschen, Kollektivbarbecue, vu Juni bis August, 55m2 solargeh\u00ebtzte Schw\u00e4mm, Parkplazen op der Plaz selwer. Fir Fridden, Entspanung, a sech sonnen ouni Str\u00e4ifen:Zwou Wisen, jiddereng 1,5 Hektar. Fir d\u00e9i Kleng:Spillplaz mat Schaukelen a Rutschban. Fir d&#8217;Sportler:Petanque-Terrain, Volleyball, Badminton, D\u00ebschtennis, Bousch\u00e9issen, etc. Fir S\u00e9cherheetszwecker:e modernen Iwwerwaachungssystem.<\/p>\n","protected":false},"author":2,"featured_media":0,"parent":0,"menu_order":0,"comment_status":"closed","ping_status":"closed","template":"","meta":{"footnotes":""},"class_list":["post-588","page","type-page","status-publish","hentry"],"_links":{"self":[{"href":"https:\/\/www.naturisme.lu\/lu\/wp-json\/wp\/v2\/pages\/588","targetHints":{"allow":["GET"]}}],"collection":[{"href":"https:\/\/www.naturisme.lu\/lu\/wp-json\/wp\/v2\/pages"}],"about":[{"href":"https:\/\/www.naturisme.lu\/lu\/wp-json\/wp\/v2\/types\/page"}],"author":[{"embeddable":true,"href":"https:\/\/www.naturisme.lu\/lu\/wp-json\/wp\/v2\/users\/2"}],"replies":[{"embeddable":true,"href":"https:\/\/www.naturisme.lu\/lu\/wp-json\/wp\/v2\/comments?post=588"}],"version-history":[{"count":20,"href":"https:\/\/www.naturisme.lu\/lu\/wp-json\/wp\/v2\/pages\/588\/revisions"}],"predecessor-version":[{"id":5174,"href":"https:\/\/www.naturisme.lu\/lu\/wp-json\/wp\/v2\/pages\/588\/revisions\/5174"}],"wp:attachment":[{"href":"https:\/\/www.naturisme.lu\/lu\/wp-json\/wp\/v2\/media?parent=588"}],"curies":[{"name":"wp","href":"https:\/\/api.w.org\/{rel}","templated":true}]}}