{"id":586,"date":"2024-04-27T13:01:55","date_gmt":"2024-04-27T11:01:55","guid":{"rendered":"https:\/\/www.naturisme.lu\/?page_id=586"},"modified":"2026-01-04T21:10:46","modified_gmt":"2026-01-04T20:10:46","slug":"presentation-de-lassociation","status":"publish","type":"page","link":"https:\/\/www.naturisme.lu\/lu\/presentation-de-lassociation\/","title":{"rendered":"Presentatioun vun\u00a0eisem Ver\u00e4in"},"content":{"rendered":"\n<div class=\"wp-block-group has-white-background-color has-background\"><div class=\"wp-block-group__inner-container is-layout-constrained wp-block-group-is-layout-constrained\">\n<div class=\"wp-block-columns is-layout-flex wp-container-core-columns-is-layout-9d6595d7 wp-block-columns-is-layout-flex\">\n<div class=\"wp-block-column is-layout-flow wp-block-column-is-layout-flow\" style=\"flex-basis:12%\"><\/div>\n\n\n\n<div class=\"wp-block-column is-vertically-aligned-center is-layout-flow wp-block-column-is-layout-flow\" style=\"flex-basis:50%\">\n<div class=\"wp-block-group\" style=\"font-size:18px\"><div class=\"wp-block-group__inner-container is-layout-constrained wp-block-group-is-layout-constrained\">\n<p style=\"font-size:18px\">Mir w\u00ebllen eisen&nbsp;<strong>Naturiste (FKK)-Ver\u00e4in<\/strong>&nbsp;kuerz virstellen, deen als eelsten Naturiste-Verband zu L\u00ebtzebuerg 1980 \u00ebnner dem Numm \u201cLes Naturistes Luxembourgeois\u201d asbl gegr\u00ebnnt gouf an 1994 an \u201c<strong>Sports et Loisirs Naturistes, Luxembourg<\/strong>\u201d asbl&nbsp;<strong>(SLNL)&nbsp;<\/strong>\u00ebmbenannt gouf.<\/p>\n<\/div><\/div>\n<\/div>\n\n\n\n<div class=\"wp-block-column is-layout-flow wp-block-column-is-layout-flow\" style=\"flex-basis:25%\">\n<div class=\"wp-block-group\"><div class=\"wp-block-group__inner-container is-layout-constrained wp-block-group-is-layout-constrained\">\n<div style=\"height:30px\" aria-hidden=\"true\" class=\"wp-block-spacer\"><\/div>\n\n\n<div class=\"wp-block-image\">\n<figure class=\"aligncenter size-full is-resized\"><img loading=\"lazy\" decoding=\"async\" width=\"512\" height=\"503\" src=\"https:\/\/www.naturisme.lu\/wp-content\/uploads\/2026\/01\/SLNL_Logo_FlagNickName_512x512.webp\" alt=\"\" class=\"wp-image-6047\" style=\"width:225px\" srcset=\"https:\/\/www.naturisme.lu\/wp-content\/uploads\/2026\/01\/SLNL_Logo_FlagNickName_512x512.webp 512w, https:\/\/www.naturisme.lu\/wp-content\/uploads\/2026\/01\/SLNL_Logo_FlagNickName_512x512-300x295.webp 300w\" sizes=\"auto, (max-width: 512px) 100vw, 512px\" \/><\/figure>\n<\/div>\n\n\n<p class=\"has-text-align-center\" style=\"font-size:18px\"><em>Sports et Loisirs Naturistes, Luxembourg, asbl<br><\/em>(SLNL)<\/p>\n<\/div><\/div>\n<\/div>\n<\/div>\n<\/div><\/div>\n\n\n\n<div class=\"wp-block-group has-white-color has-black-background-color has-text-color has-background has-link-color wp-elements-26c20feb4a00f87081e704945cfc9199\"><div class=\"wp-block-group__inner-container is-layout-constrained wp-block-group-is-layout-constrained\">\n<div class=\"wp-block-columns is-layout-flex wp-container-core-columns-is-layout-9d6595d7 wp-block-columns-is-layout-flex\">\n<div class=\"wp-block-column is-layout-flow wp-block-column-is-layout-flow\" style=\"flex-basis:25%\">\n<div class=\"wp-block-group\"><div class=\"wp-block-group__inner-container is-layout-constrained wp-block-group-is-layout-constrained\">\n<div style=\"height:30px\" aria-hidden=\"true\" class=\"wp-block-spacer\"><\/div>\n\n\n<div class=\"wp-block-image\">\n<figure class=\"aligncenter size-full is-resized\"><img loading=\"lazy\" decoding=\"async\" width=\"225\" height=\"225\" src=\"https:\/\/www.naturisme.lu\/wp-content\/uploads\/2024\/05\/Logo_INF-FNI_Short_Transparent.png\" alt=\"\" class=\"wp-image-1500\" style=\"width:250px\" srcset=\"https:\/\/www.naturisme.lu\/wp-content\/uploads\/2024\/05\/Logo_INF-FNI_Short_Transparent.png 225w, https:\/\/www.naturisme.lu\/wp-content\/uploads\/2024\/05\/Logo_INF-FNI_Short_Transparent-150x150.png 150w\" sizes=\"auto, (max-width: 225px) 100vw, 225px\" \/><\/figure>\n<\/div>\n\n\n<p class=\"has-text-align-center\" style=\"font-size:18px\"><em><em>International&nbsp;Naturiste<\/em><br><em>Federatioun<\/em><\/em><br>(INF-FNI)<\/p>\n<\/div><\/div>\n<\/div>\n\n\n\n<div class=\"wp-block-column is-vertically-aligned-center is-layout-flow wp-block-column-is-layout-flow\" style=\"flex-basis:45%\">\n<div class=\"wp-block-group\" style=\"font-size:18px\"><div class=\"wp-block-group__inner-container is-layout-constrained wp-block-group-is-layout-constrained\">\n<p style=\"font-size:18px\">Mir sinn iwwer d <a href=\"http:\/\/www.felunat.lu\">L\u00ebtzebuerger Naturiste<strong>\u2013<\/strong>&nbsp;Federatioun&nbsp;<strong>(FLN)<\/strong><\/a> un d\u00e9i <a href=\"https:\/\/inf-fni.org\/\">International Naturiste<strong>\u2013<\/strong>Federatioun&nbsp;<strong>(INF-FNI)<\/strong><\/a>&nbsp;ugebonnen, a sinn doduerch Member vun der weltw\u00e4iter Naturisten<strong>\u2013<\/strong>Organisatioun. <\/p>\n\n\n\n<p style=\"font-size:18px\">All Member huet d\u2019Recht op eng International Naturiste<strong>\u2013<\/strong>Lizenz (Vakanzekaart), d\u00e9i vun der&nbsp;<strong>INF\/FLN<\/strong>&nbsp;ausgestallt g\u00ebtt. D\u00ebs Lizenz g\u00ebtt Iech Zougang zu all Naturiste<strong>\u2013<\/strong>Ber\u00e4icher a Vakanzenzentren<strong>,<\/strong>&nbsp;d\u00e9i weltw\u00e4it vun der Internationaler Naturiste<strong>\u2013<\/strong>Federatioun unerkannt sinn.<\/p>\n<\/div><\/div>\n<\/div>\n\n\n\n<div class=\"wp-block-column is-layout-flow wp-block-column-is-layout-flow\" style=\"flex-basis:25%\">\n<div class=\"wp-block-group\"><div class=\"wp-block-group__inner-container is-layout-constrained wp-block-group-is-layout-constrained\">\n<div style=\"height:30px\" aria-hidden=\"true\" class=\"wp-block-spacer\"><\/div>\n\n\n<div class=\"wp-block-image\">\n<figure class=\"aligncenter size-large is-resized\"><img loading=\"lazy\" decoding=\"async\" width=\"921\" height=\"1024\" src=\"https:\/\/www.naturisme.lu\/wp-content\/uploads\/2025\/12\/FLN_Logo_FlagNickNameText2-921x1024.png\" alt=\"\" class=\"wp-image-6035\" style=\"width:200px\" srcset=\"https:\/\/www.naturisme.lu\/wp-content\/uploads\/2025\/12\/FLN_Logo_FlagNickNameText2-921x1024.png 921w, https:\/\/www.naturisme.lu\/wp-content\/uploads\/2025\/12\/FLN_Logo_FlagNickNameText2-270x300.png 270w, https:\/\/www.naturisme.lu\/wp-content\/uploads\/2025\/12\/FLN_Logo_FlagNickNameText2-768x854.png 768w, https:\/\/www.naturisme.lu\/wp-content\/uploads\/2025\/12\/FLN_Logo_FlagNickNameText2.png 1032w\" sizes=\"auto, (max-width: 921px) 100vw, 921px\" \/><\/figure>\n<\/div>\n\n\n<p class=\"has-text-align-center\" style=\"font-size:18px\"><em><em>L\u00ebtzebuerger&nbsp;Naturiste<\/em><br><em>Federatioun, asbl<\/em><\/em><br>(FLN)<\/p>\n<\/div><\/div>\n<\/div>\n<\/div>\n<\/div><\/div>\n\n\n\n<div class=\"wp-block-group has-white-background-color has-background\" style=\"font-size:18px\"><div class=\"wp-block-group__inner-container is-layout-constrained wp-block-group-is-layout-constrained\">\n<div class=\"wp-block-columns is-layout-flex wp-container-core-columns-is-layout-9d6595d7 wp-block-columns-is-layout-flex\">\n<div class=\"wp-block-column is-layout-flow wp-block-column-is-layout-flow\" style=\"flex-basis:15%\"><\/div>\n\n\n\n<div class=\"wp-block-column is-layout-flow wp-block-column-is-layout-flow\" style=\"flex-basis:70%\">\n<div style=\"height:25px\" aria-hidden=\"true\" class=\"wp-block-spacer\"><\/div>\n\n\n\n<p align=\"justify\">Z\u00ebnter 1987 ass eise Ver\u00e4in Proprietaire vun engem 4 Hektar groussen Naturisten (FKK)<strong>&#8211;<\/strong> Terrain<strong>,<\/strong> dee no bei der Stad l\u00e4it, matten am B\u00ebsch mat grousse fr\u00e4ie Plaze fir sech ze sonnen, sech ze entspanen oder Sport ze maachen &#8211; eisem sougenannte klenge &#8220;Parad\u00e4is&#8221;.<\/p>\n<p align=\"justify\">D\u00ebse &#8220;Parad\u00e4is&#8221; soll eise Membere Rou an Entspanung ubidden, ewech vun dem gewinnten Touristerummel aus anere Fr\u00e4iz\u00e4it- oder Vakanzenzentren.<br \/>Egal ob Dir Iech n\u00ebmme roueg plakeg sonne w\u00ebllt oder e b\u00ebsse Sport maache w\u00ebllt, et ass fir jiddereen eppes derb\u00e4i.<\/p>\n<p align=\"justify\">Wat Sportsinstallatiounen ugeet, bidde mir e Petanque-Terrain, D\u00ebschtennis, Volleyball, Bousch\u00e9issen, etc., souw\u00e9i eng kleng Sauna un. Et steet och en oppene Grill zur Verf\u00fcgung, wou Dir \u00c4ert eege Gegrilltes prepar\u00e9iere k\u00ebnnt.<\/p>\n<p align=\"justify\">Fir d\u2019Kanner g\u00ebtt et eng kleng Spillplaz mat Schaukelen a Rutschban.<\/p>\n<p>Eis Memberen hunn Acc\u00e8s zu enger grousser solar geh\u00ebtzter Schw\u00e4mm mat engem Duerchmiesser vun &gt; 8 Meter an enger D\u00e9ift vun 1,20 Meter. D\u00ebse Baseng g\u00ebtt net iwwerwaacht a kann n\u00ebmme vu Leit benotzt ginn d\u00e9i schwamme k\u00ebnnen, Kanner n\u00ebmmen, wann se vun engem Elterendeel begleet sinn.<\/p>\n<p>Ofkille kann een sech a verschiddenen, och sonnegeh\u00ebtzten Duschen.<\/p>\n<p align=\"justify\">Et g\u00ebtt och ee Sanit\u00e4rber\u00e4ich mat Toiletten an Dusch, esou w\u00e9i eng Ofstellplaz fir pers\u00e9inlech Sonnestill.<\/p>\n<p>Leider sinn Iwwernuechtungen net op eisem Site erlaabt.<\/p>\n<p>Mir w\u00ebllen drop hiweisen, dass d\u2019Associatioun den \u00cbmweltschutz ganz eescht h\u00eblt an dass d\u2019Memberen dofir opgefuerdert sinn net onn\u00e9ideg Kam\u00e9idi am \u201cParad\u00e4is\u201d ze maachen an hiren Offall doheem ze entsuergen.<\/p>\n<p align=\"justify\">Mir si g\u00e4re beret, fir Iech ouni Verpflichtung vun \u00c4rer S\u00e4it eisen Terrain virzestellen. Nieft enger pers\u00e9inlecher Invitatioun ass dat och m\u00e9iglech am Kader vun eiser Porte Ouverte, d\u00e9i mir am Fr\u00e9ijoer, normalerweis Ufank Juni, organis\u00e9ieren.<\/p>\n<p align=\"justify\">Eise Ver\u00e4in publiz\u00e9iert e puer Mol d&#8217;Joer e &#8220;Bulletin&#8221; fir seng Memberen (am l\u00e9ifsten digital) iwwer vergaangen an zuk\u00fcnfteg Ver\u00e4insaktivit\u00e9iten z&#8217;inform\u00e9ieren; Hei k\u00ebnnen eis Memberen och e B\u00e4itrag\/hir B\u00e4itr\u00e4g iwwer hir naturistesch Erfarungen ofginn.<\/p>\n<p align=\"justify\">Mir hunn d\u2019Traditioun fir am Ufank vun der gudder Saison zesummen an de Restaurant ze goen; Eist Summer- a Chr\u00ebschtdagsfest, souw\u00e9i d\u00e9i &#8211; fr\u00e4iw\u00eblleg &#8211; Aarbechtsdeg am Fr\u00e9ijoer an am Hierscht fir de Site z&#8217;erhalen stinn och all Joer um Programm.<\/p>\n<p align=\"justify\">D\u2019Participatioun un de Ver\u00e4insaktivit\u00e9iten ass natierlech net obligatoresch, mee g\u00e9ing d\u2019Kennel\u00e9ieren an d\u2019Koh\u00e4sioun \u00ebnnert de Membere f\u00ebrderen.<\/p>\n<p align=\"justify\">Fir weider Informatiounen z\u00e9ckt net eis ze kontakt\u00e9ieren op <a href=\"mailto:SLNL.RelPub@naturisme.lu\">SLNL.RelPub@naturisme.lu<\/a> oder via Tel: +352.691.639.250<\/p>\n<\/div>\n\n\n\n<div class=\"wp-block-column is-layout-flow wp-block-column-is-layout-flow\" style=\"flex-basis:15%\"><\/div>\n<\/div>\n<\/div><\/div>\n","protected":false},"excerpt":{"rendered":"<p>Mir w\u00ebllen eisen&nbsp;Naturiste (FKK)-Ver\u00e4in&nbsp;kuerz virstellen, deen als eelsten Naturiste-Verband zu L\u00ebtzebuerg 1980 \u00ebnner dem Numm \u201cLes Naturistes Luxembourgeois\u201d asbl gegr\u00ebnnt gouf an 1994 an \u201cSports et Loisirs Naturistes, Luxembourg\u201d asbl&nbsp;(SLNL)&nbsp;\u00ebmbenannt gouf. Sports et Loisirs Naturistes, Luxembourg, asbl(SLNL) International&nbsp;NaturisteFederatioun(INF-FNI) Mir sinn iwwer d L\u00ebtzebuerger Naturiste\u2013&nbsp;Federatioun&nbsp;(FLN) un d\u00e9i International Naturiste\u2013Federatioun&nbsp;(INF-FNI)&nbsp;ugebonnen, a sinn doduerch Member vun der weltw\u00e4iter Naturisten\u2013Organisatioun. All Member huet d\u2019Recht op eng International Naturiste\u2013Lizenz (Vakanzekaart), d\u00e9i vun der&nbsp;INF\/FLN&nbsp;ausgestallt g\u00ebtt. D\u00ebs Lizenz g\u00ebtt Iech Zougang zu all Naturiste\u2013Ber\u00e4icher a Vakanzenzentren,&nbsp;d\u00e9i weltw\u00e4it vun der Internationaler Naturiste\u2013Federatioun unerkannt sinn. L\u00ebtzebuerger&nbsp;NaturisteFederatioun, asbl(FLN) Z\u00ebnter 1987 ass eise Ver\u00e4in Proprietaire vun engem 4 Hektar groussen Naturisten (FKK)&#8211; Terrain, dee no bei der Stad l\u00e4it, matten am B\u00ebsch mat grousse fr\u00e4ie Plaze fir sech ze sonnen, sech ze entspanen oder Sport ze maachen &#8211; eisem sougenannte klenge &#8220;Parad\u00e4is&#8221;. D\u00ebse &#8220;Parad\u00e4is&#8221; soll eise Membere Rou an Entspanung ubidden, ewech vun dem gewinnten Touristerummel aus anere Fr\u00e4iz\u00e4it- oder Vakanzenzentren.Egal ob Dir Iech n\u00ebmme roueg plakeg sonne w\u00ebllt oder e b\u00ebsse Sport maache w\u00ebllt, et ass fir jiddereen eppes derb\u00e4i. Wat Sportsinstallatiounen ugeet, bidde mir e Petanque-Terrain, D\u00ebschtennis, Volleyball, Bousch\u00e9issen, etc., souw\u00e9i eng kleng Sauna un. Et steet och en oppene Grill zur Verf\u00fcgung, wou Dir \u00c4ert eege Gegrilltes prepar\u00e9iere k\u00ebnnt. Fir d\u2019Kanner g\u00ebtt et eng kleng Spillplaz mat Schaukelen a Rutschban. Eis Memberen hunn Acc\u00e8s zu enger grousser solar geh\u00ebtzter Schw\u00e4mm mat engem Duerchmiesser vun &gt; 8 Meter an enger D\u00e9ift vun 1,20 Meter. D\u00ebse Baseng g\u00ebtt net iwwerwaacht a kann n\u00ebmme vu Leit benotzt ginn d\u00e9i schwamme k\u00ebnnen, Kanner n\u00ebmmen, wann se vun engem Elterendeel begleet sinn. Ofkille kann een sech a verschiddenen, och sonnegeh\u00ebtzten Duschen. Et g\u00ebtt och ee Sanit\u00e4rber\u00e4ich mat Toiletten an Dusch, esou w\u00e9i eng Ofstellplaz fir pers\u00e9inlech Sonnestill. Leider sinn Iwwernuechtungen net op eisem Site erlaabt. Mir w\u00ebllen drop hiweisen, dass d\u2019Associatioun den \u00cbmweltschutz ganz eescht h\u00eblt an dass d\u2019Memberen dofir opgefuerdert sinn net onn\u00e9ideg Kam\u00e9idi am \u201cParad\u00e4is\u201d ze maachen an hiren Offall doheem ze entsuergen. Mir si g\u00e4re beret, fir Iech ouni Verpflichtung vun \u00c4rer S\u00e4it eisen Terrain virzestellen. Nieft enger pers\u00e9inlecher Invitatioun ass dat och m\u00e9iglech am Kader vun eiser Porte Ouverte, d\u00e9i mir am Fr\u00e9ijoer, normalerweis Ufank Juni, organis\u00e9ieren. Eise Ver\u00e4in publiz\u00e9iert e puer Mol d&#8217;Joer e &#8220;Bulletin&#8221; fir seng Memberen (am l\u00e9ifsten digital) iwwer vergaangen an zuk\u00fcnfteg Ver\u00e4insaktivit\u00e9iten z&#8217;inform\u00e9ieren; Hei k\u00ebnnen eis Memberen och e B\u00e4itrag\/hir B\u00e4itr\u00e4g iwwer hir naturistesch Erfarungen ofginn. Mir hunn d\u2019Traditioun fir am Ufank vun der gudder Saison zesummen an de Restaurant ze goen; Eist Summer- a Chr\u00ebschtdagsfest, souw\u00e9i d\u00e9i &#8211; fr\u00e4iw\u00eblleg &#8211; Aarbechtsdeg am Fr\u00e9ijoer an am Hierscht fir de Site z&#8217;erhalen stinn och all Joer um Programm. D\u2019Participatioun un de Ver\u00e4insaktivit\u00e9iten ass natierlech net obligatoresch, mee g\u00e9ing d\u2019Kennel\u00e9ieren an d\u2019Koh\u00e4sioun \u00ebnnert de Membere f\u00ebrderen. Fir weider Informatiounen z\u00e9ckt net eis ze kontakt\u00e9ieren op SLNL.RelPub@naturisme.lu oder via Tel: +352.691.639.250<\/p>\n","protected":false},"author":2,"featured_media":0,"parent":0,"menu_order":0,"comment_status":"closed","ping_status":"closed","template":"","meta":{"footnotes":""},"class_list":["post-586","page","type-page","status-publish","hentry"],"_links":{"self":[{"href":"https:\/\/www.naturisme.lu\/lu\/wp-json\/wp\/v2\/pages\/586","targetHints":{"allow":["GET"]}}],"collection":[{"href":"https:\/\/www.naturisme.lu\/lu\/wp-json\/wp\/v2\/pages"}],"about":[{"href":"https:\/\/www.naturisme.lu\/lu\/wp-json\/wp\/v2\/types\/page"}],"author":[{"embeddable":true,"href":"https:\/\/www.naturisme.lu\/lu\/wp-json\/wp\/v2\/users\/2"}],"replies":[{"embeddable":true,"href":"https:\/\/www.naturisme.lu\/lu\/wp-json\/wp\/v2\/comments?post=586"}],"version-history":[{"count":27,"href":"https:\/\/www.naturisme.lu\/lu\/wp-json\/wp\/v2\/pages\/586\/revisions"}],"predecessor-version":[{"id":6055,"href":"https:\/\/www.naturisme.lu\/lu\/wp-json\/wp\/v2\/pages\/586\/revisions\/6055"}],"wp:attachment":[{"href":"https:\/\/www.naturisme.lu\/lu\/wp-json\/wp\/v2\/media?parent=586"}],"curies":[{"name":"wp","href":"https:\/\/api.w.org\/{rel}","templated":true}]}}