{"id":582,"date":"2024-04-27T12:46:09","date_gmt":"2024-04-27T10:46:09","guid":{"rendered":"https:\/\/www.naturisme.lu\/?page_id=582"},"modified":"2026-01-04T21:12:31","modified_gmt":"2026-01-04T20:12:31","slug":"devenir-membre","status":"publish","type":"page","link":"https:\/\/www.naturisme.lu\/lu\/devenir-membre\/","title":{"rendered":"Member ginn"},"content":{"rendered":"\n<div class=\"wp-block-group\"><div class=\"wp-block-group__inner-container is-layout-constrained wp-block-group-is-layout-constrained\">\n<div class=\"wp-block-columns are-vertically-aligned-center is-layout-flex wp-container-core-columns-is-layout-9d6595d7 wp-block-columns-is-layout-flex\">\n<div class=\"wp-block-column is-vertically-aligned-center has-black-background-color has-background is-layout-flow wp-block-column-is-layout-flow\" style=\"flex-basis:60%\">\n<div  style=\"color:#319F49; font-family:trebuchet; font-size:72px; font-weight: bold; text-align: center; line-height:1.8;\">Member ginn ?<\/div>\n<\/div>\n\n\n\n<div class=\"wp-block-column is-vertically-aligned-center is-layout-flow wp-block-column-is-layout-flow\" style=\"flex-basis:40%\"><div class=\"wp-block-image is-style-rounded\">\n<figure class=\"alignleft size-large is-resized\"><img loading=\"lazy\" decoding=\"async\" width=\"1024\" height=\"683\" src=\"https:\/\/www.naturisme.lu\/wp-content\/uploads\/2024\/05\/Terrain_Accueil-1024x683.jpg\" alt=\"\" class=\"wp-image-1314\" style=\"aspect-ratio:16\/9;object-fit:cover;width:550px\" srcset=\"https:\/\/www.naturisme.lu\/wp-content\/uploads\/2024\/05\/Terrain_Accueil-1024x683.jpg 1024w, https:\/\/www.naturisme.lu\/wp-content\/uploads\/2024\/05\/Terrain_Accueil-300x200.jpg 300w, https:\/\/www.naturisme.lu\/wp-content\/uploads\/2024\/05\/Terrain_Accueil-768x512.jpg 768w, https:\/\/www.naturisme.lu\/wp-content\/uploads\/2024\/05\/Terrain_Accueil.jpg 1092w\" sizes=\"auto, (max-width: 1024px) 100vw, 1024px\" \/><\/figure>\n<\/div><\/div>\n<\/div>\n\n\n\n<div style=\"height:25px\" aria-hidden=\"true\" class=\"wp-block-spacer\"><\/div>\n\n\n\n<div class=\"wp-block-group has-white-background-color has-background has-medium-font-size\"><div class=\"wp-block-group__inner-container is-layout-constrained wp-block-group-is-layout-constrained\">\n<div class=\"wp-block-columns are-vertically-aligned-center has-white-background-color has-background is-layout-flex wp-container-core-columns-is-layout-9d6595d7 wp-block-columns-is-layout-flex\">\n<div class=\"wp-block-column is-vertically-aligned-center is-layout-flow wp-block-column-is-layout-flow\" style=\"flex-basis:5%\"><\/div>\n\n\n\n<div class=\"wp-block-column is-vertically-aligned-center is-layout-flow wp-block-column-is-layout-flow\" style=\"flex-basis:20%\">\n<div style=\"height:50px\" aria-hidden=\"true\" class=\"wp-block-spacer\"><\/div>\n\n\n<div class=\"wp-block-image\">\n<figure class=\"aligncenter size-full is-resized\"><img loading=\"lazy\" decoding=\"async\" width=\"512\" height=\"503\" src=\"https:\/\/www.naturisme.lu\/wp-content\/uploads\/2026\/01\/SLNL_Logo_FlagNickName_512x512.webp\" alt=\"\" class=\"wp-image-6047\" style=\"width:325px\" srcset=\"https:\/\/www.naturisme.lu\/wp-content\/uploads\/2026\/01\/SLNL_Logo_FlagNickName_512x512.webp 512w, https:\/\/www.naturisme.lu\/wp-content\/uploads\/2026\/01\/SLNL_Logo_FlagNickName_512x512-300x295.webp 300w\" sizes=\"auto, (max-width: 512px) 100vw, 512px\" \/><\/figure>\n<\/div><\/div>\n\n\n\n<div class=\"wp-block-column is-vertically-aligned-center has-white-background-color has-background is-layout-flow wp-block-column-is-layout-flow\" style=\"flex-basis:60%\">\n<div style=\"height:50px\" aria-hidden=\"true\" class=\"wp-block-spacer\"><\/div>\n\n\n\n<div class=\"wp-block-group has-white-background-color has-background\" style=\"font-size:18px\"><div class=\"wp-block-group__inner-container is-layout-constrained wp-block-group-is-layout-constrained\">\n<div class=\"wp-block-columns is-layout-flex wp-container-core-columns-is-layout-9d6595d7 wp-block-columns-is-layout-flex\">\n<div class=\"wp-block-column is-layout-flow wp-block-column-is-layout-flow\" style=\"flex-basis:80%\">\n<p align=\"justify\">Wann s du Member an eiser Associatioun w\u00eblls ginn, ass et ganz einfach: Sch\u00e9ck eng E-Mail mam Titel <strong>&#8220;Demande fir Memberschaft&#8221;<\/strong> un <a href=\"mailto:SLNL.RelPub@naturisme.lu\">SLNL.RelPub@naturisme.lu<\/a> a stell dech mat dengem <strong>Numm<\/strong>, <strong>Virnumm<\/strong>, <strong>Familljestand<\/strong> an eventuell mat enger Indikatioun vun dengem Naturismus-Erfarungen vir.<\/p>\n\n\n\n<p><em>E Member vun eiser Associatioun spons\u00e9iert Iech? Maacht et bei \u00c4rer Aschreiwung bekannt!<\/em><\/p>\n<\/div>\n\n\n\n<div class=\"wp-block-column is-vertically-aligned-center is-layout-flow wp-block-column-is-layout-flow\" style=\"flex-basis:20%\"><div class=\"wp-block-image aligncenter is-resized\">\n<figure class=\"size-large\"><a href=\"mailto:SLNL.RelPub@naturisme.lu?subject=Demande%20fir%20Memberschaft\"><img loading=\"lazy\" decoding=\"async\" width=\"1024\" height=\"465\" src=\"https:\/\/www.naturisme.lu\/wp-content\/uploads\/2025\/05\/Inscription-LU-1024x465.png\" alt=\"Klickt hei fir eng eMail ze schecken\" class=\"wp-image-5518\" srcset=\"https:\/\/www.naturisme.lu\/wp-content\/uploads\/2025\/05\/Inscription-LU-1024x465.png 1024w, https:\/\/www.naturisme.lu\/wp-content\/uploads\/2025\/05\/Inscription-LU-300x136.png 300w, https:\/\/www.naturisme.lu\/wp-content\/uploads\/2025\/05\/Inscription-LU-768x348.png 768w, https:\/\/www.naturisme.lu\/wp-content\/uploads\/2025\/05\/Inscription-LU.png 1177w\" sizes=\"auto, (max-width: 1024px) 100vw, 1024px\" \/><\/a><\/figure>\n<\/div><\/div>\n<\/div>\n\n\n\n<p align=\"justify\">Mir sch\u00e9cken Iech dann eng Kopie vun eisem interne Reglement, e puer zous\u00e4tzlech Informatiounen iwwer eise Ver\u00e4in an en Umeldungsformular, dat Dir k\u00ebnnt ausf\u00ebllen a per E-Mail un d&#8217;E-Mailadress uewen zer\u00e9cksch\u00e9cken.Nodeems Dir \u00c4ren Umeldungsformular zr\u00e9ckgesch\u00e9ckt hutt, k\u00ebnnt Dir en onverbindleche Besuch an eisem Naturiste-Fr\u00e4iz\u00e4itber\u00e4ich ufroen.<\/p>\n\n\n\n<p align=\"justify\">Wann Dir no d\u00ebser Visite nach \u00ebmmer interess\u00e9iert sidd fir matzemaachen, iwwerweist d&#8217;Cotisatioun an d&#8217;Aschreiwungsfraisen, an e puer Deeg m\u00e9i sp\u00e9it kritt Dir \u00c4r Memberskaart mat der internationaler Lizenz (FLN\/FNI) an de Code fir d\u2019Agangspaarten op eisen Naturisten-Terrain opzemaachen.<\/p>\n<\/div><\/div>\n<\/div>\n<\/div>\n<\/div><\/div>\n\n\n\n<div class=\"wp-block-columns are-vertically-aligned-center has-white-background-color has-background is-layout-flex wp-container-core-columns-is-layout-9d6595d7 wp-block-columns-is-layout-flex\">\n<div class=\"wp-block-column is-vertically-aligned-center has-white-background-color has-background is-layout-flow wp-block-column-is-layout-flow\" style=\"flex-basis:20%\"><\/div>\n\n\n\n<div class=\"wp-block-column is-vertically-aligned-center has-white-background-color has-background is-layout-flow wp-block-column-is-layout-flow\" style=\"flex-basis:60%\">\n<div style=\"height:50px\" aria-hidden=\"true\" class=\"wp-block-spacer\"><\/div>\n\n\n\n<div class=\"wp-block-group has-white-background-color has-background\" style=\"font-size:18px\"><div class=\"wp-block-group__inner-container is-layout-constrained wp-block-group-is-layout-constrained\">\n<figure class=\"wp-block-table aligncenter is-style-regular\">\n<table>\n<tbody style=\"background: #E8E8E8;\">\n<tr>\n<td class=\"has-text-align-center\" width=\"15%\" data-align=\"center\">80 \u20ac<\/td>\n<td class=\"has-text-align-left\" width=\"75%\" data-align=\"left\">pro Famill, 2 international Lizenze mat onlimit\u00e9iert Zougang zum Naturisten-Terrain<\/td>\n<\/tr>\n<tr>\n<td class=\"has-text-align-center\" data-align=\"center\">40 \u20ac<\/td>\n<td class=\"has-text-align-left\" data-align=\"left\">pro Famill, 2 international Lizenze ouni Zougang zum Naturisten-Terrain<\/td>\n<\/tr>\n<tr>\n<td class=\"has-text-align-center\" data-align=\"center\">70 \u20ac<\/td>\n<td class=\"has-text-align-left\" data-align=\"left\">Eenzel Persoun, 1 international Lizenz mat onlimit\u00e9iert Zougang zum Naturisten-Terrain<\/td>\n<\/tr>\n<tr>\n<td class=\"has-text-align-center\" data-align=\"center\">35 \u20ac<\/td>\n<td class=\"has-text-align-left\" data-align=\"left\">Eenzel Persoun, 1 international Lizenz ouni Zougang zum Naturisten-Terrain<\/td>\n<\/tr>\n<tr>\n<td class=\"has-text-align-center\" data-align=\"center\">5 \u20ac<\/td>\n<td class=\"has-text-align-left\" data-align=\"left\">pro zous\u00e4tzlech Lizenz (fir d\u00e9i iwwer 18, d\u00e9i\u00a0\u00ebmmer nach ofh\u00e4ngeg vum Familljechef\u00a0sinn)<\/td>\n<\/tr>\n<tr>\n<td class=\"has-text-align-center\" data-align=\"center\">15 \u20ac<\/td>\n<td class=\"has-text-align-left\" data-align=\"left\">Fir Studenten d\u00e9i net zu engem Member-Famill geh\u00e9ieren (mat der Verpflichtung fir Mannerj\u00e4reger eng Geneemegung vun den Elteren ze pr\u00e4sent\u00e9ieren) &#8211; 1 international Lizenz + onlimit\u00e9iert Zougang zu dem Naturisten Terrain.<\/td>\n<\/tr>\n<tr>\n<td class=\"has-text-align-center\" data-align=\"center\"><em>15 \u20ac<\/em><\/td>\n<td class=\"has-text-align-left\" data-align=\"left\"><em>eemoleg Aschreiwungsk\u00e4schte\u00a0 (n\u00ebmme w\u00e4rend\u00a0dem \u00e9ischte Joer vun der Memberschaft)<\/em><\/td>\n<\/tr>\n<\/tbody>\n<\/table>\n<\/figure>\n\n\n\n<div style=\"height:50px\" aria-hidden=\"true\" class=\"wp-block-spacer\"><\/div>\n<\/div><\/div>\n<\/div>\n\n\n\n<div class=\"wp-block-column is-layout-flow wp-block-column-is-layout-flow\" style=\"flex-basis:20%\"><\/div>\n<\/div>\n<\/div><\/div>\n","protected":false},"excerpt":{"rendered":"<p>Member ginn ? Wann s du Member an eiser Associatioun w\u00eblls ginn, ass et ganz einfach: Sch\u00e9ck eng E-Mail mam Titel &#8220;Demande fir Memberschaft&#8221; un SLNL.RelPub@naturisme.lu a stell dech mat dengem Numm, Virnumm, Familljestand an eventuell mat enger Indikatioun vun dengem Naturismus-Erfarungen vir. E Member vun eiser Associatioun spons\u00e9iert Iech? Maacht et bei \u00c4rer Aschreiwung bekannt! Mir sch\u00e9cken Iech dann eng Kopie vun eisem interne Reglement, e puer zous\u00e4tzlech Informatiounen iwwer eise Ver\u00e4in an en Umeldungsformular, dat Dir k\u00ebnnt ausf\u00ebllen a per E-Mail un d&#8217;E-Mailadress uewen zer\u00e9cksch\u00e9cken.Nodeems Dir \u00c4ren Umeldungsformular zr\u00e9ckgesch\u00e9ckt hutt, k\u00ebnnt Dir en onverbindleche Besuch an eisem Naturiste-Fr\u00e4iz\u00e4itber\u00e4ich ufroen. Wann Dir no d\u00ebser Visite nach \u00ebmmer interess\u00e9iert sidd fir matzemaachen, iwwerweist d&#8217;Cotisatioun an d&#8217;Aschreiwungsfraisen, an e puer Deeg m\u00e9i sp\u00e9it kritt Dir \u00c4r Memberskaart mat der internationaler Lizenz (FLN\/FNI) an de Code fir d\u2019Agangspaarten op eisen Naturisten-Terrain opzemaachen. 80 \u20ac pro Famill, 2 international Lizenze mat onlimit\u00e9iert Zougang zum Naturisten-Terrain 40 \u20ac pro Famill, 2 international Lizenze ouni Zougang zum Naturisten-Terrain 70 \u20ac Eenzel Persoun, 1 international Lizenz mat onlimit\u00e9iert Zougang zum Naturisten-Terrain 35 \u20ac Eenzel Persoun, 1 international Lizenz ouni Zougang zum Naturisten-Terrain 5 \u20ac pro zous\u00e4tzlech Lizenz (fir d\u00e9i iwwer 18, d\u00e9i\u00a0\u00ebmmer nach ofh\u00e4ngeg vum Familljechef\u00a0sinn) 15 \u20ac Fir Studenten d\u00e9i net zu engem Member-Famill geh\u00e9ieren (mat der Verpflichtung fir Mannerj\u00e4reger eng Geneemegung vun den Elteren ze pr\u00e4sent\u00e9ieren) &#8211; 1 international Lizenz + onlimit\u00e9iert Zougang zu dem Naturisten Terrain. 15 \u20ac eemoleg Aschreiwungsk\u00e4schte\u00a0 (n\u00ebmme w\u00e4rend\u00a0dem \u00e9ischte Joer vun der Memberschaft)<\/p>\n","protected":false},"author":2,"featured_media":0,"parent":0,"menu_order":0,"comment_status":"closed","ping_status":"closed","template":"","meta":{"footnotes":""},"class_list":["post-582","page","type-page","status-publish","hentry"],"_links":{"self":[{"href":"https:\/\/www.naturisme.lu\/lu\/wp-json\/wp\/v2\/pages\/582","targetHints":{"allow":["GET"]}}],"collection":[{"href":"https:\/\/www.naturisme.lu\/lu\/wp-json\/wp\/v2\/pages"}],"about":[{"href":"https:\/\/www.naturisme.lu\/lu\/wp-json\/wp\/v2\/types\/page"}],"author":[{"embeddable":true,"href":"https:\/\/www.naturisme.lu\/lu\/wp-json\/wp\/v2\/users\/2"}],"replies":[{"embeddable":true,"href":"https:\/\/www.naturisme.lu\/lu\/wp-json\/wp\/v2\/comments?post=582"}],"version-history":[{"count":32,"href":"https:\/\/www.naturisme.lu\/lu\/wp-json\/wp\/v2\/pages\/582\/revisions"}],"predecessor-version":[{"id":6059,"href":"https:\/\/www.naturisme.lu\/lu\/wp-json\/wp\/v2\/pages\/582\/revisions\/6059"}],"wp:attachment":[{"href":"https:\/\/www.naturisme.lu\/lu\/wp-json\/wp\/v2\/media?parent=582"}],"curies":[{"name":"wp","href":"https:\/\/api.w.org\/{rel}","templated":true}]}}