{"id":578,"date":"2024-04-27T12:45:44","date_gmt":"2024-04-27T10:45:44","guid":{"rendered":"https:\/\/www.naturisme.lu\/?page_id=578"},"modified":"2024-05-03T00:49:57","modified_gmt":"2024-05-02T22:49:57","slug":"contact","status":"publish","type":"page","link":"https:\/\/www.naturisme.lu\/lu\/contact\/","title":{"rendered":"Contact"},"content":{"rendered":"\n<div class=\"wp-block-group has-white-background-color has-background\"><div class=\"wp-block-group__inner-container is-layout-constrained wp-block-group-is-layout-constrained\">\n<div class=\"wp-block-columns is-layout-flex wp-container-core-columns-is-layout-9d6595d7 wp-block-columns-is-layout-flex\">\n<div class=\"wp-block-column has-black-background-color has-background is-layout-flow wp-block-column-is-layout-flow\" style=\"flex-basis:25%\"><\/div>\n\n\n\n<div class=\"wp-block-column is-layout-flow wp-block-column-is-layout-flow\" style=\"flex-basis:50%\">\n<p class=\"has-white-background-color has-background\"><\/p>\n\n\n\n<div class=\"wp-block-columns has-white-background-color has-background is-layout-flex wp-container-core-columns-is-layout-9d6595d7 wp-block-columns-is-layout-flex\">\n<div class=\"wp-block-column is-vertically-aligned-center is-layout-flow wp-block-column-is-layout-flow\" style=\"flex-basis:40%\"><div class=\"wp-block-image\">\n<figure class=\"aligncenter size-full is-resized\"><img loading=\"lazy\" decoding=\"async\" width=\"210\" height=\"200\" src=\"https:\/\/www.naturisme.lu\/wp-content\/uploads\/2024\/05\/Contact.png\" alt=\"\" class=\"wp-image-1874\" style=\"width:auto;height:300px\"\/><\/figure>\n<\/div><\/div>\n\n\n\n<div class=\"wp-block-column is-vertically-aligned-center is-layout-flow wp-block-column-is-layout-flow\" style=\"flex-basis:60%\">\n<div class=\"wp-block-group is-vertical is-content-justification-center is-layout-flex wp-container-core-group-is-layout-0472769e wp-block-group-is-layout-flex\">\n<p class=\"has-text-align-center\" style=\"font-size:22px\"><br><em><strong>Sports et Loisirs Naturistes, Luxembourg<\/strong><\/em><br><\/p>\n\n\n\n<p class=\"has-text-align-center has-small-font-size\">Gesellschaft ouni Profitzweck \u2013 gegr\u00ebnnt 1981 \u2013 RSC F5126<br><br><\/p>\n\n\n\n<p class=\"has-text-align-center\">Affili\u00e9iert un:<br>L\u00ebtzebuerger Naturiste Federatioun (FLN) (<a href=\"https:\/\/www.felunat.lu\" target=\"_blank\" rel=\"noreferrer noopener\">www.felunat.lu<\/a>)<br>International Naturiste Federatioun (INF-FNI) (<a href=\"https:\/\/www.inf-fni.org\" data-type=\"link\" data-id=\"www.inf-fni.org\" target=\"_blank\" rel=\"noreferrer noopener\">www.inf-fni.org<\/a>)<br><br><\/p>\n\n\n\n<p class=\"has-text-align-center\" style=\"font-size:15px\">Administrativ Adress<\/p>\n\n\n\n<p class=\"has-text-align-center has-medium-font-size\"><strong>   c\/o LAGENDIJK Pieter<br>   7, Am Rousegaertchen<br>   L-3924 Mondercange<\/strong><br><br><\/p>\n\n\n\n<p class=\"has-text-align-center has-medium-font-size\">GSM: +352.691.639.250<br>Mail: <a href=\"mailto:SLNL@naturisme.lu\">SLNL@naturisme.lu<\/a><br><br><\/p>\n<\/div>\n<\/div>\n<\/div>\n\n\n\n<p class=\"has-text-align-center\"><br><em><strong>Confidentialit\u00e9it:<\/strong>&nbsp;\u00c4r Donn\u00e9e\u00eb ginn direkt an eis Mailbox gesch\u00e9ckt a gi mat der n\u00e9ideger Diskretioun behandelt.<\/em><\/p>\n<\/div>\n\n\n\n<div class=\"wp-block-column has-black-background-color has-background is-layout-flow wp-block-column-is-layout-flow\" style=\"flex-basis:25%\"><\/div>\n<\/div>\n<\/div><\/div>\n","protected":false},"excerpt":{"rendered":"<p>Sports et Loisirs Naturistes, Luxembourg Gesellschaft ouni Profitzweck \u2013 gegr\u00ebnnt 1981 \u2013 RSC F5126 Affili\u00e9iert un:L\u00ebtzebuerger Naturiste Federatioun (FLN) (www.felunat.lu)International Naturiste Federatioun (INF-FNI) (www.inf-fni.org) Administrativ Adress c\/o LAGENDIJK Pieter 7, Am Rousegaertchen L-3924 Mondercange GSM: +352.691.639.250Mail: SLNL@naturisme.lu Confidentialit\u00e9it:&nbsp;\u00c4r Donn\u00e9e\u00eb ginn direkt an eis Mailbox gesch\u00e9ckt a gi mat der n\u00e9ideger Diskretioun behandelt.<\/p>\n","protected":false},"author":1,"featured_media":0,"parent":0,"menu_order":0,"comment_status":"closed","ping_status":"closed","template":"","meta":{"footnotes":""},"class_list":["post-578","page","type-page","status-publish","hentry"],"_links":{"self":[{"href":"https:\/\/www.naturisme.lu\/lu\/wp-json\/wp\/v2\/pages\/578","targetHints":{"allow":["GET"]}}],"collection":[{"href":"https:\/\/www.naturisme.lu\/lu\/wp-json\/wp\/v2\/pages"}],"about":[{"href":"https:\/\/www.naturisme.lu\/lu\/wp-json\/wp\/v2\/types\/page"}],"author":[{"embeddable":true,"href":"https:\/\/www.naturisme.lu\/lu\/wp-json\/wp\/v2\/users\/1"}],"replies":[{"embeddable":true,"href":"https:\/\/www.naturisme.lu\/lu\/wp-json\/wp\/v2\/comments?post=578"}],"version-history":[{"count":28,"href":"https:\/\/www.naturisme.lu\/lu\/wp-json\/wp\/v2\/pages\/578\/revisions"}],"predecessor-version":[{"id":2040,"href":"https:\/\/www.naturisme.lu\/lu\/wp-json\/wp\/v2\/pages\/578\/revisions\/2040"}],"wp:attachment":[{"href":"https:\/\/www.naturisme.lu\/lu\/wp-json\/wp\/v2\/media?parent=578"}],"curies":[{"name":"wp","href":"https:\/\/api.w.org\/{rel}","templated":true}]}}