{"id":573,"date":"2024-04-27T12:45:08","date_gmt":"2024-04-27T10:45:08","guid":{"rendered":"https:\/\/www.naturisme.lu\/?page_id=573"},"modified":"2026-04-23T13:05:59","modified_gmt":"2026-04-23T11:05:59","slug":"bienvenue","status":"publish","type":"page","link":"https:\/\/www.naturisme.lu\/lu\/","title":{"rendered":"Bienvenue"},"content":{"rendered":"\n<div class=\"wp-block-cover\" style=\"letter-spacing:0px\"><img loading=\"lazy\" decoding=\"async\" width=\"1270\" height=\"798\" class=\"wp-block-cover__image-background wp-image-2148\" alt=\"\" src=\"https:\/\/www.naturisme.lu\/wp-content\/uploads\/2024\/05\/Terrain_Bienvenue2_wo.jpg\" style=\"object-position:50% 90%\" data-object-fit=\"cover\" data-object-position=\"50% 90%\" srcset=\"https:\/\/www.naturisme.lu\/wp-content\/uploads\/2024\/05\/Terrain_Bienvenue2_wo.jpg 1270w, https:\/\/www.naturisme.lu\/wp-content\/uploads\/2024\/05\/Terrain_Bienvenue2_wo-300x189.jpg 300w, https:\/\/www.naturisme.lu\/wp-content\/uploads\/2024\/05\/Terrain_Bienvenue2_wo-1024x643.jpg 1024w, https:\/\/www.naturisme.lu\/wp-content\/uploads\/2024\/05\/Terrain_Bienvenue2_wo-768x483.jpg 768w\" sizes=\"auto, (max-width: 1270px) 100vw, 1270px\" \/><span aria-hidden=\"true\" class=\"wp-block-cover__background has-background-dim-20 has-background-dim\" style=\"background-color:#70816d\"><\/span><div class=\"wp-block-cover__inner-container is-layout-flow wp-block-cover-is-layout-flow\">\n<div class=\"wp-block-columns is-layout-flex wp-container-core-columns-is-layout-9d6595d7 wp-block-columns-is-layout-flex\">\n<div class=\"wp-block-column is-vertically-aligned-top is-layout-flow wp-block-column-is-layout-flow\" style=\"flex-basis:70%\">\n<div style=\"height:225px\" aria-hidden=\"true\" class=\"wp-block-spacer\"><\/div>\n\n\n\n<h1 class=\"wp-block-heading has-text-align-left\" style=\"font-size:72px;font-style:normal;font-weight:700\"><span style=\"color: #319F49; text-shadow: 0px 0px 5px white, 0 0 1em white, 0 0 0.4em white;\"><em>W\u00ebllkomm<\/em><\/span><\/h1>\n\n\n\n<div style=\"height:50px\" aria-hidden=\"true\" class=\"wp-block-spacer\"><\/div>\n\n\n\n<p class=\"has-text-align-left\" style=\"font-size:25px;font-style:normal;font-weight:600\"><span style=\"color: #319F49; text-shadow: 0px 0px 5px white, 0 0 1em white, 0 0 0.4em white;\"><em>Naturismus ass e Wee fir an Harmonie mat der Natur ze liewen, charakteris\u00e9iert duerch gemeinsaamt plakeg sinn, wat als Zil huet de Respekt virun sech selwer, deenen aneren an der \u00cbmwelt ze f\u00ebrderen.<\/em><\/span><\/p>\n\n\n\n<div style=\"height:75px\" aria-hidden=\"true\" class=\"wp-block-spacer\"><\/div>\n<\/div>\n\n\n\n<div class=\"wp-block-column is-vertically-aligned-top is-layout-flow wp-block-column-is-layout-flow\" style=\"flex-basis:30%\">\n<div class=\"wp-block-columns are-vertically-aligned-center is-layout-flex wp-container-core-columns-is-layout-9d6595d7 wp-block-columns-is-layout-flex\">\n<div class=\"wp-block-column is-vertically-aligned-center is-layout-flow wp-block-column-is-layout-flow\">\n<style>\n  a.lien-rouge:link,\n  a.lien-rouge:visited {\n    color: yellow !important;\n    text-decoration: none;\n  }\n\n  a.lien-rouge:hover {\n    color: darkred !important;\n    text-decoration: underline;\n  }\n\n  a.lien-rouge:active {\n    color: yellow !important;\n  }\n<\/style>\n<span style=\"text-align: center; display: inline-block; Background-color: rgba(128,128,128,0.85); padding: 20px 10px 0px 10px;\">\n<p class=\"has-text-align-center has-large-font-size\" style=\"display: inline; word-break: break-word; overflow-wrap: anywhere; white-space: normal;\"><strong>Oppenen Dieren<\/strong><\/p><br>\n<p class=\"has-text-align-center has-large-font-size\" style=\"display: inline; word-break: break-word; overflow-wrap: anywhere; white-space: normal; line-height: 1;\"> 23. &amp; 24. Mee 2026<\/p><br><br>\n<p class=\"has-text-align-center has-medium-font-size\">\n<a class=\"lien-rouge\" href=\"https:\/\/www.naturisme.lu\/lu\/journee-portes-ouvertes\/\" target=\"_blank\" rel=\"noreferrer noopener\">&gt;&gt;&gt; Klickt hei fir m\u00e9i Informatiounen &lt;&lt;&lt;<\/a>\n<\/p>\n<\/span>\n<\/div>\n<\/div>\n<\/div>\n<\/div>\n<\/div><\/div>\n\n\n\n<p class=\"has-text-align-right\"><span style=\"color: #808080; position: relative; top: -15px;\">Vue op en Deel vun eisem Naturisten (FKK) Terrain<\/span><\/p>\n","protected":false},"excerpt":{"rendered":"<p>Vue op en Deel vun eisem Naturisten (FKK) Terrain<\/p>\n","protected":false},"author":2,"featured_media":0,"parent":0,"menu_order":0,"comment_status":"closed","ping_status":"closed","template":"","meta":{"footnotes":""},"class_list":["post-573","page","type-page","status-publish","hentry"],"_links":{"self":[{"href":"https:\/\/www.naturisme.lu\/lu\/wp-json\/wp\/v2\/pages\/573","targetHints":{"allow":["GET"]}}],"collection":[{"href":"https:\/\/www.naturisme.lu\/lu\/wp-json\/wp\/v2\/pages"}],"about":[{"href":"https:\/\/www.naturisme.lu\/lu\/wp-json\/wp\/v2\/types\/page"}],"author":[{"embeddable":true,"href":"https:\/\/www.naturisme.lu\/lu\/wp-json\/wp\/v2\/users\/2"}],"replies":[{"embeddable":true,"href":"https:\/\/www.naturisme.lu\/lu\/wp-json\/wp\/v2\/comments?post=573"}],"version-history":[{"count":16,"href":"https:\/\/www.naturisme.lu\/lu\/wp-json\/wp\/v2\/pages\/573\/revisions"}],"predecessor-version":[{"id":6281,"href":"https:\/\/www.naturisme.lu\/lu\/wp-json\/wp\/v2\/pages\/573\/revisions\/6281"}],"wp:attachment":[{"href":"https:\/\/www.naturisme.lu\/lu\/wp-json\/wp\/v2\/media?parent=573"}],"curies":[{"name":"wp","href":"https:\/\/api.w.org\/{rel}","templated":true}]}}