{"id":5441,"date":"2024-09-14T11:34:32","date_gmt":"2024-09-14T09:34:32","guid":{"rendered":"https:\/\/www.naturisme.lu\/sauna\/"},"modified":"2025-05-10T23:24:41","modified_gmt":"2025-05-10T21:24:41","slug":"sauna","status":"publish","type":"page","link":"https:\/\/www.naturisme.lu\/lu\/sauna\/","title":{"rendered":"Sauna"},"content":{"rendered":"\n<div class=\"wp-block-columns is-layout-flex wp-container-core-columns-is-layout-9d6595d7 wp-block-columns-is-layout-flex\">\n<div class=\"wp-block-column is-vertically-aligned-center is-layout-flow wp-block-column-is-layout-flow\" style=\"flex-basis:20%\"><div class=\"wp-block-image is-style-rounded\">\n<figure class=\"aligncenter size-medium\"><img loading=\"lazy\" decoding=\"async\" width=\"225\" height=\"300\" src=\"https:\/\/www.naturisme.lu\/wp-content\/uploads\/2025\/05\/Sauna_Room-225x300.jpg\" alt=\"\" class=\"wp-image-5459\" srcset=\"https:\/\/www.naturisme.lu\/wp-content\/uploads\/2025\/05\/Sauna_Room-225x300.jpg 225w, https:\/\/www.naturisme.lu\/wp-content\/uploads\/2025\/05\/Sauna_Room-768x1024.jpg 768w, https:\/\/www.naturisme.lu\/wp-content\/uploads\/2025\/05\/Sauna_Room.jpg 1536w\" sizes=\"auto, (max-width: 225px) 100vw, 225px\" \/><\/figure>\n<\/div><\/div>\n\n\n\n<div class=\"wp-block-column is-vertically-aligned-center has-black-background-color has-background is-layout-flow wp-block-column-is-layout-flow\" style=\"flex-basis:20%\">\n<div  style=\"color:#319F49; font-family:trebuchet; font-size:72px; font-weight: bold; text-align: Center; line-height:1.8;\">Sauna<\/div>\n<\/div>\n\n\n\n<div class=\"wp-block-column is-vertically-aligned-center is-layout-flow wp-block-column-is-layout-flow\" style=\"font-size:18px;flex-basis:35%\">\n<div class=\"wp-block-group has-white-color has-black-background-color has-text-color has-background has-link-color wp-elements-9f28c845c30b16783d41ae269d90ad28\"><div class=\"wp-block-group__inner-container is-layout-constrained wp-block-group-is-layout-constrained\">\n<p style=\"text-align: center;\">D&#8217;Sauna ass all Woch e Donneschdeg op.<\/p>\n<p style=\"text-align: center;\">Sch\u00e9ck eng E-Mail un <a href=\"mailto:SLNL.RelPub@naturisme.lu\">SLNL.RelPub@naturisme.lu<\/a> fir all d\u00e9i n\u00e9ideg Informatiounen ze kr\u00e9ien fir d&#8217;Participatioun.<\/p>\n\n\n\n<div  style=\"color: red; font-family:trebuchet; font-size:18px; font-weight: bold; text-align: Center;\">!!! Aktivit\u00e9it reserv\u00e9iert fir d&#8217;Membren vun der Associatioun !!!<\/div>\n<\/div><\/div>\n<\/div>\n\n\n\n<div class=\"wp-block-column is-vertically-aligned-center is-layout-flow wp-block-column-is-layout-flow\" style=\"flex-basis:25%\"><div class=\"wp-block-image is-style-default\">\n<figure class=\"aligncenter size-medium\"><img loading=\"lazy\" decoding=\"async\" width=\"225\" height=\"300\" src=\"https:\/\/www.naturisme.lu\/wp-content\/uploads\/2024\/05\/Terrain_Sauna_wo-225x300.jpg\" alt=\"\" class=\"wp-image-1722\" srcset=\"https:\/\/www.naturisme.lu\/wp-content\/uploads\/2024\/05\/Terrain_Sauna_wo-225x300.jpg 225w, https:\/\/www.naturisme.lu\/wp-content\/uploads\/2024\/05\/Terrain_Sauna_wo-768x1024.jpg 768w, https:\/\/www.naturisme.lu\/wp-content\/uploads\/2024\/05\/Terrain_Sauna_wo.jpg 1200w\" sizes=\"auto, (max-width: 225px) 100vw, 225px\" \/><\/figure>\n<\/div><\/div>\n<\/div>\n","protected":false},"excerpt":{"rendered":"<p>Sauna D&#8217;Sauna ass all Woch e Donneschdeg op. Sch\u00e9ck eng E-Mail un SLNL.RelPub@naturisme.lu fir all d\u00e9i n\u00e9ideg Informatiounen ze kr\u00e9ien fir d&#8217;Participatioun. !!! Aktivit\u00e9it reserv\u00e9iert fir d&#8217;Membren vun der Associatioun !!!<\/p>\n","protected":false},"author":2,"featured_media":0,"parent":0,"menu_order":0,"comment_status":"closed","ping_status":"closed","template":"","meta":{"footnotes":""},"class_list":["post-5441","page","type-page","status-publish","hentry"],"_links":{"self":[{"href":"https:\/\/www.naturisme.lu\/lu\/wp-json\/wp\/v2\/pages\/5441","targetHints":{"allow":["GET"]}}],"collection":[{"href":"https:\/\/www.naturisme.lu\/lu\/wp-json\/wp\/v2\/pages"}],"about":[{"href":"https:\/\/www.naturisme.lu\/lu\/wp-json\/wp\/v2\/types\/page"}],"author":[{"embeddable":true,"href":"https:\/\/www.naturisme.lu\/lu\/wp-json\/wp\/v2\/users\/2"}],"replies":[{"embeddable":true,"href":"https:\/\/www.naturisme.lu\/lu\/wp-json\/wp\/v2\/comments?post=5441"}],"version-history":[{"count":5,"href":"https:\/\/www.naturisme.lu\/lu\/wp-json\/wp\/v2\/pages\/5441\/revisions"}],"predecessor-version":[{"id":5478,"href":"https:\/\/www.naturisme.lu\/lu\/wp-json\/wp\/v2\/pages\/5441\/revisions\/5478"}],"wp:attachment":[{"href":"https:\/\/www.naturisme.lu\/lu\/wp-json\/wp\/v2\/media?parent=5441"}],"curies":[{"name":"wp","href":"https:\/\/api.w.org\/{rel}","templated":true}]}}