{"id":5366,"date":"2025-05-09T11:01:40","date_gmt":"2025-05-09T09:01:40","guid":{"rendered":"https:\/\/www.naturisme.lu\/journee-portes-ouvertes\/"},"modified":"2026-04-23T14:42:40","modified_gmt":"2026-04-23T12:42:40","slug":"journee-portes-ouvertes","status":"publish","type":"page","link":"https:\/\/www.naturisme.lu\/lu\/journee-portes-ouvertes\/","title":{"rendered":"Portes Ouvertes"},"content":{"rendered":"\n<div class=\"wp-block-group has-black-background-color has-background\"><div class=\"wp-block-group__inner-container is-layout-constrained wp-block-group-is-layout-constrained\">\n<div class=\"wp-block-columns is-layout-flex wp-container-core-columns-is-layout-9d6595d7 wp-block-columns-is-layout-flex\">\n<div class=\"wp-block-column is-layout-flow wp-block-column-is-layout-flow\" style=\"flex-basis:1%\"><\/div>\n\n\n\n<div class=\"wp-block-column is-vertically-aligned-center is-layout-flow wp-block-column-is-layout-flow\" style=\"flex-basis:98%\">\n<div class=\"wp-block-group\" style=\"font-size:18px\"><div class=\"wp-block-group__inner-container is-layout-constrained wp-block-group-is-layout-constrained\">\n<div  style=\"color:#319F49; font-family:trebuchet; font-size:56px; font-weight: bold; text-align: center; line-height:1.4;\">\u00c4r Invitatioun, de FKK ze entdecken<\/div>\n<\/div><\/div>\n<\/div>\n\n\n\n<div class=\"wp-block-column is-layout-flow wp-block-column-is-layout-flow\" style=\"flex-basis:1%\">\n<div class=\"wp-block-group\"><div class=\"wp-block-group__inner-container is-layout-constrained wp-block-group-is-layout-constrained\"><\/div><\/div>\n<\/div>\n<\/div>\n<\/div><\/div>\n\n\n\n<div class=\"wp-block-group has-black-color has-white-background-color has-text-color has-background has-link-color wp-elements-a64008b8be5444152ef61d158213731f\"><div class=\"wp-block-group__inner-container is-layout-constrained wp-block-group-is-layout-constrained\">\n<div class=\"wp-block-columns is-layout-flex wp-container-core-columns-is-layout-9d6595d7 wp-block-columns-is-layout-flex\">\n<div class=\"wp-block-column is-layout-flow wp-block-column-is-layout-flow\" style=\"flex-basis:15%\">\n<div class=\"wp-block-group\"><div class=\"wp-block-group__inner-container is-layout-constrained wp-block-group-is-layout-constrained\"><\/div><\/div>\n<\/div>\n\n\n\n<div class=\"wp-block-column is-vertically-aligned-center is-layout-flow wp-block-column-is-layout-flow\" style=\"flex-basis:70%\">\n<div class=\"wp-block-group\" style=\"font-size:18px\"><div class=\"wp-block-group__inner-container is-layout-constrained wp-block-group-is-layout-constrained\">\n<style type='text\/css'>.wpcdt-timer-5324 .wpcdt-clock{max-width: 600px;}<\/style>\n<div class=\"wpcdt-wrap wpcdt-timer-wrap wpcdt-clearfix  wpcdt-timer-circle wpcdt-timer-5324\" data-conf=\"{&quot;current_date&quot;:&quot;2026-05-02 16:36:27&quot;,&quot;expiry_date&quot;:&quot;2026-05-23 14:00:00&quot;,&quot;timercircle_animation&quot;:&quot;smooth&quot;,&quot;timercircle_width&quot;:0.1,&quot;timer_bg_width&quot;:1.2,&quot;timer_bgclr&quot;:&quot;#26733a&quot;,&quot;timer_day_bgclr&quot;:&quot;#ff0000&quot;,&quot;timer_hour_bgclr&quot;:&quot;#ff7f00&quot;,&quot;timer_minute_bgclr&quot;:&quot;#ffd700&quot;,&quot;timer_second_bgclr&quot;:&quot;#ffff00&quot;,&quot;day_text&quot;:&quot;Days&quot;,&quot;hour_text&quot;:&quot;Hours&quot;,&quot;minute_text&quot;:&quot;Minutes&quot;,&quot;second_text&quot;:&quot;Seconds&quot;,&quot;is_days&quot;:1,&quot;is_hours&quot;:1,&quot;is_minutes&quot;:1,&quot;is_seconds&quot;:1}\">\n\t<div class=\"wpcdt-timer-inr wpcdt-timer wpcdt-timer-js\" id=\"wpcdt-timer-1\" data-id=\"5324\">\n\t\t<div class=\"wpcdt-clock wpcdt-clock-circle\" data-timer=\"1805013\"><\/div>\n\t<\/div>\n<\/div>\n<\/div><\/div>\n<\/div>\n\n\n\n<div class=\"wp-block-column is-layout-flow wp-block-column-is-layout-flow\" style=\"flex-basis:15%\">\n<div class=\"wp-block-group\"><div class=\"wp-block-group__inner-container is-layout-constrained wp-block-group-is-layout-constrained\"><\/div><\/div>\n<\/div>\n<\/div>\n<\/div><\/div>\n\n\n\n<div class=\"wp-block-group has-black-color has-white-background-color has-text-color has-background has-link-color wp-elements-a8b4ca3fb52fb4df7146f55630335ae0\"><div class=\"wp-block-group__inner-container is-layout-constrained wp-block-group-is-layout-constrained\">\n<div class=\"wp-block-columns is-layout-flex wp-container-core-columns-is-layout-9d6595d7 wp-block-columns-is-layout-flex\">\n<div class=\"wp-block-column is-layout-flow wp-block-column-is-layout-flow\" style=\"flex-basis:2%\">\n<div class=\"wp-block-group\"><div class=\"wp-block-group__inner-container is-layout-constrained wp-block-group-is-layout-constrained\"><\/div><\/div>\n<\/div>\n\n\n\n<div class=\"wp-block-column is-vertically-aligned-center is-layout-flow wp-block-column-is-layout-flow\" style=\"flex-basis:96%\">\n<div class=\"wp-block-group\" style=\"font-size:18px\"><div class=\"wp-block-group__inner-container is-layout-constrained wp-block-group-is-layout-constrained\">\n<p class=\"has-text-align-center\" style=\"font-size:24px\"><strong>Portes Ouvertes de 23. a 24. Mee 2026 op eisem FKK-Fr\u00e4iz\u00e4it-Terrain<\/strong><\/p>\n\n\n\n<div style=\"height:25px\" aria-hidden=\"true\" class=\"wp-block-spacer\"><\/div>\n\n\n\n<p>D\u2019Associatioun invit\u00e9iert Iech, s\u00e4in Naturisten-Domaine w\u00e4rend zwee aussergew\u00e9inlechen Deeg ze entdecken, d\u00e9i am Zeeche vun Natur, Wuelbefannen a Gesellegkeet stinn.<\/p>\n\n\n\n<div style=\"height:25px\" aria-hidden=\"true\" class=\"wp-block-spacer\"><\/div>\n\n\n\n<p class=\"has-text-align-center\" style=\"font-size:18px\"><strong><span style=\"text-decoration: underline;\">Interess\u00e9iert?<\/span><\/strong><br><em><strong>Den Zougang ass exklusiv op Invitatioun.<\/strong><\/em><br>Sch\u00e9ckt w.e.g. \u00c4r Ufro fir eng Invitatioun un: <a href=\"mailto:SLNL.RelPub@naturisme.lu\">SLNL.RelPub@naturisme.lu<\/a> oder per SMS un <strong>+352.691.639.250<\/strong><\/p>\n\n\n\n<p class=\"has-text-align-center\" style=\"font-size:18px\"><em>(gitt w.e.g. \u00c4ren Numm, Virnumm, \u00c4ren Zivilstand an, falls zoutreffend, \u00c4r Naturiste-Erfarungen un)<\/em><\/p>\n<\/div><\/div>\n<\/div>\n\n\n\n<div class=\"wp-block-column is-layout-flow wp-block-column-is-layout-flow\" style=\"flex-basis:2%\">\n<div class=\"wp-block-group\"><div class=\"wp-block-group__inner-container is-layout-constrained wp-block-group-is-layout-constrained\"><\/div><\/div>\n<\/div>\n<\/div>\n<\/div><\/div>\n","protected":false},"excerpt":{"rendered":"<p>\u00c4r Invitatioun, de FKK ze entdecken Portes Ouvertes de 23. a 24. Mee 2026 op eisem FKK-Fr\u00e4iz\u00e4it-Terrain D\u2019Associatioun invit\u00e9iert Iech, s\u00e4in Naturisten-Domaine w\u00e4rend zwee aussergew\u00e9inlechen Deeg ze entdecken, d\u00e9i am Zeeche vun Natur, Wuelbefannen a Gesellegkeet stinn. Interess\u00e9iert?Den Zougang ass exklusiv op Invitatioun.Sch\u00e9ckt w.e.g. \u00c4r Ufro fir eng Invitatioun un: SLNL.RelPub@naturisme.lu oder per SMS un +352.691.639.250 (gitt w.e.g. \u00c4ren Numm, Virnumm, \u00c4ren Zivilstand an, falls zoutreffend, \u00c4r Naturiste-Erfarungen un)<\/p>\n","protected":false},"author":3,"featured_media":0,"parent":0,"menu_order":0,"comment_status":"closed","ping_status":"closed","template":"","meta":{"footnotes":""},"class_list":["post-5366","page","type-page","status-publish","hentry"],"_links":{"self":[{"href":"https:\/\/www.naturisme.lu\/lu\/wp-json\/wp\/v2\/pages\/5366","targetHints":{"allow":["GET"]}}],"collection":[{"href":"https:\/\/www.naturisme.lu\/lu\/wp-json\/wp\/v2\/pages"}],"about":[{"href":"https:\/\/www.naturisme.lu\/lu\/wp-json\/wp\/v2\/types\/page"}],"author":[{"embeddable":true,"href":"https:\/\/www.naturisme.lu\/lu\/wp-json\/wp\/v2\/users\/3"}],"replies":[{"embeddable":true,"href":"https:\/\/www.naturisme.lu\/lu\/wp-json\/wp\/v2\/comments?post=5366"}],"version-history":[{"count":6,"href":"https:\/\/www.naturisme.lu\/lu\/wp-json\/wp\/v2\/pages\/5366\/revisions"}],"predecessor-version":[{"id":6296,"href":"https:\/\/www.naturisme.lu\/lu\/wp-json\/wp\/v2\/pages\/5366\/revisions\/6296"}],"wp:attachment":[{"href":"https:\/\/www.naturisme.lu\/lu\/wp-json\/wp\/v2\/media?parent=5366"}],"curies":[{"name":"wp","href":"https:\/\/api.w.org\/{rel}","templated":true}]}}