{"id":94,"date":"2024-04-27T12:46:58","date_gmt":"2024-04-27T10:46:58","guid":{"rendered":"https:\/\/www.naturisme.lu\/guides-et-litteratures-naturistes\/"},"modified":"2024-05-04T01:05:43","modified_gmt":"2024-05-03T23:05:43","slug":"guides-et-litteratures-naturistes","status":"publish","type":"page","link":"https:\/\/www.naturisme.lu\/en\/guides-et-litteratures-naturistes\/","title":{"rendered":"Library"},"content":{"rendered":"\n<div class=\"wp-block-group has-white-background-color has-background\" style=\"font-size:16px\"><div class=\"wp-block-group__inner-container is-layout-constrained wp-block-group-is-layout-constrained\">\n<div class=\"wp-block-columns is-layout-flex wp-container-core-columns-is-layout-9d6595d7 wp-block-columns-is-layout-flex\">\n<div class=\"wp-block-column is-layout-flow wp-block-column-is-layout-flow\" style=\"flex-basis:5%\"><\/div>\n\n\n\n<div class=\"wp-block-column is-layout-flow wp-block-column-is-layout-flow\" style=\"flex-basis:90%\">\n<div class=\"wp-block-columns is-layout-flex wp-container-core-columns-is-layout-9d6595d7 wp-block-columns-is-layout-flex\">\n<div class=\"wp-block-column is-vertically-aligned-center is-layout-flow wp-block-column-is-layout-flow\" style=\"flex-basis:16%\"><div class=\"wp-block-image is-style-default\">\n<figure class=\"alignright size-full\"><img decoding=\"async\" src=\"https:\/\/www.naturisme.lu\/wp-content\/uploads\/2024\/05\/Guide_INF-3.jpg\" alt=\"\" class=\"wp-image-2478\" style=\"aspect-ratio:2\/3;object-fit:cover\"\/><\/figure>\n<\/div><\/div>\n\n\n\n<div class=\"wp-block-column is-vertically-aligned-top is-layout-flow wp-block-column-is-layout-flow\" style=\"flex-basis:16%\">\n<div style=\"height:25px\" aria-hidden=\"true\" class=\"wp-block-spacer\"><\/div>\n\n\n\n<p>Le Guide Mondial du Naturisme<br>FKK Reisef\u00fchrer International<br>Naturist World Handbook<br>INF \/ FNI<\/p>\n<\/div>\n\n\n\n<div class=\"wp-block-column is-vertically-aligned-center is-layout-flow wp-block-column-is-layout-flow\" style=\"flex-basis:16%\"><div class=\"wp-block-image is-style-default\">\n<figure class=\"alignright size-full\"><img decoding=\"async\" src=\"https:\/\/www.naturisme.lu\/wp-content\/uploads\/2024\/05\/Guide_Bonheur-1.jpg\" alt=\"\" class=\"wp-image-2466\" style=\"aspect-ratio:2\/3;object-fit:cover\"\/><\/figure>\n<\/div><\/div>\n\n\n\n<div class=\"wp-block-column is-vertically-aligned-top is-layout-flow wp-block-column-is-layout-flow\" style=\"flex-basis:16%\">\n<div style=\"height:25px\" aria-hidden=\"true\" class=\"wp-block-spacer\"><\/div>\n\n\n\n<p>Le bonheur d\u00eatre nu<br>France Guillain<\/p>\n<\/div>\n\n\n\n<div class=\"wp-block-column is-vertically-aligned-center is-layout-flow wp-block-column-is-layout-flow\" style=\"flex-basis:16%\"><div class=\"wp-block-image is-style-default\">\n<figure class=\"alignright size-full\"><img decoding=\"async\" src=\"https:\/\/www.naturisme.lu\/wp-content\/uploads\/2024\/05\/Guide_Chronic.jpg\" alt=\"\" class=\"wp-image-2470\" style=\"aspect-ratio:2\/3;object-fit:cover\"\/><\/figure>\n<\/div><\/div>\n\n\n\n<div class=\"wp-block-column is-layout-flow wp-block-column-is-layout-flow\" style=\"flex-basis:16%\">\n<div style=\"height:25px\" aria-hidden=\"true\" class=\"wp-block-spacer\"><\/div>\n\n\n\n<p>Geschichte des Naturismus<br>Von der Nacktheit \u00fcber die Nacktkultur zum Naturismus &#8211; Karl Dre\u00dfen<\/p>\n<\/div>\n<\/div>\n\n\n\n<hr class=\"wp-block-separator has-alpha-channel-opacity\"\/>\n\n\n\n<div class=\"wp-block-columns is-layout-flex wp-container-core-columns-is-layout-9d6595d7 wp-block-columns-is-layout-flex\">\n<div class=\"wp-block-column is-vertically-aligned-center is-layout-flow wp-block-column-is-layout-flow\" style=\"flex-basis:16%\"><div class=\"wp-block-image is-style-default\">\n<figure class=\"alignright size-full\"><img decoding=\"async\" src=\"https:\/\/www.naturisme.lu\/wp-content\/uploads\/2024\/05\/Guide_PetitFute-1.jpg\" alt=\"\" class=\"wp-image-2482\" style=\"aspect-ratio:2\/3;object-fit:cover\"\/><\/figure>\n<\/div><\/div>\n\n\n\n<div class=\"wp-block-column is-layout-flow wp-block-column-is-layout-flow\" style=\"flex-basis:16%\">\n<div style=\"height:25px\" aria-hidden=\"true\" class=\"wp-block-spacer\"><\/div>\n\n\n\n<p>Guide du naturisme<br>Petit fut\u00e9 en collaboration avec Natitude<\/p>\n<\/div>\n\n\n\n<div class=\"wp-block-column is-vertically-aligned-center is-layout-flow wp-block-column-is-layout-flow\" style=\"flex-basis:16%\"><div class=\"wp-block-image is-style-default\">\n<figure class=\"alignright size-full\"><img decoding=\"async\" src=\"https:\/\/www.naturisme.lu\/wp-content\/uploads\/2024\/05\/Guide_Guide2021-1.jpg\" alt=\"\" class=\"wp-image-2474\" style=\"aspect-ratio:2\/3;object-fit:cover\"\/><\/figure>\n<\/div><\/div>\n\n\n\n<div class=\"wp-block-column is-layout-flow wp-block-column-is-layout-flow\" style=\"flex-basis:16%\">\n<div style=\"height:25px\" aria-hidden=\"true\" class=\"wp-block-spacer\"><\/div>\n\n\n\n<p>Le Guide Mondial 2021<br>La vie au soleil<\/p>\n<\/div>\n\n\n\n<div class=\"wp-block-column is-vertically-aligned-center is-layout-flow wp-block-column-is-layout-flow\" style=\"flex-basis:16%\"><div class=\"wp-block-image is-style-default\">\n<figure class=\"alignright size-full\"><img decoding=\"async\" src=\"https:\/\/www.naturisme.lu\/wp-content\/uploads\/2024\/05\/Guide_Reisefuhrer-1.jpg\" alt=\"\" class=\"wp-image-2486\" style=\"aspect-ratio:2\/3;object-fit:cover\"\/><\/figure>\n<\/div><\/div>\n\n\n\n<div class=\"wp-block-column is-layout-flow wp-block-column-is-layout-flow\" style=\"flex-basis:16%\">\n<div style=\"height:25px\" aria-hidden=\"true\" class=\"wp-block-spacer\"><\/div>\n\n\n\n<p>FKK Reisef\u00fchrer Europa<br>Drei Brunnen Verlag<\/p>\n<\/div>\n<\/div>\n<\/div>\n\n\n\n<div class=\"wp-block-column is-layout-flow wp-block-column-is-layout-flow\" style=\"flex-basis:5%\"><\/div>\n<\/div>\n<\/div><\/div>\n","protected":false},"excerpt":{"rendered":"<p>Le Guide Mondial du NaturismeFKK Reisef\u00fchrer InternationalNaturist World HandbookINF \/ FNI Le bonheur d\u00eatre nuFrance Guillain Geschichte des NaturismusVon der Nacktheit \u00fcber die Nacktkultur zum Naturismus &#8211; Karl Dre\u00dfen Guide du naturismePetit fut\u00e9 en collaboration avec Natitude Le Guide Mondial 2021La vie au soleil FKK Reisef\u00fchrer EuropaDrei Brunnen Verlag<\/p>\n","protected":false},"author":1,"featured_media":0,"parent":0,"menu_order":0,"comment_status":"closed","ping_status":"closed","template":"","meta":{"footnotes":""},"class_list":["post-94","page","type-page","status-publish","hentry"],"_links":{"self":[{"href":"https:\/\/www.naturisme.lu\/en\/wp-json\/wp\/v2\/pages\/94","targetHints":{"allow":["GET"]}}],"collection":[{"href":"https:\/\/www.naturisme.lu\/en\/wp-json\/wp\/v2\/pages"}],"about":[{"href":"https:\/\/www.naturisme.lu\/en\/wp-json\/wp\/v2\/types\/page"}],"author":[{"embeddable":true,"href":"https:\/\/www.naturisme.lu\/en\/wp-json\/wp\/v2\/users\/1"}],"replies":[{"embeddable":true,"href":"https:\/\/www.naturisme.lu\/en\/wp-json\/wp\/v2\/comments?post=94"}],"version-history":[{"count":60,"href":"https:\/\/www.naturisme.lu\/en\/wp-json\/wp\/v2\/pages\/94\/revisions"}],"predecessor-version":[{"id":2530,"href":"https:\/\/www.naturisme.lu\/en\/wp-json\/wp\/v2\/pages\/94\/revisions\/2530"}],"wp:attachment":[{"href":"https:\/\/www.naturisme.lu\/en\/wp-json\/wp\/v2\/media?parent=94"}],"curies":[{"name":"wp","href":"https:\/\/api.w.org\/{rel}","templated":true}]}}