{"id":775,"date":"2024-04-27T12:39:30","date_gmt":"2024-04-27T10:39:30","guid":{"rendered":"https:\/\/www.naturisme.lu\/?page_id=775"},"modified":"2025-02-19T15:35:03","modified_gmt":"2025-02-19T14:35:03","slug":"politique-de-confidentialite","status":"publish","type":"page","link":"https:\/\/www.naturisme.lu\/en\/politique-de-confidentialite\/","title":{"rendered":"Politique de confidentialit\u00e9"},"content":{"rendered":"\n<div class=\"wp-block-columns is-layout-flex wp-container-core-columns-is-layout-9d6595d7 wp-block-columns-is-layout-flex\">\n<div class=\"wp-block-column is-layout-flow wp-block-column-is-layout-flow\" style=\"flex-basis:15%\"><\/div>\n\n\n\n<div class=\"wp-block-column is-layout-flow wp-block-column-is-layout-flow\" style=\"flex-basis:70%\">\n<div class=\"wp-block-group has-white-background-color has-background\" style=\"font-size:18px\"><div class=\"wp-block-group__inner-container is-layout-constrained wp-block-group-is-layout-constrained\">\n<div style=\"height:25px\" aria-hidden=\"true\" class=\"wp-block-spacer\"><\/div>\n\n\n\n<p class=\"has-large-font-size\"><strong>Notre politique en mati\u00e8re de donn\u00e9es personnelles<\/strong><\/p>\n\n\n\n<p style=\"padding-left: 40px; padding-right: 40px;\">Il est important de lire attentivement le texte concernant cette &#8220;politique de confidentialit\u00e9&#8221;. Si vous avez encore d\u2019autres questions \u00e0 poser \u00e0 ce sujet, n\u2019h\u00e9sitez pas \u00e0 nous contacter via <a href=\"mailto:SLNL.Membres@naturisme.lu\">SLNL.Membres@naturisme.lu<\/a>.<\/p>\n\n\n\n<p style=\"padding-left: 40px; padding-right: 40px;\">L&#8217;association &#8220;<strong>Sports et Loisirs Naturistes, Luxembourg<\/strong>&#8221; (<strong>SLNL<\/strong>) collecte et conserve les donn\u00e9es personnelles des personnes qui la contactent pour s\u2019inscrire \u00e0 notre association, recevoir notre bulletin d\u2019information, recevoir des mailings, participer \u00e0 nos activit\u00e9s, ou se procurer une carte SLNL.<\/p>\n\n\n\n<p style=\"padding-left: 40px; padding-right: 40px;\">Nous attachons une importance extr\u00eame \u00e0 la confidentialit\u00e9 et \u00e0 ce qui rel\u00e8ve de la vie priv\u00e9e; nous traitons donc les donn\u00e9es personnelles dans le respect le plus strict du secret de celles-ci, et ceci toujours en conformit\u00e9 avec les lois en vigueur. La SLNL se conforme donc aux r\u00e8gles \u00e9dict\u00e9es dans le RGPD (R\u00e8glement G\u00e9n\u00e9ral sur la Protection des Donn\u00e9es) de l\u2019Union Europ\u00e9enne ou le R\u00e8glement g\u00e9n\u00e9ral sur la protection des donn\u00e9es.<\/p>\n\n\n\n<p style=\"padding-left: 40px; padding-right: 40px;\">Vous lirez ci-dessous comment la SLNL collecte, sauvegarde et traite vos donn\u00e9es, en fonction de sa mission sociale. La politique de confidentialit\u00e9 est destin\u00e9e \u00e0 vous informer de fa\u00e7on transparente sur les donn\u00e9es collect\u00e9es, le but recherch\u00e9, la mani\u00e8re dont nous les utilisons et vos droits relatifs au traitement de telles donn\u00e9es.<\/p>\n\n\n\n<\/p>\n<p style=\"padding-left: 40px; padding-right: 40px;\"><strong>1. Que sont les \u201cdonn\u00e9es personnelles\u201d et qui est responsable de leur traitement ?<\/strong><\/p>\n\n\n\n<p style=\"padding-left: 40px; padding-right: 40px;\">On entend sous le terme \u201cdonn\u00e9es personnelles\u201d, les informations permettant de vous identifier, directement ou indirectement, telles que vos nom, pr\u00e9nom, date de naissance, adresse, adresse email et num\u00e9ro de t\u00e9l\u00e9phone. Elles incluent aussi votre adresse IP.<\/p>\n\n\n\n<p style=\"padding-left: 40px; padding-right: 40px;\">La SLNL est charg\u00e9e du traitement de vos donn\u00e9es personnelles. Vous trouverez ci-dessous tous les renseignements utiles :<\/p>\n\n\n\n<p style=\"padding-left: 80px; padding-right: 40px;\">Nom de l\u2019organisation : &#8220;Sports et Loisirs Naturistes, Luxembourg&#8221; asbl<br \/>Si\u00e8ge social\u00a0 \u00a0 \u00a0 \u00a0 \u00a0 \u00a0 \u00a0 \u00a0 : 2, rue des Champs | 8285 Kehlen | Luxembourg<br \/>Num\u00e9ro RCS\u00a0 \u00a0 \u00a0 \u00a0 \u00a0 \u00a0 \u00a0 \u00a0: F5126<br \/>Mail\u00a0 \u00a0 \u00a0 \u00a0 \u00a0 \u00a0 \u00a0 \u00a0 \u00a0 \u00a0 \u00a0 \u00a0 \u00a0 \u00a0: <a href=\"mailto:SLNL.RelPub@naturisme.lu\">SLNL.Membres@naturisme.lu<\/a><\/p>\n\n\n\n<\/p>\n<p style=\"padding-left: 40px; padding-right: 40px;\"><strong>2. Quelles sont les donn\u00e9es r\u00e9colt\u00e9es par la SLNL?<\/strong><\/p>\n\n\n\n<p style=\"padding-left: 40px; padding-right: 40px;\">La SLNL ne collecte que les donn\u00e9es que vous lui avez vous-m\u00eame fournies et qui sont n\u00e9cessaires<br \/>aux fins pour lesquelles vous les avez fournies.<\/p>\n\n\n\n<p style=\"padding-left: 40px; padding-right: 40px;\"><em>Visiteur du site web<\/em><br \/>Les serveurs sauvegardent automatiquement les donn\u00e9es envoy\u00e9es par le navigateur du visiteur, \u00e0 chaque fois que celui-ci consulte le site web de la SLNL. Ces logs peuvent contenir les informations suivantes: date et heure de la visite, adresse IP du visiteur, langue et dimension du navigateur, ainsi qu\u2019un ou plusieurs cookies permettant l\u2019identification du navigateur. Ces informations ne sont pas reli\u00e9es aux donn\u00e9es personnelles, qui sont collect\u00e9es ailleurs, et sont uniquement utilis\u00e9es pour \u00e9valuer et am\u00e9liorer le site web et les m\u00e9dias sociaux (Facebook et Twitter) de la SLNL.<\/p>\n\n\n\n<p style=\"padding-left: 40px; padding-right: 40px;\"><em>Prises de vue<\/em><br \/>Nous prenons toutes les pr\u00e9cautions n\u00e9cessaires lors de la prise de photos et l\u2019enregistrement de vid\u00e9os. Nous demandons une autorisation pr\u00e9alable avant toute prise de photo et tout enregistrement vid\u00e9o individuels et avant leur utilisation. Nous demandons \u00e9galement une autorisation pour l\u2019utilisation de photos et vid\u00e9os de groupe et d\u2019ambiance.<\/p>\n\n\n\n<\/p>\n<p style=\"padding-left: 40px; padding-right: 40px;\"><strong>3. Pourquoi la SLBLcollecte-t-elle vos donn\u00e9es personnelles ?<\/strong><\/p>\n\n\n\n<p style=\"padding-left: 40px; padding-right: 40px;\">Nous collectons vos donn\u00e9es essentiellement pour g\u00e9rer et traiter votre inscription, am\u00e9liorer nos services et, d\u2019une mani\u00e8re plus g\u00e9n\u00e9rale, pour une communication mutuelle plus ais\u00e9e.<\/p>\n\n\n\n<\/p>\n<p style=\"padding-left: 40px; padding-right: 40px;\"><strong>4. Comment vos donn\u00e9es personnelles sont-elles obtenues ?<\/strong><\/p>\n\n\n\n<p style=\"padding-left: 40px; padding-right: 40px;\">Toutes les donn\u00e9es personnelles collect\u00e9es et trait\u00e9es par la SLNL sont obtenues directement de la personne concern\u00e9e. La SLNL ne fait donc pas appel \u00e0 une personne tierce.<\/p>\n\n\n\n<\/p>\n<p style=\"padding-left: 40px; padding-right: 40px;\"><strong>5. Comment conservons-nous et prot\u00e9geons-nous vos donn\u00e9es ?<\/strong><\/p>\n\n\n\n<p style=\"padding-left: 40px; padding-right: 40px;\">Vos donn\u00e9es sont trait\u00e9es d\u2019une fa\u00e7on s\u00e9curis\u00e9e. Nous faisons pour cela usage de diverses mesures et technologies de s\u00e9curisation afin de prot\u00e9ger vos donn\u00e9es de fa\u00e7on ad\u00e9quate contre un acc\u00e8s ou usage non autoris\u00e9, une perte ou une suppression, ou leur divulgation publique.<\/p>\n\n\n\n<\/p>\n<p style=\"padding-left: 40px; padding-right: 40px;\"><strong>6. Pendant combien de temps conservons-nous les donn\u00e9es personnelles ?<\/strong><\/p>\n\n\n\n<p style=\"padding-left: 40px; padding-right: 40px;\">La SLNL ne conserve pas vos donn\u00e9es personnelles au-del\u00e0 du temps n\u00e9cessaire \u00e0 accomplir ce pourquoi elles ont \u00e9t\u00e9 fournies, ou aussi longtemps que n\u00e9cessaire pour satisfaire \u00e0 toutes les obligations l\u00e9gales. La SLNL s\u2019engage \u00e0 ne pas garder les donn\u00e9es plus de trois (3) ans apr\u00e8s leur derni\u00e8re utilisation, \u00e0 moins qu\u2019elles ne soient n\u00e9cessaires \u00e0 des fins statistiques.<\/p>\n\n\n\n<p style=\"padding-left: 40px; padding-right: 40px;\">Chaque personne concern\u00e9e a bien entendu \u00e0 tout moment le droit de faire supprimer ses donn\u00e9es (\u201cle droit \u00e0 l\u2019oubli\u201d).<\/p>\n\n\n\n<\/p>\n<p style=\"padding-left: 40px; padding-right: 40px;\"><strong>7. Qui a acc\u00e8s \u00e0 vos donn\u00e9es personnelles ?<\/strong><\/p>\n\n\n\n<p style=\"padding-left: 40px; padding-right: 40px;\">Nous ne partageons pas vos donn\u00e9es personnelles sans votre autorisation, ou consentement tacite, c\u2019est-\u00e0-dire apr\u00e8s vous en avoir averti et vous avoir laiss\u00e9 la possibilit\u00e9 de vous opposer au partage de donn\u00e9es bien pr\u00e9cises ou de toutes les donn\u00e9es.<\/p>\n\n\n\n<p style=\"padding-left: 40px; padding-right: 40px;\">Les donn\u00e9es que vous nous avez fournies peuvent \u00eatre c\u00e9d\u00e9es \u00e0 des parties tierces si cela est indispensable pour l\u2019ex\u00e9cution des objectifs d\u00e9crits pr\u00e9c\u00e9demment. C\u2019est ainsi que nous faisons appel \u00e0 une tierce partie (sous-traitant) pour :<\/p>\n<ul>\n<li style=\"list-style-type: none;\">\n<ul style=\"padding-left: 40px;\">\n<li>l\u2019entretien de l\u2019environnement Internet (h\u00e9bergeur web)<\/li>\n<li>l\u2019entretien de l\u2019infrastructure IT (entre autres le r\u00e9seau IT,\u2026)<\/li>\n<li>le traitement (et la diffusion) de lettres d\u2019information et d\u2019invitations, moyennant autorisation<\/li>\n<li>l\u2019inscription de membres aupr\u00e8s d\u2019autres f\u00e9d\u00e9rations naturistes<\/li>\n<\/ul>\n<\/li>\n<\/ul>\n<p style=\"padding-left: 40px; padding-right: 40px;\">Nous ne communiquons jamais de donn\u00e9es personnelles \u00e0 des parties tierces autres que celles avec qui nous avons conclu un contrat de sous-traitance. Il va sans dire que nous prenons avec ces tiers les accords n\u00e9cessaires afin de garantir la s\u00e9curisation des donn\u00e9es personnelles.<\/p>\n\n\n\n<p style=\"padding-left: 40px; padding-right: 40px;\">En outre, nous ne communiquerons pas \u00e0 des tiers les donn\u00e9es re\u00e7ues, sauf obligation l\u00e9gale, par exemple dans le cadre d\u2019une enqu\u00eate polici\u00e8re ou judiciaire. Mais par ailleurs, nous pouvons partager des donn\u00e9es personnelles avec des tiers si vous nous en avez donn\u00e9 l\u2019autorisation. Cette autorisation peut \u00e0 tout moment \u00eatre retir\u00e9e, sans que ce retrait n\u2019affecte pour autant le bienfond\u00e9 du traitement des donn\u00e9es avant le retrait.<\/p>\n\n\n\n<p style=\"padding-left: 40px; padding-right: 40px;\">Nous ne communiquerons en aucun cas vos donn\u00e9es personnelles \u00e0 des tiers \u00e0 des fins commerciales, ni \u00e0 des tiers \u00e9tablis hors de l\u2019Union Europ\u00e9enne.<\/p>\n\n\n\n<p style=\"padding-left: 40px; padding-right: 40px;\"><strong>8. Quels sont vos droits et comment les exercer ?<\/strong><\/p>\n<p style=\"padding-left: 40px; padding-right: 40px;\">Vous pouvez \u00e0 tout moment :<\/p>\n<ul>\n<li style=\"list-style-type: none;\">\n<ul style=\"padding-left: 40px; padding-right: 40px;\">\n<li><span style=\"color: initial;\">demander \u00e0 consulter vos donn\u00e9es personnelles,<\/span><\/li>\n<li><span style=\"color: initial;\">demander \u00e0 corriger des donn\u00e9es erron\u00e9es,<\/span><\/li>\n<li>formuler une objection contre l\u2019utilisation et le traitement de vos donn\u00e9es personnelles,<\/li>\n<li>ou donner votre autorisation \u00e0 cette utilisation,<\/li>\n<li>demander l\u2019effacement de vos donn\u00e9es personnelles,<\/li>\n<\/ul>\n<\/li>\n<\/ul>\n<p style=\"padding-left: 40px; padding-right: 40px;\">Il vous suffit pour cela d\u2019envoyer un e-mail \u00e0 l\u2019adresse suivante : <a href=\"mailto:SLNL@naturisme.lu\">SLNL.Membres@naturisme.lu<\/a>.<\/p>\n\n\n\n<p style=\"padding-left: 40px; padding-right: 40px;\">Le retrait de votre autorisation n\u2019a pas d\u2019influence sur la l\u00e9gitimit\u00e9 du traitement de vos donn\u00e9es pr\u00e9alable \u00e0 ce retrait.<\/p>\n\n\n\n<p style=\"padding-left: 40px; padding-right: 40px;\">Nous ferons alors tout le n\u00e9cessaire dans les plus brefs d\u00e9lais.<br \/>Vous pouvez vous tenir au courant des \u00e9ventuelles mises \u00e0 jour de la &#8220;D\u00e9claration de confidentialit\u00e9&#8221; en la consultant \u00e0 nouveau. Cette version &#8220;online&#8221; est toujours la plus r\u00e9cente.<\/p>\n<p style=\"padding-left: 40px; padding-right: 40px;\">\n\n\n\n<div style=\"height:25px\" aria-hidden=\"true\" class=\"wp-block-spacer\"><\/div>\n<\/div><\/div>\n<\/div>\n\n\n\n<div class=\"wp-block-column is-layout-flow wp-block-column-is-layout-flow\" style=\"flex-basis:15%\"><\/div>\n<\/div>\n","protected":false},"excerpt":{"rendered":"<p>Notre politique en mati\u00e8re de donn\u00e9es personnelles Il est important de lire attentivement le texte concernant cette &#8220;politique de confidentialit\u00e9&#8221;. Si vous avez encore d\u2019autres questions \u00e0 poser \u00e0 ce sujet, n\u2019h\u00e9sitez pas \u00e0 nous contacter via SLNL.Membres@naturisme.lu. L&#8217;association &#8220;Sports et Loisirs Naturistes, Luxembourg&#8221; (SLNL) collecte et conserve les donn\u00e9es personnelles des personnes qui la contactent pour s\u2019inscrire \u00e0 notre association, recevoir notre bulletin d\u2019information, recevoir des mailings, participer \u00e0 nos activit\u00e9s, ou se procurer une carte SLNL. Nous attachons une importance extr\u00eame \u00e0 la confidentialit\u00e9 et \u00e0 ce qui rel\u00e8ve de la vie priv\u00e9e; nous traitons donc les donn\u00e9es personnelles dans le respect le plus strict du secret de celles-ci, et ceci toujours en conformit\u00e9 avec les lois en vigueur. La SLNL se conforme donc aux r\u00e8gles \u00e9dict\u00e9es dans le RGPD (R\u00e8glement G\u00e9n\u00e9ral sur la Protection des Donn\u00e9es) de l\u2019Union Europ\u00e9enne ou le R\u00e8glement g\u00e9n\u00e9ral sur la protection des donn\u00e9es. Vous lirez ci-dessous comment la SLNL collecte, sauvegarde et traite vos donn\u00e9es, en fonction de sa mission sociale. La politique de confidentialit\u00e9 est destin\u00e9e \u00e0 vous informer de fa\u00e7on transparente sur les donn\u00e9es collect\u00e9es, le but recherch\u00e9, la mani\u00e8re dont nous les utilisons et vos droits relatifs au traitement de telles donn\u00e9es. 1. Que sont les \u201cdonn\u00e9es personnelles\u201d et qui est responsable de leur traitement ? On entend sous le terme \u201cdonn\u00e9es personnelles\u201d, les informations permettant de vous identifier, directement ou indirectement, telles que vos nom, pr\u00e9nom, date de naissance, adresse, adresse email et num\u00e9ro de t\u00e9l\u00e9phone. Elles incluent aussi votre adresse IP. La SLNL est charg\u00e9e du traitement de vos donn\u00e9es personnelles. Vous trouverez ci-dessous tous les renseignements utiles : Nom de l\u2019organisation : &#8220;Sports et Loisirs Naturistes, Luxembourg&#8221; asblSi\u00e8ge social\u00a0 \u00a0 \u00a0 \u00a0 \u00a0 \u00a0 \u00a0 \u00a0 : 2, rue des Champs | 8285 Kehlen | LuxembourgNum\u00e9ro RCS\u00a0 \u00a0 \u00a0 \u00a0 \u00a0 \u00a0 \u00a0 \u00a0: F5126Mail\u00a0 \u00a0 \u00a0 \u00a0 \u00a0 \u00a0 \u00a0 \u00a0 \u00a0 \u00a0 \u00a0 \u00a0 \u00a0 \u00a0: SLNL.Membres@naturisme.lu 2. Quelles sont les donn\u00e9es r\u00e9colt\u00e9es par la SLNL? La SLNL ne collecte que les donn\u00e9es que vous lui avez vous-m\u00eame fournies et qui sont n\u00e9cessairesaux fins pour lesquelles vous les avez fournies. Visiteur du site webLes serveurs sauvegardent automatiquement les donn\u00e9es envoy\u00e9es par le navigateur du visiteur, \u00e0 chaque fois que celui-ci consulte le site web de la SLNL. Ces logs peuvent contenir les informations suivantes: date et heure de la visite, adresse IP du visiteur, langue et dimension du navigateur, ainsi qu\u2019un ou plusieurs cookies permettant l\u2019identification du navigateur. Ces informations ne sont pas reli\u00e9es aux donn\u00e9es personnelles, qui sont collect\u00e9es ailleurs, et sont uniquement utilis\u00e9es pour \u00e9valuer et am\u00e9liorer le site web et les m\u00e9dias sociaux (Facebook et Twitter) de la SLNL. Prises de vueNous prenons toutes les pr\u00e9cautions n\u00e9cessaires lors de la prise de photos et l\u2019enregistrement de vid\u00e9os. Nous demandons une autorisation pr\u00e9alable avant toute prise de photo et tout enregistrement vid\u00e9o individuels et avant leur utilisation. Nous demandons \u00e9galement une autorisation pour l\u2019utilisation de photos et vid\u00e9os de groupe et d\u2019ambiance. 3. Pourquoi la SLBLcollecte-t-elle vos donn\u00e9es personnelles ? Nous collectons vos donn\u00e9es essentiellement pour g\u00e9rer et traiter votre inscription, am\u00e9liorer nos services et, d\u2019une mani\u00e8re plus g\u00e9n\u00e9rale, pour une communication mutuelle plus ais\u00e9e. 4. Comment vos donn\u00e9es personnelles sont-elles obtenues ? Toutes les donn\u00e9es personnelles collect\u00e9es et trait\u00e9es par la SLNL sont obtenues directement de la personne concern\u00e9e. La SLNL ne fait donc pas appel \u00e0 une personne tierce. 5. Comment conservons-nous et prot\u00e9geons-nous vos donn\u00e9es ? Vos donn\u00e9es sont trait\u00e9es d\u2019une fa\u00e7on s\u00e9curis\u00e9e. Nous faisons pour cela usage de diverses mesures et technologies de s\u00e9curisation afin de prot\u00e9ger vos donn\u00e9es de fa\u00e7on ad\u00e9quate contre un acc\u00e8s ou usage non autoris\u00e9, une perte ou une suppression, ou leur divulgation publique. 6. Pendant combien de temps conservons-nous les donn\u00e9es personnelles ? La SLNL ne conserve pas vos donn\u00e9es personnelles au-del\u00e0 du temps n\u00e9cessaire \u00e0 accomplir ce pourquoi elles ont \u00e9t\u00e9 fournies, ou aussi longtemps que n\u00e9cessaire pour satisfaire \u00e0 toutes les obligations l\u00e9gales. La SLNL s\u2019engage \u00e0 ne pas garder les donn\u00e9es plus de trois (3) ans apr\u00e8s leur derni\u00e8re utilisation, \u00e0 moins qu\u2019elles ne soient n\u00e9cessaires \u00e0 des fins statistiques. Chaque personne concern\u00e9e a bien entendu \u00e0 tout moment le droit de faire supprimer ses donn\u00e9es (\u201cle droit \u00e0 l\u2019oubli\u201d). 7. Qui a acc\u00e8s \u00e0 vos donn\u00e9es personnelles ? Nous ne partageons pas vos donn\u00e9es personnelles sans votre autorisation, ou consentement tacite, c\u2019est-\u00e0-dire apr\u00e8s vous en avoir averti et vous avoir laiss\u00e9 la possibilit\u00e9 de vous opposer au partage de donn\u00e9es bien pr\u00e9cises ou de toutes les donn\u00e9es. Les donn\u00e9es que vous nous avez fournies peuvent \u00eatre c\u00e9d\u00e9es \u00e0 des parties tierces si cela est indispensable pour l\u2019ex\u00e9cution des objectifs d\u00e9crits pr\u00e9c\u00e9demment. C\u2019est ainsi que nous faisons appel \u00e0 une tierce partie (sous-traitant) pour : l\u2019entretien de l\u2019environnement Internet (h\u00e9bergeur web) l\u2019entretien de l\u2019infrastructure IT (entre autres le r\u00e9seau IT,\u2026) le traitement (et la diffusion) de lettres d\u2019information et d\u2019invitations, moyennant autorisation l\u2019inscription de membres aupr\u00e8s d\u2019autres f\u00e9d\u00e9rations naturistes Nous ne communiquons jamais de donn\u00e9es personnelles \u00e0 des parties tierces autres que celles avec qui nous avons conclu un contrat de sous-traitance. Il va sans dire que nous prenons avec ces tiers les accords n\u00e9cessaires afin de garantir la s\u00e9curisation des donn\u00e9es personnelles. En outre, nous ne communiquerons pas \u00e0 des tiers les donn\u00e9es re\u00e7ues, sauf obligation l\u00e9gale, par exemple dans le cadre d\u2019une enqu\u00eate polici\u00e8re ou judiciaire. Mais par ailleurs, nous pouvons partager des donn\u00e9es personnelles avec des tiers si vous nous en avez donn\u00e9 l\u2019autorisation. Cette autorisation peut \u00e0 tout moment \u00eatre retir\u00e9e, sans que ce retrait n\u2019affecte pour autant le bienfond\u00e9 du traitement des donn\u00e9es avant le retrait. Nous ne communiquerons en aucun cas vos donn\u00e9es personnelles \u00e0 des tiers \u00e0 des fins commerciales, ni \u00e0 des tiers \u00e9tablis hors de l\u2019Union Europ\u00e9enne. 8. Quels sont vos droits et comment les exercer ? Vous pouvez \u00e0 tout moment : demander \u00e0 consulter vos donn\u00e9es personnelles, demander \u00e0 corriger des donn\u00e9es erron\u00e9es, formuler une objection contre l\u2019utilisation et [&hellip;]<\/p>\n","protected":false},"author":1,"featured_media":0,"parent":0,"menu_order":0,"comment_status":"closed","ping_status":"open","template":"","meta":{"footnotes":""},"class_list":["post-775","page","type-page","status-publish","hentry"],"_links":{"self":[{"href":"https:\/\/www.naturisme.lu\/en\/wp-json\/wp\/v2\/pages\/775","targetHints":{"allow":["GET"]}}],"collection":[{"href":"https:\/\/www.naturisme.lu\/en\/wp-json\/wp\/v2\/pages"}],"about":[{"href":"https:\/\/www.naturisme.lu\/en\/wp-json\/wp\/v2\/types\/page"}],"author":[{"embeddable":true,"href":"https:\/\/www.naturisme.lu\/en\/wp-json\/wp\/v2\/users\/1"}],"replies":[{"embeddable":true,"href":"https:\/\/www.naturisme.lu\/en\/wp-json\/wp\/v2\/comments?post=775"}],"version-history":[{"count":14,"href":"https:\/\/www.naturisme.lu\/en\/wp-json\/wp\/v2\/pages\/775\/revisions"}],"predecessor-version":[{"id":5269,"href":"https:\/\/www.naturisme.lu\/en\/wp-json\/wp\/v2\/pages\/775\/revisions\/5269"}],"wp:attachment":[{"href":"https:\/\/www.naturisme.lu\/en\/wp-json\/wp\/v2\/media?parent=775"}],"curies":[{"name":"wp","href":"https:\/\/api.w.org\/{rel}","templated":true}]}}