{"id":5051,"date":"2024-07-26T18:38:45","date_gmt":"2024-07-26T16:38:45","guid":{"rendered":"https:\/\/www.naturisme.lu\/press\/"},"modified":"2026-05-08T12:13:01","modified_gmt":"2026-05-08T10:13:01","slug":"press","status":"publish","type":"page","link":"https:\/\/www.naturisme.lu\/en\/press\/","title":{"rendered":"Press articles"},"content":{"rendered":"\n<div class=\"wp-block-group has-black-background-color has-background\"><div class=\"wp-block-group__inner-container is-layout-constrained wp-block-group-is-layout-constrained\">\n<div class=\"wp-block-group has-white-background-color has-background\" style=\"font-size:16px\"><div class=\"wp-block-group__inner-container is-layout-constrained wp-block-group-is-layout-constrained\">\n<div class=\"wp-block-columns has-nogap has-black-background-color has-background is-layout-flex wp-container-core-columns-is-layout-9d6595d7 wp-block-columns-is-layout-flex\">\n<div class=\"wp-block-column has-black-background-color has-background is-layout-flow wp-block-column-is-layout-flow\" style=\"flex-basis:25%\"><\/div>\n\n\n\n<div class=\"wp-block-column is-vertically-aligned-center has-borderBottom has-white-background-color has-background is-layout-flow wp-block-column-is-layout-flow\" style=\"flex-basis:50%\">\n<p><!-- L'Essentiel --><\/p>\n<p><span style=\"padding-left: 40px;\"><strong style=\"color: #319f49; font-family: trebuchet; font-size: 20px; font-weight: bold; text-align: Left; text-decoration: underline;\">L&#8217;Essentiel<\/strong><br \/><\/span> <span style=\"padding-left: 60px;\">\u2022\u00a024\/05\/2024\u00a0:\u00a0<\/span> <a href=\"https:\/\/www.lessentiel.lu\/fr\/story\/evenement-ce-week-end-bientot-une-marche-naturiste-au-luxembourg-103112987?utm_source=L%27essentiel+Newsletter+FR&amp;utm_campaign=c6a54b0d83-RSS_EMAIL_CAMPAIGN&amp;utm_medium=email&amp;utm_term=0_b96ca90092-c6a54b0d83-24795648\" target=\"_blank\" rel=\"noreferrer noopener nofollow\">Bient\u00f4t une marche naturiste au Luxembourg?<\/a><br \/><span style=\"padding-left: 60px;\">\u2022\u00a024\/05\/2024\u00a0:\u00a0<\/span> <a href=\"https:\/\/www.lessentiel.lu\/de\/story\/luxemburg-wo-fkk-liebhaber-in-luxemburg-ein-refugium-haben-103112787\" target=\"_blank\" rel=\"noreferrer noopener nofollow\">Wo FKK-Liebhaber in Luxemburg ein Refugium haben<\/a><\/p>\n<p><!-- Le Quotidien  --><\/p>\n<p><span style=\"padding-left: 40px;\"><strong style=\"color: #319f49; font-family: trebuchet; font-size: 20px; font-weight: bold; text-align: Left; text-decoration: underline;\">Le Quotidien<\/strong><br \/><\/span> <span style=\"padding-left: 60px;\">\u2022\u00a005\/05\/2026\u00a0:\u00a0<\/span> <a href=\"https:\/\/lequotidien.lu\/luxembourg\/naturisme-en-mai-fais-ce-quil-te-plait\/\" target=\"_blank\" rel=\"noreferrer noopener nofollow\">Naturisme: en mai, fais ce qu\u2019il te plait<\/a><br \/><span style=\"padding-left: 60px;\">\u2022\u00a012\/05\/2025\u00a0:\u00a0<\/span> <a href=\"https:\/\/lequotidien.lu\/luxembourg\/envie-de-decouvrir-le-naturisme\/\" target=\"_blank\" rel=\"noreferrer noopener nofollow\">Envie de d\u00e9couvrir le naturisme ?<\/a><br \/><span style=\"padding-left: 60px;\">\u2022\u00a021\/05\/2024\u00a0:\u00a0<\/span> <a href=\"https:\/\/lequotidien.lu\/a-la-une\/naturisme%E2%80%89-linteret-est-grandissant-au-luxembourg\/\" target=\"_blank\" rel=\"noreferrer noopener nofollow\">Naturisme: \u00abL\u2019int\u00e9r\u00eat est grandissant au Luxembourg\u00bb<\/a><\/p>\n<p><!-- Chronicle  --><\/p>\n<p><span style=\"padding-left: 40px;\"><strong style=\"color: #319f49; font-family: trebuchet; font-size: 20px; font-weight: bold; text-align: Left; text-decoration: underline;\">Chronicle<\/strong><br \/><\/span> <span style=\"padding-left: 60px;\">\u2022\u00a007\/05\/2026\u00a0:\u00a0<\/span> <a href=\"https:\/\/chronicle.lu\/event\/14213-naturist-open-days\" target=\"_blank\" rel=\"noreferrer noopener nofollow\">Naturist Open Days<\/a><br \/><span style=\"padding-left: 60px;\">\u2022\u00a007\/05\/2026\u00a0:\u00a0<\/span> <a href=\"https:\/\/chronicle.lu\/category\/things-to-see-do\/61036-naturist-association-to-hold-open-days-near-luxembourg-city\" target=\"_blank\" rel=\"noreferrer noopener nofollow\">Naturist Association to Hold Open Days Near Luxembourg City<\/a><br \/><span style=\"padding-left: 60px;\">\u2022\u00a012\/05\/2025\u00a0:\u00a0<\/span> <a href=\"https:\/\/chronicle.lu\/event\/13367-naturist-open-days\" target=\"_blank\" rel=\"noreferrer noopener nofollow\">Naturist Open Days<\/a><br \/><span style=\"padding-left: 60px;\">\u2022\u00a006\/05\/2024\u00a0:\u00a0<\/span> <a href=\"https:\/\/chronicle.lu\/category\/things-to-see-do\/49666-naturist-recreation-area-open-days-announced\" target=\"_blank\" rel=\"noreferrer noopener nofollow\">Naturist Recreation Area Open Days Announced<\/a><br \/><span style=\"padding-left: 60px;\">\u2022\u00a022\/05\/2024\u00a0:\u00a0<\/span> <a href=\"https:\/\/chronicle.lu\/category\/wellness\/29292-naturist-association-to-hold-open-house\" target=\"_blank\" rel=\"noreferrer noopener nofollow\">Naturist Association to hold Open House<\/a><\/p>\n<p><!-- Luxemburger Wort  --><\/p>\n<p><span style=\"padding-left: 40px;\"><strong style=\"color: #319f49; font-family: trebuchet; font-size: 20px; font-weight: bold; text-align: Left; text-decoration: underline;\">Luxemburger Wort<\/strong><br \/><\/span> <span style=\"padding-left: 60px;\">\u2022\u00a015\/05\/2025\u00a0:\u00a0<\/span> <a href=\"https:\/\/www.mywort.lu\/fr\/mywort\/kehlen\/news\/tage-der-offenen-tuer-auf-fkk-erholungsgelaende-6825ed43de135b9236ed2b34\" target=\"_blank\" rel=\"noreferrer noopener nofollow\">Tage der Offenen T\u00fcr auf FKK-Erholungsgel\u00e4nde<\/a><br \/><span style=\"padding-left: 60px;\">\u2022\u00a015\/05\/2025\u00a0:\u00a0<\/span> <a href=\"https:\/\/www.mywort.lu\/fr\/mywort\/kehlen\/event\/journees-portes-ouvertes-sur-terrain-de-recreation-naturiste-6825edffde135b9236ed64dd\" target=\"_blank\" rel=\"noreferrer noopener nofollow\">Journ\u00e9es Portes Ouvertes sur terrain de r\u00e9cr\u00e9ation naturiste<\/a><br \/><span style=\"padding-left: 60px;\">\u2022\u00a015\/05\/2025\u00a0:\u00a0<\/span> <a href=\"https:\/\/www.mywort.lu\/fr\/mywort\/kehlen\/event\/open-days-at-naturist-recreation-area-6825ee76de135b9236ed95c7\" target=\"_blank\" rel=\"noreferrer noopener nofollow\">Open days at naturist recreation area<\/a><br \/><span style=\"padding-left: 60px;\">\u2022\u00a015\/05\/2025\u00a0:\u00a0<\/span> <a href=\"https:\/\/www.mywort.lu\/fr\/mywort\/kehlen\/event\/porte-ouverte-den-25-an-26-mai-bei-de-letzebuerger-naturisten-6825ef32de135b9236edcd7f\" target=\"_blank\" rel=\"noreferrer noopener nofollow\">Porte Ouverte den 25. an 26. Mai bei de L\u00ebtzebuerger Naturisten<\/a><\/p>\n<p><!-- LuxTimes  --><\/p>\n<p><span style=\"padding-left: 40px;\"><strong style=\"color: #319f49; font-family: trebuchet; font-size: 20px; font-weight: bold; text-align: Left; text-decoration: underline;\">LuxTimes<\/strong><br \/><\/span> <span style=\"padding-left: 60px;\">\u2022\u00a021\/05\/2024\u00a0:\u00a0<\/span> <a href=\"https:\/\/www.luxtimes.lu\/yourluxembourg\/leisureandtravel\/strip-off-for-luxembourg-s-naturist-open-days\/12960152.html\" target=\"_blank\" rel=\"noreferrer noopener nofollow\">Strip off for Luxembourg\u2019s naturist open days<\/a><\/p>\n<p><!-- RTL  --><\/p>\n<p><span style=\"padding-left: 40px;\"><strong style=\"color: #319f49; font-family: trebuchet; font-size: 20px; font-weight: bold; text-align: Left; text-decoration: underline;\">RTL<\/strong><br \/><\/span> <span style=\"padding-left: 60px;\">\u2022\u00a017\/05\/2024\u00a0:\u00a0<\/span> <a href=\"https:\/\/www.rtl.lu\/lifestyle\/news\/a\/2196578.html\" target=\"_blank\" rel=\"noreferrer noopener nofollow\">Live! Planet People am Replay<\/a><\/p>\n<p><!-- Virgule  --><\/p>\n<p><span style=\"padding-left: 40px;\"><strong style=\"color: #319f49; font-family: trebuchet; font-size: 20px; font-weight: bold; text-align: Left; text-decoration: underline;\">Virgule<\/strong><br \/><\/span> <span style=\"padding-left: 60px;\">\u2022\u00a023\/05\/2024\u00a0:\u00a0<\/span> <a href=\"https:\/\/www.virgule.lu\/luxembourg\/immersion-dans-le-terrain-secret-des-naturistes-luxembourgeois\/13061123.html\" target=\"_blank\" rel=\"noreferrer noopener nofollow\">Immersion dans le terrain secret des naturistes luxembourgeois<\/a><br \/><span style=\"padding-left: 60px;\">\u2022\u00a025\/07\/2024\u00a0:\u00a0<\/span> <a href=\"https:\/\/www.virgule.lu\/luxembourg\/a-la-decouverte-du-seul-parc-naturiste-du-luxembourg\/16598450.html\" target=\"_blank\" rel=\"noreferrer noopener nofollow\">\u00c0 la d\u00e9couverte du seul parc naturiste du Luxembourg<\/a><\/p>\n<p><!-- Tout-Luxembourg --><\/p>\n<p><span style=\"padding-left: 40px;\"><strong style=\"color: #319f49; font-family: trebuchet; font-size: 20px; font-weight: bold; text-align: Left; text-decoration: underline;\">Tout-Luxembourg<\/strong><br \/><\/span> <span style=\"padding-left: 60px;\">\u2022\u00a020\/05\/2025\u00a0:\u00a0<\/span> <a href=\"https:\/\/www.tout-luxembourg.com\/week-end-decouvrir-naturisme-luxembourg-mai-2025-7854123\" target=\"_blank\" rel=\"noreferrer noopener nofollow\">Un week-end pour d\u00e9couvrir le naturisme au Luxembourg<\/a><\/p>\n<p><!-- tageblatt  --><\/p>\n<p><span style=\"padding-left: 40px;\"><strong style=\"color: #319f49; font-family: trebuchet; font-size: 20px; font-weight: bold; text-align: Left; text-decoration: underline;\">Tageblatt<\/strong><br \/><\/span> <span style=\"padding-left: 60px;\">\u2022\u00a006\/05\/2026\u00a0:\u00a0<\/span> <a href=\"https:\/\/www.tageblatt.lu\/Luxemburg\/Zwei-Tage-Naturismus-erleben-64323.html\" target=\"_blank\" rel=\"noreferrer noopener nofollow\">Zwei Tage Naturismus erleben<\/a><br \/><span style=\"padding-left: 60px;\">\u2022\u00a014\/05\/2025\u00a0:\u00a0<\/span> <a href=\"https:\/\/www.tageblatt.lu\/nachrichten\/luxemburg\/natuerlich-entspannen-beim-tag-der-offenen-tuer\/\" target=\"_blank\" rel=\"noreferrer noopener nofollow\">FKK in Luxemburg \/ Nat\u00fcrlich entspannen beim Tag der offenen T\u00fcr<\/a><\/p>\n<p><!-- volksfreund  --><\/p>\n<p><span style=\"padding-left: 40px;\"><strong style=\"color: #319f49; font-family: trebuchet; font-size: 20px; font-weight: bold; text-align: Left; text-decoration: underline;\">Volksfreund<\/strong><br \/><\/span> <span style=\"padding-left: 60px;\">\u2022\u00a023\/05\/2025\u00a0:\u00a0<\/span> <a href=\"https:\/\/www.volksfreund.de\/region\/luxemburg\/fkk-in-luxemburg-sexindustrie-und-falsches-koerperideal-machen-es-uns-naturisten-schwer_aid-128032529\" target=\"_blank\" rel=\"noreferrer noopener nofollow\">Sexindustrie und falsches K\u00f6rperideal machen es uns Naturisten schwer<\/a><\/p>\n<p><!-- RepublicainLorrain  --><\/p>\n<p><span style=\"padding-left: 40px;\"><strong style=\"color: #319f49; font-family: trebuchet; font-size: 20px; font-weight: bold; text-align: Left; text-decoration: underline;\">Le Republicain Lorrain<\/strong><br \/><\/span> <span style=\"padding-left: 60px;\">\u2022\u00a022\/05\/2024\u00a0:\u00a0<\/span> <a href=\"https:\/\/www.republicain-lorrain.fr\/culture-loisirs\/2024\/05\/22\/un-week-end-pour-decouvrir-le-naturisme\" target=\"_blank\" rel=\"noreferrer noopener nofollow\">Un week-end pour d\u00e9couvrir le naturisme<\/a><\/p>\n<p><!-- Contacto  --><\/p>\n<p><span style=\"padding-left: 40px;\"><strong style=\"color: #319f49; font-family: trebuchet; font-size: 20px; font-weight: bold; text-align: Left; text-decoration: underline;\">Contacto<\/strong><br \/><\/span> <span style=\"padding-left: 60px;\">\u2022\u00a025\/07\/2024\u00a0:\u00a0<\/span> <a href=\"https:\/\/emea01.safelinks.protection.outlook.com\/?url=https%3A%2F%2Fwww.contacto.lu%2Fluxemburgo%2Fdespimo-nos-para-entrar-no-unico-parque-de-naturismo-do-luxemburgo%2F16338740.html&amp;data=05%7C02%7C%7Cf2a0e812a0f74a87bf7008dcac9bdf38%7C84df9e7fe9f640afb435aaaaaaaaaaaa%7C1%7C0%7C638575033097112147%7CUnknown%7CTWFpbGZsb3d8eyJWIjoiMC4wLjAwMDAiLCJQIjoiV2luMzIiLCJBTiI6Ik1haWwiLCJXVCI6Mn0%3D%7C0%7C%7C%7C&amp;sdata=OwFf8UhFoXpKAds6nn9wK9U4TbcLu6MBcm%2FOEKrevT0%3D&amp;reserved=0\" target=\"_blank\" rel=\"noreferrer noopener nofollow\">Despimo-nos para entrar no \u00fanico parque de naturismo do Luxemburgo<\/a><\/p>\n<p><!-- Radio Latina  --><\/p>\n<p><span style=\"padding-left: 40px;\"><strong style=\"color: #319f49; font-family: trebuchet; font-size: 20px; font-weight: bold; text-align: Left; text-decoration: underline;\">Radio Latina<\/strong><br \/><\/span> <span style=\"padding-left: 60px;\">\u2022\u00a022\/07\/2024\u00a0:\u00a0<\/span> <a href=\"https:\/\/emea01.safelinks.protection.outlook.com\/?url=https%3A%2F%2Fwww.latina.lu%2Fpt%2Flatina%2Fh-330-naturistas-no-luxemburgo-os-portugueses-s-o-muito-poucos-669e0fc4de135b9236cfc5f8&amp;data=05%7C02%7C%7C5d4c941c03be4a71314108dcabfeae3f%7C84df9e7fe9f640afb435aaaaaaaaaaaa%7C1%7C0%7C638574357550696261%7CUnknown%7CTWFpbGZsb3d8eyJWIjoiMC4wLjAwMDAiLCJQIjoiV2luMzIiLCJBTiI6Ik1haWwiLCJXVCI6Mn0%3D%7C0%7C%7C%7C&amp;sdata=d3RuyYxuHJl0%2BmUIHgqOzpNThZlCtNRn6HRB9aihlEg%3D&amp;reserved=0\" target=\"_blank\" rel=\"noreferrer noopener nofollow\">H\u00e1 330 naturistas no Luxemburgo. Os portugueses s\u00e3o &#8216;muito poucos&#8217;<\/a><\/p>\n<\/div>\n<\/div>\n<\/div><\/div>\n<\/div><\/div>\n\n\n\n<div style=\"height:40px\" aria-hidden=\"true\" class=\"wp-block-spacer\"><\/div>\n\n\n\n<div class=\"wp-block-group has-black-background-color has-background\"><div class=\"wp-block-group__inner-container is-layout-constrained wp-block-group-is-layout-constrained\">\n<div class=\"wp-block-group has-white-background-color has-background\" style=\"font-size:16px\"><div class=\"wp-block-group__inner-container is-layout-constrained wp-block-group-is-layout-constrained\">\n<div class=\"wp-block-columns are-vertically-aligned-center has-nogap has-black-background-color has-background is-layout-flex wp-container-core-columns-is-layout-9d6595d7 wp-block-columns-is-layout-flex\">\n<div class=\"wp-block-column is-vertically-aligned-center is-layout-flow wp-block-column-is-layout-flow\" style=\"flex-basis:25%\"><\/div>\n\n\n\n<div class=\"wp-block-column is-vertically-aligned-center has-borderBottom has-cyan-bluish-gray-background-color has-background has-small-font-size is-layout-flow wp-block-column-is-layout-flow\" style=\"flex-basis:50%\">\n<p style=\"padding-top: 20px; padding-left: 20px; padding-right: 20px;\"><em>The contents of all linked websites are the sole responsibility of their operators and not of the association.<\/em><\/p>\n<p style=\"padding-left: 20px; padding-right: 20px;\"><em>The association asks to be informed if links are defective or if they lead to websites with illegal, political or offensive content, so that these links can be removed as quickly as possible.<\/em><\/p>\n<\/div>\n<\/div>\n<\/div><\/div>\n<\/div><\/div>\n","protected":false},"excerpt":{"rendered":"<p>L&#8217;Essentiel \u2022\u00a024\/05\/2024\u00a0:\u00a0 Bient\u00f4t une marche naturiste au Luxembourg?\u2022\u00a024\/05\/2024\u00a0:\u00a0 Wo FKK-Liebhaber in Luxemburg ein Refugium haben Le Quotidien \u2022\u00a005\/05\/2026\u00a0:\u00a0 Naturisme: en mai, fais ce qu\u2019il te plait\u2022\u00a012\/05\/2025\u00a0:\u00a0 Envie de d\u00e9couvrir le naturisme ?\u2022\u00a021\/05\/2024\u00a0:\u00a0 Naturisme: \u00abL\u2019int\u00e9r\u00eat est grandissant au Luxembourg\u00bb Chronicle \u2022\u00a007\/05\/2026\u00a0:\u00a0 Naturist Open Days\u2022\u00a007\/05\/2026\u00a0:\u00a0 Naturist Association to Hold Open Days Near Luxembourg City\u2022\u00a012\/05\/2025\u00a0:\u00a0 Naturist Open Days\u2022\u00a006\/05\/2024\u00a0:\u00a0 Naturist Recreation Area Open Days Announced\u2022\u00a022\/05\/2024\u00a0:\u00a0 Naturist Association to hold Open House Luxemburger Wort \u2022\u00a015\/05\/2025\u00a0:\u00a0 Tage der Offenen T\u00fcr auf FKK-Erholungsgel\u00e4nde\u2022\u00a015\/05\/2025\u00a0:\u00a0 Journ\u00e9es Portes Ouvertes sur terrain de r\u00e9cr\u00e9ation naturiste\u2022\u00a015\/05\/2025\u00a0:\u00a0 Open days at naturist recreation area\u2022\u00a015\/05\/2025\u00a0:\u00a0 Porte Ouverte den 25. an 26. Mai bei de L\u00ebtzebuerger Naturisten LuxTimes \u2022\u00a021\/05\/2024\u00a0:\u00a0 Strip off for Luxembourg\u2019s naturist open days RTL \u2022\u00a017\/05\/2024\u00a0:\u00a0 Live! Planet People am Replay Virgule \u2022\u00a023\/05\/2024\u00a0:\u00a0 Immersion dans le terrain secret des naturistes luxembourgeois\u2022\u00a025\/07\/2024\u00a0:\u00a0 \u00c0 la d\u00e9couverte du seul parc naturiste du Luxembourg Tout-Luxembourg \u2022\u00a020\/05\/2025\u00a0:\u00a0 Un week-end pour d\u00e9couvrir le naturisme au Luxembourg Tageblatt \u2022\u00a006\/05\/2026\u00a0:\u00a0 Zwei Tage Naturismus erleben\u2022\u00a014\/05\/2025\u00a0:\u00a0 FKK in Luxemburg \/ Nat\u00fcrlich entspannen beim Tag der offenen T\u00fcr Volksfreund \u2022\u00a023\/05\/2025\u00a0:\u00a0 Sexindustrie und falsches K\u00f6rperideal machen es uns Naturisten schwer Le Republicain Lorrain \u2022\u00a022\/05\/2024\u00a0:\u00a0 Un week-end pour d\u00e9couvrir le naturisme Contacto \u2022\u00a025\/07\/2024\u00a0:\u00a0 Despimo-nos para entrar no \u00fanico parque de naturismo do Luxemburgo Radio Latina \u2022\u00a022\/07\/2024\u00a0:\u00a0 H\u00e1 330 naturistas no Luxemburgo. Os portugueses s\u00e3o &#8216;muito poucos&#8217; The contents of all linked websites are the sole responsibility of their operators and not of the association. The association asks to be informed if links are defective or if they lead to websites with illegal, political or offensive content, so that these links can be removed as quickly as possible.<\/p>\n","protected":false},"author":2,"featured_media":0,"parent":0,"menu_order":0,"comment_status":"closed","ping_status":"closed","template":"","meta":{"footnotes":""},"class_list":["post-5051","page","type-page","status-publish","hentry"],"_links":{"self":[{"href":"https:\/\/www.naturisme.lu\/en\/wp-json\/wp\/v2\/pages\/5051","targetHints":{"allow":["GET"]}}],"collection":[{"href":"https:\/\/www.naturisme.lu\/en\/wp-json\/wp\/v2\/pages"}],"about":[{"href":"https:\/\/www.naturisme.lu\/en\/wp-json\/wp\/v2\/types\/page"}],"author":[{"embeddable":true,"href":"https:\/\/www.naturisme.lu\/en\/wp-json\/wp\/v2\/users\/2"}],"replies":[{"embeddable":true,"href":"https:\/\/www.naturisme.lu\/en\/wp-json\/wp\/v2\/comments?post=5051"}],"version-history":[{"count":6,"href":"https:\/\/www.naturisme.lu\/en\/wp-json\/wp\/v2\/pages\/5051\/revisions"}],"predecessor-version":[{"id":6310,"href":"https:\/\/www.naturisme.lu\/en\/wp-json\/wp\/v2\/pages\/5051\/revisions\/6310"}],"wp:attachment":[{"href":"https:\/\/www.naturisme.lu\/en\/wp-json\/wp\/v2\/media?parent=5051"}],"curies":[{"name":"wp","href":"https:\/\/api.w.org\/{rel}","templated":true}]}}