{"id":4738,"date":"2024-05-13T19:43:46","date_gmt":"2024-05-13T17:43:46","guid":{"rendered":"https:\/\/www.naturisme.lu\/liens\/"},"modified":"2026-01-11T13:46:44","modified_gmt":"2026-01-11T12:46:44","slug":"liens","status":"publish","type":"page","link":"https:\/\/www.naturisme.lu\/en\/liens\/","title":{"rendered":"Links"},"content":{"rendered":"\n<div class=\"wp-block-group has-black-background-color has-background\"><div class=\"wp-block-group__inner-container is-layout-constrained wp-block-group-is-layout-constrained\">\n<div class=\"wp-block-group has-white-background-color has-background\" style=\"font-size:16px\"><div class=\"wp-block-group__inner-container is-layout-constrained wp-block-group-is-layout-constrained\">\n<div class=\"wp-block-columns are-vertically-aligned-center has-nogap has-black-background-color has-background is-layout-flex wp-container-core-columns-is-layout-9d6595d7 wp-block-columns-is-layout-flex\">\n<div class=\"wp-block-column is-layout-flow wp-block-column-is-layout-flow\" style=\"flex-basis:25%\"><\/div>\n\n\n\n<div class=\"wp-block-column is-vertically-aligned-center has-borderBottom has-white-background-color has-background is-layout-flow wp-block-column-is-layout-flow\" style=\"flex-basis:50%\">\n<div class=\"wp-block-columns has-nogap is-layout-flex wp-container-core-columns-is-layout-9d6595d7 wp-block-columns-is-layout-flex\">\n<div class=\"wp-block-column is-vertically-aligned-center has-borderRight is-layout-flow wp-block-column-is-layout-flow\" style=\"flex-basis:20%\"><div class=\"wp-block-image\">\n<figure class=\"aligncenter size-full is-resized\"><img loading=\"lazy\" decoding=\"async\" width=\"250\" height=\"278\" src=\"https:\/\/www.naturisme.lu\/wp-content\/uploads\/2026\/01\/FLN_Logo_FlagNickNameText_250x250.webp\" alt=\"\" class=\"wp-image-6063\" style=\"width:auto;height:100px\"\/><\/figure>\n<\/div><\/div>\n\n\n\n<div class=\"wp-block-column is-vertically-aligned-center has-white-background-color has-background is-layout-flow wp-block-column-is-layout-flow\" style=\"flex-basis:80%\">\n<div style=\"height:10px\" aria-hidden=\"true\" class=\"wp-block-spacer\"><\/div>\n\n\n\n<p style=\"padding-left: 40px;\"><strong style=\"font-size: large;\"><a href=\"http:\/\/www.felunat.lu\/\" target=\"_blank\" rel=\"noopener\">F\u00e9d\u00e9ration Luxembourgeoise de Naturisme<\/a><\/strong><\/p>\n<\/div>\n<\/div>\n<\/div>\n<\/div>\n\n\n\n<div class=\"wp-block-columns has-nogap has-black-background-color has-background is-layout-flex wp-container-core-columns-is-layout-9d6595d7 wp-block-columns-is-layout-flex\">\n<div class=\"wp-block-column has-black-background-color has-background is-layout-flow wp-block-column-is-layout-flow\" style=\"flex-basis:25%\"><\/div>\n\n\n\n<div class=\"wp-block-column is-vertically-aligned-center has-borderBottom has-white-background-color has-background is-layout-flow wp-block-column-is-layout-flow\" style=\"flex-basis:50%\">\n<div class=\"wp-block-columns has-nogap is-layout-flex wp-container-core-columns-is-layout-9d6595d7 wp-block-columns-is-layout-flex\">\n<div class=\"wp-block-column is-vertically-aligned-center has-borderRight is-layout-flow wp-block-column-is-layout-flow\" style=\"flex-basis:20%\"><div class=\"wp-block-image\">\n<figure class=\"aligncenter size-full is-resized\"><img loading=\"lazy\" decoding=\"async\" width=\"225\" height=\"225\" src=\"https:\/\/www.naturisme.lu\/wp-content\/uploads\/2024\/05\/Logo_INF-FNI_Short_Transparent.png\" alt=\"\" class=\"wp-image-1500\" style=\"width:auto;height:100px\" srcset=\"https:\/\/www.naturisme.lu\/wp-content\/uploads\/2024\/05\/Logo_INF-FNI_Short_Transparent.png 225w, https:\/\/www.naturisme.lu\/wp-content\/uploads\/2024\/05\/Logo_INF-FNI_Short_Transparent-150x150.png 150w\" sizes=\"auto, (max-width: 225px) 100vw, 225px\" \/><\/figure>\n<\/div><\/div>\n\n\n\n<div class=\"wp-block-column is-vertically-aligned-center has-white-background-color has-background is-layout-flow wp-block-column-is-layout-flow\" style=\"flex-basis:80%\">\n<div style=\"height:10px\" aria-hidden=\"true\" class=\"wp-block-spacer\"><\/div>\n\n\n\n<p style=\"padding-left: 40px;\"><strong style=\"font-size: large;\"><a href=\"http:\/\/www.inf-fni.org\/\" target=\"_blank\" rel=\"noopener\">F\u00e9d\u00e9ration Naturiste Internationale (INF-FNI)<\/a><\/strong><\/p>\n<p style=\"padding-left: 40px;\"><a href=\"https:\/\/downloads.inf-fni.org\/inf-fni-focus\/\" target=\"_blank\" rel=\"noopener\">INF-FNI Newsletter<\/a><\/p>\n<\/div>\n<\/div>\n<\/div>\n<\/div>\n<\/div><\/div>\n<\/div><\/div>\n\n\n\n<div style=\"height:40px\" aria-hidden=\"true\" class=\"wp-block-spacer\"><\/div>\n\n\n\n<div class=\"wp-block-group has-black-background-color has-background\"><div class=\"wp-block-group__inner-container is-layout-constrained wp-block-group-is-layout-constrained\">\n<div class=\"wp-block-group has-white-background-color has-background\" style=\"font-size:16px\"><div class=\"wp-block-group__inner-container is-layout-constrained wp-block-group-is-layout-constrained\">\n<div class=\"wp-block-columns are-vertically-aligned-center has-nogap has-black-background-color has-background is-layout-flex wp-container-core-columns-is-layout-9d6595d7 wp-block-columns-is-layout-flex\">\n<div class=\"wp-block-column is-layout-flow wp-block-column-is-layout-flow\" style=\"flex-basis:25%\"><\/div>\n\n\n\n<div class=\"wp-block-column is-vertically-aligned-center has-borderBottom has-white-background-color has-background is-layout-flow wp-block-column-is-layout-flow\" style=\"flex-basis:50%\">\n<div class=\"wp-block-columns are-vertically-aligned-center has-nogap is-layout-flex wp-container-core-columns-is-layout-9d6595d7 wp-block-columns-is-layout-flex\">\n<div class=\"wp-block-column is-vertically-aligned-center has-borderRight is-layout-flow wp-block-column-is-layout-flow\" style=\"flex-basis:20%\"><div class=\"wp-block-image\">\n<figure class=\"aligncenter size-full is-resized\"><img loading=\"lazy\" decoding=\"async\" width=\"1092\" height=\"527\" src=\"https:\/\/www.naturisme.lu\/wp-content\/uploads\/2024\/05\/Logo_F4N-3.png\" alt=\"\" class=\"wp-image-4701\" style=\"width:auto;height:50px\" srcset=\"https:\/\/www.naturisme.lu\/wp-content\/uploads\/2024\/05\/Logo_F4N-3.png 1092w, https:\/\/www.naturisme.lu\/wp-content\/uploads\/2024\/05\/Logo_F4N-3-300x145.png 300w, https:\/\/www.naturisme.lu\/wp-content\/uploads\/2024\/05\/Logo_F4N-3-1024x494.png 1024w, https:\/\/www.naturisme.lu\/wp-content\/uploads\/2024\/05\/Logo_F4N-3-768x371.png 768w\" sizes=\"auto, (max-width: 1092px) 100vw, 1092px\" \/><\/figure>\n<\/div><\/div>\n\n\n\n<div class=\"wp-block-column is-vertically-aligned-center has-white-background-color has-background is-layout-flow wp-block-column-is-layout-flow\" style=\"flex-basis:80%\">\n<div style=\"height:10px\" aria-hidden=\"true\" class=\"wp-block-spacer\"><\/div>\n\n\n\n<p style=\"padding-left: 40px;\"><strong style=\"font-size: large;\"><a href=\"https:\/\/www.france4naturisme.com\/\" target=\"_blank\" rel=\"noopener\">France 4 Naturisme<\/a><\/strong><\/p>\n<\/div>\n<\/div>\n<\/div>\n<\/div>\n<\/div><\/div>\n<\/div><\/div>\n\n\n\n<div style=\"height:40px\" aria-hidden=\"true\" class=\"wp-block-spacer\"><\/div>\n\n\n\n<div class=\"wp-block-group has-black-background-color has-background\"><div class=\"wp-block-group__inner-container is-layout-constrained wp-block-group-is-layout-constrained\">\n<div class=\"wp-block-group has-white-background-color has-background\" style=\"font-size:16px\"><div class=\"wp-block-group__inner-container is-layout-constrained wp-block-group-is-layout-constrained\">\n<div class=\"wp-block-columns are-vertically-aligned-center has-nogap has-black-background-color has-background is-layout-flex wp-container-core-columns-is-layout-9d6595d7 wp-block-columns-is-layout-flex\">\n<div class=\"wp-block-column is-layout-flow wp-block-column-is-layout-flow\" style=\"flex-basis:25%\"><\/div>\n\n\n\n<div class=\"wp-block-column is-vertically-aligned-center has-borderBottom has-white-background-color has-background is-layout-flow wp-block-column-is-layout-flow\" style=\"flex-basis:50%\">\n<div class=\"wp-block-columns has-nogap is-layout-flex wp-container-core-columns-is-layout-9d6595d7 wp-block-columns-is-layout-flex\">\n<div class=\"wp-block-column is-vertically-aligned-center has-borderRight is-layout-flow wp-block-column-is-layout-flow\" style=\"flex-basis:20%\"><div class=\"wp-block-image\">\n<figure class=\"aligncenter size-full is-resized\"><img loading=\"lazy\" decoding=\"async\" width=\"646\" height=\"101\" src=\"https:\/\/www.naturisme.lu\/wp-content\/uploads\/2024\/05\/Logo_FKK-Museum.jpg\" alt=\"\" class=\"wp-image-4712\" style=\"width:auto;height:50px\" srcset=\"https:\/\/www.naturisme.lu\/wp-content\/uploads\/2024\/05\/Logo_FKK-Museum.jpg 646w, https:\/\/www.naturisme.lu\/wp-content\/uploads\/2024\/05\/Logo_FKK-Museum-300x47.jpg 300w\" sizes=\"auto, (max-width: 646px) 100vw, 646px\" \/><\/figure>\n<\/div><\/div>\n\n\n\n<div class=\"wp-block-column is-vertically-aligned-center has-white-background-color has-background is-layout-flow wp-block-column-is-layout-flow\" style=\"flex-basis:80%\">\n<div style=\"height:10px\" aria-hidden=\"true\" class=\"wp-block-spacer\"><\/div>\n\n\n\n<p style=\"padding-left: 40px;\"><strong style=\"font-size: large;\"><a href=\"http:\/\/www.fkk-museum.de\/museum.html\" target=\"_blank\" rel=\"noopener\">FKK-Museum<\/a><\/strong><\/p>\n<\/div>\n<\/div>\n<\/div>\n<\/div>\n\n\n\n<div class=\"wp-block-columns are-vertically-aligned-center has-nogap has-black-background-color has-background is-layout-flex wp-container-core-columns-is-layout-9d6595d7 wp-block-columns-is-layout-flex\">\n<div class=\"wp-block-column is-layout-flow wp-block-column-is-layout-flow\" style=\"flex-basis:25%\"><\/div>\n\n\n\n<div class=\"wp-block-column is-vertically-aligned-center has-borderBottom has-white-background-color has-background is-layout-flow wp-block-column-is-layout-flow\" style=\"flex-basis:50%\">\n<div class=\"wp-block-columns has-nogap is-layout-flex wp-container-core-columns-is-layout-9d6595d7 wp-block-columns-is-layout-flex\">\n<div class=\"wp-block-column is-vertically-aligned-center has-borderRight is-layout-flow wp-block-column-is-layout-flow\" style=\"flex-basis:20%\"><div class=\"wp-block-image\">\n<figure class=\"aligncenter size-full is-resized\"><img loading=\"lazy\" decoding=\"async\" width=\"462\" height=\"731\" src=\"https:\/\/www.naturisme.lu\/wp-content\/uploads\/2024\/05\/medpsych_at-1.png\" alt=\"\" class=\"wp-image-4867\" style=\"width:auto;height:125px\" srcset=\"https:\/\/www.naturisme.lu\/wp-content\/uploads\/2024\/05\/medpsych_at-1.png 462w, https:\/\/www.naturisme.lu\/wp-content\/uploads\/2024\/05\/medpsych_at-1-190x300.png 190w\" sizes=\"auto, (max-width: 462px) 100vw, 462px\" \/><\/figure>\n<\/div><\/div>\n\n\n\n<div class=\"wp-block-column is-vertically-aligned-center has-white-background-color has-background is-layout-flow wp-block-column-is-layout-flow\" style=\"flex-basis:80%\">\n<div style=\"height:15px\" aria-hidden=\"true\" class=\"wp-block-spacer\"><\/div>\n\n\n\n<p style=\"padding-left: 40px;\"><strong style=\"font-size: large;\"><a href=\"https:\/\/medpsych.at\/Naturism.html\" target=\"_blank\" rel=\"noopener\">FKK Originalarbeiten und Rezensionen &#8211; Web Site<\/a><\/strong><\/p>\n<p style=\"padding-left: 40px;\"><strong style=\"font-size: large;\"><a href=\"https:\/\/medpsych.at\/FKK.zip\" target=\"_blank\" rel=\"noopener\">FKK Originalarbeiten und Rezensionen &#8211; Documents Download<\/a><br \/><\/strong><\/p>\n<\/div>\n<\/div>\n<\/div>\n<\/div>\n<\/div><\/div>\n<\/div><\/div>\n\n\n\n<div style=\"height:40px\" aria-hidden=\"true\" class=\"wp-block-spacer\"><\/div>\n\n\n\n<div class=\"wp-block-group has-black-background-color has-background\"><div class=\"wp-block-group__inner-container is-layout-constrained wp-block-group-is-layout-constrained\">\n<div class=\"wp-block-group has-white-background-color has-background\" style=\"font-size:16px\"><div class=\"wp-block-group__inner-container is-layout-constrained wp-block-group-is-layout-constrained\">\n<div class=\"wp-block-columns are-vertically-aligned-center has-nogap has-black-background-color has-background is-layout-flex wp-container-core-columns-is-layout-9d6595d7 wp-block-columns-is-layout-flex\">\n<div class=\"wp-block-column is-vertically-aligned-center is-layout-flow wp-block-column-is-layout-flow\" style=\"flex-basis:25%\"><\/div>\n\n\n\n<div class=\"wp-block-column is-vertically-aligned-center has-borderBottom has-cyan-bluish-gray-background-color has-background has-small-font-size is-layout-flow wp-block-column-is-layout-flow\" style=\"flex-basis:50%\">\n<p style=\"padding-top: 20px; padding-left: 20px; padding-right: 20px;\"><em>The content of all linked websites is the sole responsibility of their operators and not of the association.<\/em><\/p>\n<p style=\"padding-top: 20px; padding-left: 20px; padding-right: 20px;\"><em>The association asks to be informed if links are broken or lead to websites with illegal, political, or offensive content so that they can be removed as quickly as possible.<\/em><\/p>\n<\/div>\n<\/div>\n<\/div><\/div>\n<\/div><\/div>\n","protected":false},"excerpt":{"rendered":"<p>F\u00e9d\u00e9ration Luxembourgeoise de Naturisme F\u00e9d\u00e9ration Naturiste Internationale (INF-FNI) INF-FNI Newsletter France 4 Naturisme FKK-Museum FKK Originalarbeiten und Rezensionen &#8211; Web Site FKK Originalarbeiten und Rezensionen &#8211; Documents Download The content of all linked websites is the sole responsibility of their operators and not of the association. The association asks to be informed if links are broken or lead to websites with illegal, political, or offensive content so that they can be removed as quickly as possible.<\/p>\n","protected":false},"author":2,"featured_media":0,"parent":0,"menu_order":0,"comment_status":"closed","ping_status":"closed","template":"","meta":{"footnotes":""},"class_list":["post-4738","page","type-page","status-publish","hentry"],"_links":{"self":[{"href":"https:\/\/www.naturisme.lu\/en\/wp-json\/wp\/v2\/pages\/4738","targetHints":{"allow":["GET"]}}],"collection":[{"href":"https:\/\/www.naturisme.lu\/en\/wp-json\/wp\/v2\/pages"}],"about":[{"href":"https:\/\/www.naturisme.lu\/en\/wp-json\/wp\/v2\/types\/page"}],"author":[{"embeddable":true,"href":"https:\/\/www.naturisme.lu\/en\/wp-json\/wp\/v2\/users\/2"}],"replies":[{"embeddable":true,"href":"https:\/\/www.naturisme.lu\/en\/wp-json\/wp\/v2\/comments?post=4738"}],"version-history":[{"count":18,"href":"https:\/\/www.naturisme.lu\/en\/wp-json\/wp\/v2\/pages\/4738\/revisions"}],"predecessor-version":[{"id":6073,"href":"https:\/\/www.naturisme.lu\/en\/wp-json\/wp\/v2\/pages\/4738\/revisions\/6073"}],"wp:attachment":[{"href":"https:\/\/www.naturisme.lu\/en\/wp-json\/wp\/v2\/media?parent=4738"}],"curies":[{"name":"wp","href":"https:\/\/api.w.org\/{rel}","templated":true}]}}