{"id":98,"date":"2024-04-27T13:01:55","date_gmt":"2024-04-27T11:01:55","guid":{"rendered":"https:\/\/www.naturisme.lu\/presentation-de-lassociation\/"},"modified":"2026-01-04T21:10:26","modified_gmt":"2026-01-04T20:10:26","slug":"presentation-de-lassociation","status":"publish","type":"page","link":"https:\/\/www.naturisme.lu\/de\/presentation-de-lassociation\/","title":{"rendered":"Wir stellen unseren Verein vor"},"content":{"rendered":"\n<div class=\"wp-block-group has-white-background-color has-background\"><div class=\"wp-block-group__inner-container is-layout-constrained wp-block-group-is-layout-constrained\">\n<div class=\"wp-block-columns is-layout-flex wp-container-core-columns-is-layout-9d6595d7 wp-block-columns-is-layout-flex\">\n<div class=\"wp-block-column is-layout-flow wp-block-column-is-layout-flow\" style=\"flex-basis:12%\"><\/div>\n\n\n\n<div class=\"wp-block-column is-vertically-aligned-center is-layout-flow wp-block-column-is-layout-flow\" style=\"flex-basis:50%\">\n<div class=\"wp-block-group\" style=\"font-size:18px\"><div class=\"wp-block-group__inner-container is-layout-constrained wp-block-group-is-layout-constrained\">\n<p style=\"font-size:18px\">Unser Naturisten-Verein, der \u00e4lteste Luxemburger FKK-Verein, wurde 1980 unter dem Namen \u201eLes Naturistes Luxembourgeois\u201c asbl gegr\u00fcndet und 1994 in \u201e<strong>Sports et Loisirs Naturistes, Luxembourg<\/strong>\u201c asbl (<strong>SLNL<\/strong>) umbenannt.<\/p>\n<\/div><\/div>\n<\/div>\n\n\n\n<div class=\"wp-block-column is-layout-flow wp-block-column-is-layout-flow\" style=\"flex-basis:25%\">\n<div class=\"wp-block-group\"><div class=\"wp-block-group__inner-container is-layout-constrained wp-block-group-is-layout-constrained\">\n<div style=\"height:30px\" aria-hidden=\"true\" class=\"wp-block-spacer\"><\/div>\n\n\n<div class=\"wp-block-image\">\n<figure class=\"aligncenter size-full is-resized\"><img loading=\"lazy\" decoding=\"async\" width=\"512\" height=\"503\" src=\"https:\/\/www.naturisme.lu\/wp-content\/uploads\/2026\/01\/SLNL_Logo_FlagNickName_512x512.webp\" alt=\"\" class=\"wp-image-6046\" style=\"width:225px\" srcset=\"https:\/\/www.naturisme.lu\/wp-content\/uploads\/2026\/01\/SLNL_Logo_FlagNickName_512x512.webp 512w, https:\/\/www.naturisme.lu\/wp-content\/uploads\/2026\/01\/SLNL_Logo_FlagNickName_512x512-300x295.webp 300w\" sizes=\"auto, (max-width: 512px) 100vw, 512px\" \/><\/figure>\n<\/div>\n\n\n<p class=\"has-text-align-center\" style=\"font-size:18px\"><em>Sports et Loisirs Naturistes, Luxembourg, asbl<br><\/em>(SLNL)<\/p>\n<\/div><\/div>\n<\/div>\n<\/div>\n<\/div><\/div>\n\n\n\n<div class=\"wp-block-group has-white-color has-black-background-color has-text-color has-background has-link-color wp-elements-ad829ecd614d6a00dbfcb4dff25a6b50\"><div class=\"wp-block-group__inner-container is-layout-constrained wp-block-group-is-layout-constrained\">\n<div class=\"wp-block-columns is-layout-flex wp-container-core-columns-is-layout-9d6595d7 wp-block-columns-is-layout-flex\">\n<div class=\"wp-block-column is-layout-flow wp-block-column-is-layout-flow\" style=\"flex-basis:25%\">\n<div class=\"wp-block-group\"><div class=\"wp-block-group__inner-container is-layout-constrained wp-block-group-is-layout-constrained\">\n<div style=\"height:30px\" aria-hidden=\"true\" class=\"wp-block-spacer\"><\/div>\n\n\n<div class=\"wp-block-image\">\n<figure class=\"aligncenter size-full is-resized\"><img loading=\"lazy\" decoding=\"async\" width=\"225\" height=\"225\" src=\"https:\/\/www.naturisme.lu\/wp-content\/uploads\/2024\/05\/Logo_INF-FNI_Short_Transparent.png\" alt=\"\" class=\"wp-image-1500\" style=\"width:250px\" srcset=\"https:\/\/www.naturisme.lu\/wp-content\/uploads\/2024\/05\/Logo_INF-FNI_Short_Transparent.png 225w, https:\/\/www.naturisme.lu\/wp-content\/uploads\/2024\/05\/Logo_INF-FNI_Short_Transparent-150x150.png 150w\" sizes=\"auto, (max-width: 225px) 100vw, 225px\" \/><\/figure>\n<\/div>\n\n\n<p class=\"has-text-align-center\" style=\"font-size:18px\"><em><em>Internationale Naturisten F\u00f6deration<\/em><\/em><br>(INF-FNI)<\/p>\n<\/div><\/div>\n<\/div>\n\n\n\n<div class=\"wp-block-column is-vertically-aligned-center is-layout-flow wp-block-column-is-layout-flow\" style=\"flex-basis:45%\">\n<div class=\"wp-block-group\" style=\"font-size:18px\"><div class=\"wp-block-group__inner-container is-layout-constrained wp-block-group-is-layout-constrained\">\n<p style=\"font-size:18px\">Wir sind \u00fcber den <a href=\"http:\/\/www.felunat.lu\"><strong>Luxemburger Naturisten Verband<\/strong> (<strong>F\u00e9d\u00e9ration Luxembourgeoise de Naturisme &#8211; FLN<\/strong>)<\/a> an die <a href=\"https:\/\/inf-fni.org\/\"><strong>Internationale Naturisten-F\u00f6deration<\/strong> (<strong>INF-FNI<\/strong>)<\/a> angeschlossen und dadurch Mitglied in der weltweiten Naturisten Organisation.<\/p>\n\n\n\n<p style=\"font-size:18px\">Alle Mitglieder haben ein Anrecht auf eine Internationale Naturisten Lizenz (Ferienkarte), die von der INF\/FLN ausgestellt wird. Diese Lizenz gew\u00e4hrt dir den Zugang zu allen weltweit von der Internationalen Naturisten F\u00f6deration anerkannten FKK-Gel\u00e4nden und Ferienzentren.<\/p>\n<\/div><\/div>\n<\/div>\n\n\n\n<div class=\"wp-block-column is-layout-flow wp-block-column-is-layout-flow\" style=\"flex-basis:25%\">\n<div class=\"wp-block-group\"><div class=\"wp-block-group__inner-container is-layout-constrained wp-block-group-is-layout-constrained\">\n<div style=\"height:30px\" aria-hidden=\"true\" class=\"wp-block-spacer\"><\/div>\n\n\n<div class=\"wp-block-image\">\n<figure class=\"aligncenter size-large is-resized\"><img loading=\"lazy\" decoding=\"async\" width=\"921\" height=\"1024\" src=\"https:\/\/www.naturisme.lu\/wp-content\/uploads\/2025\/12\/FLN_Logo_FlagNickNameText2-921x1024.png\" alt=\"\" class=\"wp-image-6038\" style=\"width:200px\" srcset=\"https:\/\/www.naturisme.lu\/wp-content\/uploads\/2025\/12\/FLN_Logo_FlagNickNameText2-921x1024.png 921w, https:\/\/www.naturisme.lu\/wp-content\/uploads\/2025\/12\/FLN_Logo_FlagNickNameText2-270x300.png 270w, https:\/\/www.naturisme.lu\/wp-content\/uploads\/2025\/12\/FLN_Logo_FlagNickNameText2-768x854.png 768w, https:\/\/www.naturisme.lu\/wp-content\/uploads\/2025\/12\/FLN_Logo_FlagNickNameText2.png 1032w\" sizes=\"auto, (max-width: 921px) 100vw, 921px\" \/><\/figure>\n<\/div>\n\n\n<p class=\"has-text-align-center\" style=\"font-size:18px\"><em><em>Luxemburger Naturisten Verband<\/em><\/em><br>(FLN)<\/p>\n<\/div><\/div>\n<\/div>\n<\/div>\n<\/div><\/div>\n\n\n\n<div class=\"wp-block-group has-white-background-color has-background\" style=\"font-size:18px\"><div class=\"wp-block-group__inner-container is-layout-constrained wp-block-group-is-layout-constrained\">\n<div class=\"wp-block-columns is-layout-flex wp-container-core-columns-is-layout-9d6595d7 wp-block-columns-is-layout-flex\">\n<div class=\"wp-block-column is-layout-flow wp-block-column-is-layout-flow\" style=\"flex-basis:15%\"><\/div>\n\n\n\n<div class=\"wp-block-column is-layout-flow wp-block-column-is-layout-flow\" style=\"flex-basis:70%\">\n<div style=\"height:25px\" aria-hidden=\"true\" class=\"wp-block-spacer\"><\/div>\n\n\n\n<p align=\"justify\">Seit 1987 besitzt unser Verein ein ca. 4 Hektar gro\u00dfes FKK-Gel\u00e4nde in der N\u00e4he von Luxemburg-Stadt, mitten im Wald, mit gro\u00dfen Freifl\u00e4chen zum Sonnenbaden und zur sportlichen Bet\u00e4tigung. Wir nenne es \u201eunser kleines Paradies\u201c. Dieses \u201eParadies\u201c soll unseren Mitgliedern Ruhe und Entspannung bieten, fernab vom \u00fcblichen touristischen Trubel anderer Erholungszentren und Urlaubsorte.<\/p>\n<p align=\"justify\">Egal, ob Sie sich einfach nur nackt in Ruhe sonnen oder aber ein wenig Sport treiben m\u00f6chten, es ist f\u00fcr jeden etwas dabei.<\/p>\n<p align=\"justify\">Wir m\u00f6chten Ihnen unser Gel\u00e4nde unverbindlich vorstellen. Neben einer pers\u00f6nlichen Einladung kann dies im Rahmen unserer \u201eBesuchertage\u201c erfolgen, die im Fr\u00fchjahr, in der Regel Anfang Juni, stattfinden.<\/p>\n<p align=\"justify\">Wir sind sicherlich der erste FKK-Verein mit internationaler Ausrichtung, was sich auch in unserem viertelj\u00e4hrlich erscheinenden mehrsprachigen Newsletter widerspiegelt. Wenn Sie unser Vereinsgel\u00e4nde besuchen, k\u00f6nnen Sie viele unterschiedliche Sprachen h\u00f6ren: Luxemburgisch, Deutsch, Franz\u00f6sisch, Italienisch, Niederl\u00e4ndisch, Englisch u.a.<\/p>\n<p align=\"justify\">Unser Verein ver\u00f6ffentlicht mehrmals im Jahr einen \u201eNewsletter\u201c, um seine Mitglieder (vorzugsweise in digitaler Form) \u00fcber die vergangenen und k\u00fcnftigen Aktivit\u00e4ten des Vereins zu informieren. Unsere Mitglieder haben stets die M\u00f6glichkeit, Artikel \u00fcber ihre FKK-Erfahrungen einzureichen.<\/p>\n<p align=\"justify\">Die Tradition will es, dass wir zu Beginn der Saison gemeinsam ins Restaurant gehen, unser Sommerfest und unsere Weihnachtsfeier veranstalten und im Fr\u00fchjahr und Herbst ehrenamtliche Arbeit leisten, um unser Gel\u00e4nde zu unterhalten. Bei Interesse besteht die M\u00f6glichkeit, in den Wintermonaten Saunag\u00e4nge zu vereinbaren, auch auf unserem Gel\u00e4nde, ferner Wanderungen und gemeinsame Ausfl\u00fcge.<\/p>\n<p align=\"justify\">Die Teilnahme an den Aktivit\u00e4ten des Vereins ist nat\u00fcrlich nicht verpflichtend, w\u00fcrde aber das gegenseitige Kennenlernen und den Zusammenhalt unter den Mitgliedern f\u00f6rdern.<\/p>\n<p align=\"justify\">Wir m\u00f6chten darauf aufmerksam machen, dass der Verein den Umweltschutz ernst nimmt und die Mitglieder daher gebeten werden, im \u201eParadies\u201c keinen unn\u00f6tigen L\u00e4rm zu machen und ihren M\u00fcll zu Hause zu entsorgen. Leider ist es verboten, auf dem Gel\u00e4nde zu \u00fcbernachten.<\/p>\n<p align=\"justify\">F\u00fcr weitere Informationen stehen wir gerne unter der E-Mail-Adresse <a href=\"mailto:SLNL.RelPub@naturisme.lu\">SLNL.RelPub@naturisme.lu<\/a>\u00a0oder per Handy +352.691.639.250 zur Verf\u00fcgung.<\/p>\n<\/div>\n\n\n\n<div class=\"wp-block-column is-layout-flow wp-block-column-is-layout-flow\" style=\"flex-basis:15%\"><\/div>\n<\/div>\n<\/div><\/div>\n","protected":false},"excerpt":{"rendered":"<p>Unser Naturisten-Verein, der \u00e4lteste Luxemburger FKK-Verein, wurde 1980 unter dem Namen \u201eLes Naturistes Luxembourgeois\u201c asbl gegr\u00fcndet und 1994 in \u201eSports et Loisirs Naturistes, Luxembourg\u201c asbl (SLNL) umbenannt. Sports et Loisirs Naturistes, Luxembourg, asbl(SLNL) Internationale Naturisten F\u00f6deration(INF-FNI) Wir sind \u00fcber den Luxemburger Naturisten Verband (F\u00e9d\u00e9ration Luxembourgeoise de Naturisme &#8211; FLN) an die Internationale Naturisten-F\u00f6deration (INF-FNI) angeschlossen und dadurch Mitglied in der weltweiten Naturisten Organisation. Alle Mitglieder haben ein Anrecht auf eine Internationale Naturisten Lizenz (Ferienkarte), die von der INF\/FLN ausgestellt wird. Diese Lizenz gew\u00e4hrt dir den Zugang zu allen weltweit von der Internationalen Naturisten F\u00f6deration anerkannten FKK-Gel\u00e4nden und Ferienzentren. Luxemburger Naturisten Verband(FLN) Seit 1987 besitzt unser Verein ein ca. 4 Hektar gro\u00dfes FKK-Gel\u00e4nde in der N\u00e4he von Luxemburg-Stadt, mitten im Wald, mit gro\u00dfen Freifl\u00e4chen zum Sonnenbaden und zur sportlichen Bet\u00e4tigung. Wir nenne es \u201eunser kleines Paradies\u201c. Dieses \u201eParadies\u201c soll unseren Mitgliedern Ruhe und Entspannung bieten, fernab vom \u00fcblichen touristischen Trubel anderer Erholungszentren und Urlaubsorte. Egal, ob Sie sich einfach nur nackt in Ruhe sonnen oder aber ein wenig Sport treiben m\u00f6chten, es ist f\u00fcr jeden etwas dabei. Wir m\u00f6chten Ihnen unser Gel\u00e4nde unverbindlich vorstellen. Neben einer pers\u00f6nlichen Einladung kann dies im Rahmen unserer \u201eBesuchertage\u201c erfolgen, die im Fr\u00fchjahr, in der Regel Anfang Juni, stattfinden. Wir sind sicherlich der erste FKK-Verein mit internationaler Ausrichtung, was sich auch in unserem viertelj\u00e4hrlich erscheinenden mehrsprachigen Newsletter widerspiegelt. Wenn Sie unser Vereinsgel\u00e4nde besuchen, k\u00f6nnen Sie viele unterschiedliche Sprachen h\u00f6ren: Luxemburgisch, Deutsch, Franz\u00f6sisch, Italienisch, Niederl\u00e4ndisch, Englisch u.a. Unser Verein ver\u00f6ffentlicht mehrmals im Jahr einen \u201eNewsletter\u201c, um seine Mitglieder (vorzugsweise in digitaler Form) \u00fcber die vergangenen und k\u00fcnftigen Aktivit\u00e4ten des Vereins zu informieren. Unsere Mitglieder haben stets die M\u00f6glichkeit, Artikel \u00fcber ihre FKK-Erfahrungen einzureichen. Die Tradition will es, dass wir zu Beginn der Saison gemeinsam ins Restaurant gehen, unser Sommerfest und unsere Weihnachtsfeier veranstalten und im Fr\u00fchjahr und Herbst ehrenamtliche Arbeit leisten, um unser Gel\u00e4nde zu unterhalten. Bei Interesse besteht die M\u00f6glichkeit, in den Wintermonaten Saunag\u00e4nge zu vereinbaren, auch auf unserem Gel\u00e4nde, ferner Wanderungen und gemeinsame Ausfl\u00fcge. Die Teilnahme an den Aktivit\u00e4ten des Vereins ist nat\u00fcrlich nicht verpflichtend, w\u00fcrde aber das gegenseitige Kennenlernen und den Zusammenhalt unter den Mitgliedern f\u00f6rdern. Wir m\u00f6chten darauf aufmerksam machen, dass der Verein den Umweltschutz ernst nimmt und die Mitglieder daher gebeten werden, im \u201eParadies\u201c keinen unn\u00f6tigen L\u00e4rm zu machen und ihren M\u00fcll zu Hause zu entsorgen. Leider ist es verboten, auf dem Gel\u00e4nde zu \u00fcbernachten. F\u00fcr weitere Informationen stehen wir gerne unter der E-Mail-Adresse SLNL.RelPub@naturisme.lu\u00a0oder per Handy +352.691.639.250 zur Verf\u00fcgung.<\/p>\n","protected":false},"author":1,"featured_media":0,"parent":0,"menu_order":0,"comment_status":"closed","ping_status":"closed","template":"","meta":{"footnotes":""},"class_list":["post-98","page","type-page","status-publish","hentry"],"_links":{"self":[{"href":"https:\/\/www.naturisme.lu\/de\/wp-json\/wp\/v2\/pages\/98","targetHints":{"allow":["GET"]}}],"collection":[{"href":"https:\/\/www.naturisme.lu\/de\/wp-json\/wp\/v2\/pages"}],"about":[{"href":"https:\/\/www.naturisme.lu\/de\/wp-json\/wp\/v2\/types\/page"}],"author":[{"embeddable":true,"href":"https:\/\/www.naturisme.lu\/de\/wp-json\/wp\/v2\/users\/1"}],"replies":[{"embeddable":true,"href":"https:\/\/www.naturisme.lu\/de\/wp-json\/wp\/v2\/comments?post=98"}],"version-history":[{"count":39,"href":"https:\/\/www.naturisme.lu\/de\/wp-json\/wp\/v2\/pages\/98\/revisions"}],"predecessor-version":[{"id":6054,"href":"https:\/\/www.naturisme.lu\/de\/wp-json\/wp\/v2\/pages\/98\/revisions\/6054"}],"wp:attachment":[{"href":"https:\/\/www.naturisme.lu\/de\/wp-json\/wp\/v2\/media?parent=98"}],"curies":[{"name":"wp","href":"https:\/\/api.w.org\/{rel}","templated":true}]}}