{"id":89,"date":"2024-04-27T13:04:44","date_gmt":"2024-04-27T11:04:44","guid":{"rendered":"https:\/\/www.naturisme.lu\/evenements\/"},"modified":"2025-12-16T13:42:44","modified_gmt":"2025-12-16T12:42:44","slug":"termin","status":"publish","type":"page","link":"https:\/\/www.naturisme.lu\/de\/termin\/","title":{"rendered":"Termin"},"content":{"rendered":"\n<div style=\"height:60px\" aria-hidden=\"true\" class=\"wp-block-spacer\"><\/div>\n\n\n\n<div class=\"wp-block-group\"><div class=\"wp-block-group__inner-container is-layout-constrained wp-block-group-is-layout-constrained\">\n<div class=\"wp-block-columns has-black-background-color has-background is-layout-flex wp-container-core-columns-is-layout-9d6595d7 wp-block-columns-is-layout-flex\">\n<div class=\"wp-block-column is-layout-flow wp-block-column-is-layout-flow\" style=\"flex-basis:25%\"><\/div>\n\n\n\n<div class=\"wp-block-column is-vertically-aligned-center is-layout-flow wp-block-column-is-layout-flow\" style=\"flex-basis:50%\">\n<p class=\"has-text-align-center has-large-font-size\"><strong style=\"color:#319F49; font-family:trebuchet; font-size:72px; font-weight: bold; text-align: center; line-height:0.6\">2026<\/strong><\/p>\n<\/div>\n\n\n\n<div class=\"wp-block-column has-black-background-color has-background is-layout-flow wp-block-column-is-layout-flow\" style=\"flex-basis:25%\"><\/div>\n<\/div>\n<\/div><\/div>\n\n\n\n<div class=\"wp-block-group has-black-background-color has-background\" style=\"font-size:18px\"><div class=\"wp-block-group__inner-container is-layout-constrained wp-block-group-is-layout-constrained\">\n<div class=\"wp-block-columns is-layout-flex wp-container-core-columns-is-layout-9d6595d7 wp-block-columns-is-layout-flex\">\n<div class=\"wp-block-column has-black-background-color has-background is-layout-flow wp-block-column-is-layout-flow\" style=\"flex-basis:30%\"><\/div>\n\n\n\n<div class=\"wp-block-column is-layout-flow wp-block-column-is-layout-flow\" style=\"flex-basis:40%\">\n<div class=\"wp-block-cover is-light wp-duotone-grayscale\"><img loading=\"lazy\" decoding=\"async\" width=\"1529\" height=\"2288\" class=\"wp-block-cover__image-background wp-image-5829 size-full\" alt=\"\" src=\"https:\/\/www.naturisme.lu\/wp-content\/uploads\/2025\/10\/Calendrier_filigramme2-1.jpg\" style=\"object-position:7% 51%\" data-object-fit=\"cover\" data-object-position=\"7% 51%\" srcset=\"https:\/\/www.naturisme.lu\/wp-content\/uploads\/2025\/10\/Calendrier_filigramme2-1.jpg 1529w, https:\/\/www.naturisme.lu\/wp-content\/uploads\/2025\/10\/Calendrier_filigramme2-1-200x300.jpg 200w, https:\/\/www.naturisme.lu\/wp-content\/uploads\/2025\/10\/Calendrier_filigramme2-1-684x1024.jpg 684w, https:\/\/www.naturisme.lu\/wp-content\/uploads\/2025\/10\/Calendrier_filigramme2-1-768x1149.jpg 768w\" sizes=\"auto, (max-width: 1529px) 100vw, 1529px\" \/><span aria-hidden=\"true\" class=\"wp-block-cover__background has-background-dim\" style=\"background-color:#e6e4e1\"><\/span><div class=\"wp-block-cover__inner-container is-layout-constrained wp-block-cover-is-layout-constrained\">\n<div style=\"height:25px\" aria-hidden=\"true\" class=\"wp-block-spacer\"><\/div>\n\n\n\n<p style=\"text-align: center;\"><strong><u>Essen zum Saisonbeginn<\/u><\/strong><br \/>28 M\u00e4rz 2026<\/p>\n<p style=\"text-align: center;\"><strong><u>Saunabesuch<\/u><\/strong><br \/>4 April 2026<\/p>\n<p style=\"text-align: center;\"><strong><u>Arbeitstag Fr\u00fchling<\/u><\/strong><br \/>11 April 2026<\/p>\n<p style=\"text-align: center;\"><strong><u>Wanderung<\/u><\/strong><br \/>1 Mee 2026<\/p>\n<p style=\"text-align: center;\"><strong><u>Tag der nackten Gartenarbeit<\/u><\/strong><br \/>2 Mai 2026<\/p>\n<p style=\"text-align: center;\"><strong><u>\u00d6ffnung des Schwimmbeckens<\/u><\/strong><u><br \/><\/u>16 Mai 2026<br \/><em>(wetterabh\u00e4ngig)<\/em><\/p>\n<p style=\"text-align: center;\"><strong><u>Offene T\u00fcr<\/u><\/strong><br \/>23 a 24 Mai 2026<\/p>\n<p style=\"text-align: center;\"><strong><u>Sommerfest<\/u><\/strong><br \/>27 a 28 Juni 2026<\/p>\n<p style=\"text-align: center;\"><strong><span style=\"text-decoration: underline;\"><span style=\"color: #000000; text-decoration: underline;\">Sauna- a Genoss-Party<br \/><\/span><\/span><\/strong>30 August 2026<\/p>\n<p style=\"text-align: center;\"><strong><u>Schlie\u00dfung des Schwimmbeckens<\/u><\/strong><br \/>19 September 2026<br \/><em>(wiederofh\u00e4ngig)<\/em><\/p>\n<p style=\"text-align: center;\"><strong><u>Arbeitstag Herbst<\/u><\/strong><br \/>3 Oktober 2026<\/p>\n<p style=\"text-align: center;\"><strong><u>Ordentliche Generalversammlung<\/u><\/strong><br \/>14 November 2026<\/p>\n<p style=\"text-align: center;\"><strong><u>Weihnachtsessen<\/u><\/strong><br \/>13 Dezember 2026<\/p>\n<\/div><\/div>\n<\/div>\n\n\n\n<div class=\"wp-block-column has-black-background-color has-background is-layout-flow wp-block-column-is-layout-flow\" style=\"flex-basis:30%\"><\/div>\n<\/div>\n\n\n\n<p class=\"has-text-align-center has-white-color has-text-color has-link-color wp-elements-e1c2ba523999347c06c9719bea7dcf9e\"><br><strong>&gt;&gt;&gt;<\/strong> <a href=\"http:\/\/www.naturisme.lu\/de\/events.ics\" data-type=\"link\" data-id=\"http:\/\/www.naturisme.lu\/de\/events.ics\" rel=\"nofollow\">Klickt hei fir d\u00ebs Evenementer an \u00e4re Kalenner (.ics) derb\u00e4izesetzen<\/a> <strong>&lt;&lt;&lt;<\/strong><\/p>\n<\/div><\/div>\n","protected":false},"excerpt":{"rendered":"<p>CONTENTS<\/p>\n","protected":false},"author":1,"featured_media":0,"parent":0,"menu_order":0,"comment_status":"closed","ping_status":"closed","template":"","meta":{"footnotes":""},"class_list":["post-89","page","type-page","status-publish","hentry"],"_links":{"self":[{"href":"https:\/\/www.naturisme.lu\/de\/wp-json\/wp\/v2\/pages\/89","targetHints":{"allow":["GET"]}}],"collection":[{"href":"https:\/\/www.naturisme.lu\/de\/wp-json\/wp\/v2\/pages"}],"about":[{"href":"https:\/\/www.naturisme.lu\/de\/wp-json\/wp\/v2\/types\/page"}],"author":[{"embeddable":true,"href":"https:\/\/www.naturisme.lu\/de\/wp-json\/wp\/v2\/users\/1"}],"replies":[{"embeddable":true,"href":"https:\/\/www.naturisme.lu\/de\/wp-json\/wp\/v2\/comments?post=89"}],"version-history":[{"count":71,"href":"https:\/\/www.naturisme.lu\/de\/wp-json\/wp\/v2\/pages\/89\/revisions"}],"predecessor-version":[{"id":5962,"href":"https:\/\/www.naturisme.lu\/de\/wp-json\/wp\/v2\/pages\/89\/revisions\/5962"}],"wp:attachment":[{"href":"https:\/\/www.naturisme.lu\/de\/wp-json\/wp\/v2\/media?parent=89"}],"curies":[{"name":"wp","href":"https:\/\/api.w.org\/{rel}","templated":true}]}}