{"id":86,"date":"2024-04-27T12:46:09","date_gmt":"2024-04-27T10:46:09","guid":{"rendered":"https:\/\/www.naturisme.lu\/devenir-membre\/"},"modified":"2026-01-04T21:12:10","modified_gmt":"2026-01-04T20:12:10","slug":"devenir-membre","status":"publish","type":"page","link":"https:\/\/www.naturisme.lu\/de\/devenir-membre\/","title":{"rendered":"Wie kann ich Mitglied werden"},"content":{"rendered":"\n<div class=\"wp-block-group\"><div class=\"wp-block-group__inner-container is-layout-constrained wp-block-group-is-layout-constrained\">\n<div class=\"wp-block-columns are-vertically-aligned-center is-layout-flex wp-container-core-columns-is-layout-9d6595d7 wp-block-columns-is-layout-flex\">\n<div class=\"wp-block-column is-vertically-aligned-center has-black-background-color has-background is-layout-flow wp-block-column-is-layout-flow\" style=\"flex-basis:60%\">\n<div  style=\"color:#319F49; font-family:trebuchet; font-size:72px; font-weight: bold; text-align: center; line-height:1.8;\">Wie kann ich Mitglied werden ?<\/div>\n<\/div>\n\n\n\n<div class=\"wp-block-column is-vertically-aligned-center is-layout-flow wp-block-column-is-layout-flow\" style=\"flex-basis:40%\"><div class=\"wp-block-image is-style-rounded\">\n<figure class=\"alignleft size-large is-resized\"><img loading=\"lazy\" decoding=\"async\" width=\"1024\" height=\"683\" src=\"https:\/\/www.naturisme.lu\/wp-content\/uploads\/2024\/05\/Terrain_Accueil-1024x683.jpg\" alt=\"\" class=\"wp-image-1314\" style=\"aspect-ratio:16\/9;object-fit:cover;width:550px\" srcset=\"https:\/\/www.naturisme.lu\/wp-content\/uploads\/2024\/05\/Terrain_Accueil-1024x683.jpg 1024w, https:\/\/www.naturisme.lu\/wp-content\/uploads\/2024\/05\/Terrain_Accueil-300x200.jpg 300w, https:\/\/www.naturisme.lu\/wp-content\/uploads\/2024\/05\/Terrain_Accueil-768x512.jpg 768w, https:\/\/www.naturisme.lu\/wp-content\/uploads\/2024\/05\/Terrain_Accueil.jpg 1092w\" sizes=\"auto, (max-width: 1024px) 100vw, 1024px\" \/><\/figure>\n<\/div><\/div>\n<\/div>\n\n\n\n<div style=\"height:25px\" aria-hidden=\"true\" class=\"wp-block-spacer\"><\/div>\n\n\n\n<div class=\"wp-block-group has-white-background-color has-background has-medium-font-size\"><div class=\"wp-block-group__inner-container is-layout-constrained wp-block-group-is-layout-constrained\">\n<div class=\"wp-block-columns are-vertically-aligned-center has-white-background-color has-background is-layout-flex wp-container-core-columns-is-layout-9d6595d7 wp-block-columns-is-layout-flex\">\n<div class=\"wp-block-column is-vertically-aligned-center is-layout-flow wp-block-column-is-layout-flow\" style=\"flex-basis:5%\"><\/div>\n\n\n\n<div class=\"wp-block-column is-vertically-aligned-center is-layout-flow wp-block-column-is-layout-flow\" style=\"flex-basis:20%\">\n<div style=\"height:50px\" aria-hidden=\"true\" class=\"wp-block-spacer\"><\/div>\n\n\n<div class=\"wp-block-image\">\n<figure class=\"aligncenter size-full is-resized\"><img loading=\"lazy\" decoding=\"async\" width=\"512\" height=\"503\" src=\"https:\/\/www.naturisme.lu\/wp-content\/uploads\/2026\/01\/SLNL_Logo_FlagNickName_512x512.webp\" alt=\"\" class=\"wp-image-6046\" style=\"width:325px\" srcset=\"https:\/\/www.naturisme.lu\/wp-content\/uploads\/2026\/01\/SLNL_Logo_FlagNickName_512x512.webp 512w, https:\/\/www.naturisme.lu\/wp-content\/uploads\/2026\/01\/SLNL_Logo_FlagNickName_512x512-300x295.webp 300w\" sizes=\"auto, (max-width: 512px) 100vw, 512px\" \/><\/figure>\n<\/div><\/div>\n\n\n\n<div class=\"wp-block-column is-vertically-aligned-center has-white-background-color has-background is-layout-flow wp-block-column-is-layout-flow\" style=\"flex-basis:60%\">\n<div style=\"height:50px\" aria-hidden=\"true\" class=\"wp-block-spacer\"><\/div>\n\n\n\n<div class=\"wp-block-group has-white-background-color has-background\" style=\"font-size:18px\"><div class=\"wp-block-group__inner-container is-layout-constrained wp-block-group-is-layout-constrained\">\n<div class=\"wp-block-columns is-layout-flex wp-container-core-columns-is-layout-9d6595d7 wp-block-columns-is-layout-flex\">\n<div class=\"wp-block-column is-layout-flow wp-block-column-is-layout-flow\" style=\"flex-basis:80%\">\n<p align=\"justify\">Wenn du Mitglied in unserem Verein werden m\u00f6chtest, ist es ganz einfach: Sende eine E-Mail mit dem Betreff <strong>&#8222;Mitgliedsantrag&#8220;<\/strong> an <a href=\"mailto:SLNL.RelPub@naturisme.lu\">SLNL.RelPub@naturisme.lu<\/a> und stelle dich mit deinem <strong>Namen<\/strong>, <strong>Vornamen<\/strong>, <strong>Familienstand<\/strong> und gegebenenfalls mit einer Angabe deiner Erfahrungen im Naturismus vor.<\/p>\n\n\n\n<p><em>Ein Mitglied unseres Vereins wirbt f\u00fcr Sie? Bitte geben Sie es bei Ihrer Anmeldung an!<\/em><\/p>\n<\/div>\n\n\n\n<div class=\"wp-block-column is-vertically-aligned-center is-layout-flow wp-block-column-is-layout-flow\" style=\"flex-basis:20%\"><div class=\"wp-block-image aligncenter is-resized\">\n<figure class=\"size-large\"><a href=\"mailto:SLNL.RelPub@naturisme.lu?subject=Mitgliedsantrag\"><img loading=\"lazy\" decoding=\"async\" width=\"1024\" height=\"465\" src=\"https:\/\/www.naturisme.lu\/wp-content\/uploads\/2025\/05\/Inscription-DE-1024x465.png\" alt=\"Klicken Sie hier, um eine eMail zu senden\" class=\"wp-image-5521\" srcset=\"https:\/\/www.naturisme.lu\/wp-content\/uploads\/2025\/05\/Inscription-DE-1024x465.png 1024w, https:\/\/www.naturisme.lu\/wp-content\/uploads\/2025\/05\/Inscription-DE-300x136.png 300w, https:\/\/www.naturisme.lu\/wp-content\/uploads\/2025\/05\/Inscription-DE-768x348.png 768w, https:\/\/www.naturisme.lu\/wp-content\/uploads\/2025\/05\/Inscription-DE.png 1177w\" sizes=\"auto, (max-width: 1024px) 100vw, 1024px\" \/><\/a><\/figure>\n<\/div><\/div>\n<\/div>\n\n\n\n<p class=\"TableContents\" align=\"justify\"><span lang=\"DE\">Wir schicken Ihnen dann eine Kopie unserer internen Gel\u00e4ndeordnung, einige zus\u00e4tzliche Informationen \u00fcber unseren Verein und ein Anmeldeformular zu, das Sie bitte ausf\u00fcllen und per E-Mail an die oben genannte E-Mail-Adresse schicken.<\/span><\/p>\n\n\n\n<p align=\"justify\">Nachdem Sie Ihr Anmeldeformular zur\u00fcckgeschickt haben, k\u00f6nnen Sie unverbindlich eine Besichtigung unseres FKK-Freizeitgel\u00e4ndes vereinbaren. Sofern Sie nach dieser Besichtigung immer noch daran interessiert sind, sich uns anzuschlie\u00dfen, \u00fcberweisen Sie bitte den Mitgliedsbeitrag sowie die Einschreibegeb\u00fchr auf das in den Unterlagen genannte Konto. Einige Tage sp\u00e4ter erhalten Sie Ihre Mitgliedskarte mit der internationalen Lizenz (FLN\/FNI) sowie den Code, mit dem Sie die Zugangsportale zu unserem FKK-Gel\u00e4nde \u00f6ffnen k\u00f6nnen.<\/p>\n<\/div><\/div>\n<\/div>\n<\/div>\n\n\n\n<div class=\"wp-block-columns are-vertically-aligned-center has-white-background-color has-background is-layout-flex wp-container-core-columns-is-layout-9d6595d7 wp-block-columns-is-layout-flex\">\n<div class=\"wp-block-column is-vertically-aligned-center has-white-background-color has-background is-layout-flow wp-block-column-is-layout-flow\" style=\"flex-basis:20%\"><\/div>\n\n\n\n<div class=\"wp-block-column is-vertically-aligned-center has-white-background-color has-background is-layout-flow wp-block-column-is-layout-flow\" style=\"flex-basis:60%\">\n<div style=\"height:50px\" aria-hidden=\"true\" class=\"wp-block-spacer\"><\/div>\n\n\n\n<div class=\"wp-block-group has-white-background-color has-background\" style=\"font-size:18px\"><div class=\"wp-block-group__inner-container is-layout-constrained wp-block-group-is-layout-constrained\">\n<figure class=\"wp-block-table aligncenter is-style-regular\">\n<table>\n<tbody style=\"background: #E8E8E8;\">\n<tr>\n<td class=\"has-text-align-center\" width=\"15%\" data-align=\"center\">80 \u20ac<\/td>\n<td class=\"has-text-align-left\" data-align=\"left\">2 Lizenzen f\u00fcr Paare\u00a0inkl\u00a0uneingeschr\u00e4nktem Zutritt zu unserem Naturistengel\u00e4nde<\/td>\n<\/tr>\n<tr>\n<td class=\"has-text-align-center\" data-align=\"center\">40 \u20ac<\/td>\n<td class=\"has-text-align-left\" data-align=\"left\">2 Lizenzen f\u00fcr Paare\u00a0ohne\u00a0Zutritt zu unserem Naturistengel\u00e4nde<\/td>\n<\/tr>\n<tr>\n<td class=\"has-text-align-center\" data-align=\"center\">70 \u20ac<\/td>\n<td class=\"has-text-align-left\" data-align=\"left\">1 Lizenz f\u00fcr Einzelpersonen inkl. uneingeschr\u00e4nktem Zutritt zu unserem Naturistengel\u00e4nde<\/td>\n<\/tr>\n<tr>\n<td class=\"has-text-align-center\" data-align=\"center\">35 \u20ac<\/td>\n<td class=\"has-text-align-left\" data-align=\"left\">1 Lizenz f\u00fcr Einzelpersonen ohne Zutritt zu unserem Naturistengel\u00e4nde<\/td>\n<\/tr>\n<tr>\n<td class=\"has-text-align-center\" data-align=\"center\">5 \u20ac<\/td>\n<td class=\"has-text-align-left\" data-align=\"left\">Zus\u00e4tzliche Lizenz (f\u00fcr Jugendliche \u00fcber 18, die noch unterhaltsberechtigt sind)<\/td>\n<\/tr>\n<tr>\n<td class=\"has-text-align-center\" data-align=\"center\">15 \u20ac<\/td>\n<td class=\"has-text-align-left\" data-align=\"left\">F\u00fcr Studenten, deren Eltern nicht Vereinsmitglied sind (FNI\/FLN Lizenz mit Zutritt zu unserem Gel\u00e4nde)<\/td>\n<\/tr>\n<tr>\n<td class=\"has-text-align-center\" data-align=\"center\"><em>15 \u20ac<\/em><\/td>\n<td class=\"has-text-align-left\" data-align=\"left\"><em>Einmalige Aufnahmegeb\u00fchr pro Mitglied bzw. Paar<\/em><\/td>\n<\/tr>\n<\/tbody>\n<\/table>\n<\/figure>\n\n\n\n<div style=\"height:50px\" aria-hidden=\"true\" class=\"wp-block-spacer\"><\/div>\n<\/div><\/div>\n<\/div>\n\n\n\n<div class=\"wp-block-column is-layout-flow wp-block-column-is-layout-flow\" style=\"flex-basis:20%\"><\/div>\n<\/div>\n<\/div><\/div>\n<\/div><\/div>\n","protected":false},"excerpt":{"rendered":"<p>Wie kann ich Mitglied werden ? Wenn du Mitglied in unserem Verein werden m\u00f6chtest, ist es ganz einfach: Sende eine E-Mail mit dem Betreff &#8222;Mitgliedsantrag&#8220; an SLNL.RelPub@naturisme.lu und stelle dich mit deinem Namen, Vornamen, Familienstand und gegebenenfalls mit einer Angabe deiner Erfahrungen im Naturismus vor. Ein Mitglied unseres Vereins wirbt f\u00fcr Sie? Bitte geben Sie es bei Ihrer Anmeldung an! Wir schicken Ihnen dann eine Kopie unserer internen Gel\u00e4ndeordnung, einige zus\u00e4tzliche Informationen \u00fcber unseren Verein und ein Anmeldeformular zu, das Sie bitte ausf\u00fcllen und per E-Mail an die oben genannte E-Mail-Adresse schicken. Nachdem Sie Ihr Anmeldeformular zur\u00fcckgeschickt haben, k\u00f6nnen Sie unverbindlich eine Besichtigung unseres FKK-Freizeitgel\u00e4ndes vereinbaren. Sofern Sie nach dieser Besichtigung immer noch daran interessiert sind, sich uns anzuschlie\u00dfen, \u00fcberweisen Sie bitte den Mitgliedsbeitrag sowie die Einschreibegeb\u00fchr auf das in den Unterlagen genannte Konto. Einige Tage sp\u00e4ter erhalten Sie Ihre Mitgliedskarte mit der internationalen Lizenz (FLN\/FNI) sowie den Code, mit dem Sie die Zugangsportale zu unserem FKK-Gel\u00e4nde \u00f6ffnen k\u00f6nnen. 80 \u20ac 2 Lizenzen f\u00fcr Paare\u00a0inkl\u00a0uneingeschr\u00e4nktem Zutritt zu unserem Naturistengel\u00e4nde 40 \u20ac 2 Lizenzen f\u00fcr Paare\u00a0ohne\u00a0Zutritt zu unserem Naturistengel\u00e4nde 70 \u20ac 1 Lizenz f\u00fcr Einzelpersonen inkl. uneingeschr\u00e4nktem Zutritt zu unserem Naturistengel\u00e4nde 35 \u20ac 1 Lizenz f\u00fcr Einzelpersonen ohne Zutritt zu unserem Naturistengel\u00e4nde 5 \u20ac Zus\u00e4tzliche Lizenz (f\u00fcr Jugendliche \u00fcber 18, die noch unterhaltsberechtigt sind) 15 \u20ac F\u00fcr Studenten, deren Eltern nicht Vereinsmitglied sind (FNI\/FLN Lizenz mit Zutritt zu unserem Gel\u00e4nde) 15 \u20ac Einmalige Aufnahmegeb\u00fchr pro Mitglied bzw. Paar<\/p>\n","protected":false},"author":1,"featured_media":0,"parent":0,"menu_order":0,"comment_status":"closed","ping_status":"closed","template":"","meta":{"footnotes":""},"class_list":["post-86","page","type-page","status-publish","hentry"],"_links":{"self":[{"href":"https:\/\/www.naturisme.lu\/de\/wp-json\/wp\/v2\/pages\/86","targetHints":{"allow":["GET"]}}],"collection":[{"href":"https:\/\/www.naturisme.lu\/de\/wp-json\/wp\/v2\/pages"}],"about":[{"href":"https:\/\/www.naturisme.lu\/de\/wp-json\/wp\/v2\/types\/page"}],"author":[{"embeddable":true,"href":"https:\/\/www.naturisme.lu\/de\/wp-json\/wp\/v2\/users\/1"}],"replies":[{"embeddable":true,"href":"https:\/\/www.naturisme.lu\/de\/wp-json\/wp\/v2\/comments?post=86"}],"version-history":[{"count":33,"href":"https:\/\/www.naturisme.lu\/de\/wp-json\/wp\/v2\/pages\/86\/revisions"}],"predecessor-version":[{"id":6058,"href":"https:\/\/www.naturisme.lu\/de\/wp-json\/wp\/v2\/pages\/86\/revisions\/6058"}],"wp:attachment":[{"href":"https:\/\/www.naturisme.lu\/de\/wp-json\/wp\/v2\/media?parent=86"}],"curies":[{"name":"wp","href":"https:\/\/api.w.org\/{rel}","templated":true}]}}