{"id":777,"date":"2024-04-27T12:39:30","date_gmt":"2024-04-27T10:39:30","guid":{"rendered":"https:\/\/www.naturisme.lu\/?page_id=777"},"modified":"2025-02-19T15:34:32","modified_gmt":"2025-02-19T14:34:32","slug":"politique-de-confidentialite","status":"publish","type":"page","link":"https:\/\/www.naturisme.lu\/de\/politique-de-confidentialite\/","title":{"rendered":"Datenschutzrichtlinien"},"content":{"rendered":"\n<div class=\"wp-block-columns is-layout-flex wp-container-core-columns-is-layout-9d6595d7 wp-block-columns-is-layout-flex\">\n<div class=\"wp-block-column is-layout-flow wp-block-column-is-layout-flow\" style=\"flex-basis:15%\"><\/div>\n\n\n\n<div class=\"wp-block-column is-layout-flow wp-block-column-is-layout-flow\" style=\"flex-basis:70%\">\n<div class=\"wp-block-group has-white-background-color has-background\" style=\"font-size:18px\"><div class=\"wp-block-group__inner-container is-layout-constrained wp-block-group-is-layout-constrained\">\n<div style=\"height:25px\" aria-hidden=\"true\" class=\"wp-block-spacer\"><\/div>\n\n\n\n<p class=\"has-large-font-size\"><strong>Unsere Richtlinien zum Umgang mit personenbezogenen Daten<\/strong><\/p>\n\n\n\n<div style=\"padding-left: 40px; padding-right: 40px;\" align=\"justify\">Es ist wichtig, dass Sie den Text dieser \u201eDatenschutzrichtlinien\u201c aufmerksam lesen. Wenn Sie noch weitere Fragen zu diesem Thema haben, z\u00f6gern Sie bitte nicht, uns \u00fcber <a href=\"mailto:SLNL.Membres@naturisme.lu\">SLNL.Membres@naturisme.lu<\/a> zu kontaktieren.<\/div>\n<div style=\"padding-left: 40px; padding-right: 40px;\" align=\"justify\">\u00a0<\/div>\n<div style=\"padding-left: 40px; padding-right: 40px;\" align=\"justify\">Der Verein \u201e<strong>Sports et Loisirs Naturistes, Luxembourg<\/strong>\u201c asbl (<strong>SLNL<\/strong>) sammelt und speichert die personenbezogenen Daten von Personen, die sich mit uns in Verbindung setzen, um unserem Verein beizutreten, unseren Newsletter oder Mailings zu erhalten, an den Aktivit\u00e4ten unseres Vereins teilzunehmen oder eine SLNL-Mitgliedskarte zu erhalten.<\/div>\n<div style=\"padding-left: 40px; padding-right: 40px;\" align=\"justify\">\u00a0<\/div>\n<div style=\"padding-left: 40px; padding-right: 40px;\" align=\"justify\">Wir legen allergr\u00f6\u00dften Wert auf Vertraulichkeit und Privatsph\u00e4re; daher behandeln wir pers\u00f6nliche Daten unter strengster Wahrung des Datengeheimnisses und stets in \u00dcbereinstimmung mit den geltenden Gesetzen. Der SLNL h\u00e4lt sich daher an die Regeln, die in der Datenschutzgrundverordnung der Europ\u00e4ischen Union festgelegt sind.<\/div>\n<div style=\"padding-left: 40px; padding-right: 40px;\" align=\"justify\">\u00a0<\/div>\n<div style=\"padding-left: 40px; padding-right: 40px;\" align=\"justify\">Im Folgenden lesen Sie, wie der SLNL Ihre Daten im Einklang mit seinem gesellschaftlichen Auftrag sammelt, speichert und verarbeitet. Die Datenschutzrichtlinien sollen Sie auf transparente Weise dar\u00fcber informieren, welche Daten zu welchem Zweck gesammelt werden, wie wir sie verwenden und welche Rechte Sie in Bezug auf die Verarbeitung solcher Daten haben.<\/div>\n<div style=\"padding-left: 40px; padding-right: 40px;\" align=\"justify\">\u00a0<\/div>\n<div style=\"padding-left: 40px; padding-right: 40px;\" align=\"justify\">\u00a0<\/div>\n<div style=\"padding-left: 40px; padding-right: 40px;\" align=\"justify\"><strong>1. Was sind \u201epersonenbezogene Daten\u201c und wer ist f\u00fcr ihre Verarbeitung verantwortlich?<\/strong><\/div>\n<div style=\"padding-left: 40px; padding-right: 40px;\" align=\"justify\">\u00a0<\/div>\n<div style=\"padding-left: 40px; padding-right: 40px;\" align=\"justify\">Unter dem Begriff \u201epersonenbezogene Daten\u201c versteht man Informationen, mit denen Sie direkt oder indirekt identifiziert werden k\u00f6nnen, z. B. Name, Vorname, Geburtsdatum, Adresse, E-Mail-Adresse und Telefonnummer. Dazu z\u00e4hlen auch Ihre IP-Adresse.<\/div>\n<div style=\"padding-left: 40px; padding-right: 40px;\" align=\"justify\">\u00a0<\/div>\n<div style=\"padding-left: 40px; padding-right: 40px;\" align=\"justify\">Der SLNL ist f\u00fcr die Verarbeitung Ihrer personenbezogenen Daten verantwortlich. Im Folgenden finden Sie alle diesbez\u00fcglich relevanten Angaben:<\/div>\n<div style=\"padding-left: 40px; padding-right: 40px;\" align=\"justify\">\u00a0<\/div>\n<div style=\"padding-left: 80px; padding-right: 40px;\" align=\"justify\">Name des Vereins : \u201eSports et Loisirs Naturistes, Luxembourg\u201c asbl<\/div>\n<div style=\"padding-left: 80px; padding-right: 40px;\" align=\"justify\">Vereinssitz\u00a0 \u00a0 \u00a0 \u00a0 \u00a0 \u00a0: 2, rue des Champs | 8285 Kehlen | Luxemburg<\/div>\n<div style=\"padding-left: 80px; padding-right: 40px;\" align=\"justify\">RCS-Nummer\u00a0 \u00a0 \u00a0 \u00a0 : F5126<\/div>\n<div style=\"padding-left: 80px; padding-right: 40px;\" align=\"justify\">E Mail-Adresse\u00a0 \u00a0 \u00a0 : <a href=\"mailto:SLNL.RelPub@naturisme.lu\">SLNL.Membres@naturisme.lu<\/a><\/div>\n<div style=\"padding-left: 40px; padding-right: 40px;\" align=\"justify\">\u00a0<\/div>\n<div style=\"padding-left: 40px; padding-right: 40px;\" align=\"justify\">\u00a0<\/div>\n<div style=\"padding-left: 40px; padding-right: 40px;\" align=\"justify\"><strong>2. Welche Daten werden von der SLNL gesammelt?<\/strong><\/div>\n<div style=\"padding-left: 40px; padding-right: 40px;\" align=\"justify\">\u00a0<\/div>\n<div style=\"padding-left: 40px; padding-right: 40px;\" align=\"justify\">Der SLNL sammelt nur die Daten, die Sie selbst bereitgestellt haben und die f\u00fcr die Zwecke erforderlich sind, f\u00fcr die Sie sie bereitgestellt haben.<\/div>\n<div style=\"padding-left: 40px; padding-right: 40px;\" align=\"justify\">\u00a0<\/div>\n<div style=\"padding-left: 40px; padding-right: 40px;\" align=\"justify\"><em>Besucher der Website<\/em><\/div>\n<div style=\"padding-left: 40px; padding-right: 40px;\" align=\"justify\">Die Server speichern automatisch die Daten, die der Browser des Besuchers sendet, wenn der Besucher die SLNL-Website aufruft. Diese Aufzeichnungen k\u00f6nnen folgende Informationen enthalten: Datum und Uhrzeit des Besuchs, IP-Adresse des Besuchers, Sprache und Breite des Browsers sowie ein oder mehrere Cookies, die den Browser identifizieren. Diese Informationen werden nicht mit personenbezogenen Daten verkn\u00fcpft, die an anderer Stelle gesammelt und ausschlie\u00dflich dazu verwendet werden, den Webauftritt und die sozialen Medien des SLNL (Facebook und Twitter) zu bewerten und zu verbessern.<\/div>\n<div style=\"padding-left: 40px; padding-right: 40px;\" align=\"justify\">\u00a0<\/div>\n<div style=\"padding-left: 40px; padding-right: 40px;\" align=\"justify\"><em>Foto- und Videografie<\/em><\/div>\n<div style=\"padding-left: 40px; padding-right: 40px;\" align=\"justify\">Wenn wir Fotos oder Videos aufnehmen, treffen wir alle notwendigen Vorsichtsma\u00dfnahmen. Wir bitten grunds\u00e4tzlich um eine Erlaubnis, bevor wir Fotos und Videoaufnahmen aufnehmen und verwenden. Desgleichen bitten wir um die Erlaubnis, Gruppen- oder Stimmungsfotos und -videos aufnehmen zu d\u00fcrfen.<\/div>\n<div style=\"padding-left: 40px; padding-right: 40px;\" align=\"justify\">\u00a0<\/div>\n<div style=\"padding-left: 40px; padding-right: 40px;\" align=\"justify\">\u00a0<\/div>\n<div style=\"padding-left: 40px; padding-right: 40px;\" align=\"justify\"><strong>3. Warum sammelt SLNL Ihre personenbezogenen Daten?<\/strong><\/div>\n<div style=\"padding-left: 40px; padding-right: 40px;\" align=\"justify\">\u00a0<\/div>\n<div style=\"padding-left: 40px; padding-right: 40px;\" align=\"justify\">Wir erheben Ihre Daten in erster Linie, um Ihre Anmeldung zu verwalten und zu bearbeiten, unsere Dienstleistungen zu verbessern und ganz allgemein, um die gegenseitige Kommunikation zu vereinfachen.<\/div>\n<div style=\"padding-left: 40px; padding-right: 40px;\" align=\"justify\">\u00a0<\/div>\n<div style=\"padding-left: 40px; padding-right: 40px;\" align=\"justify\">\u00a0<\/div>\n<div style=\"padding-left: 40px; padding-right: 40px;\" align=\"justify\"><strong>4. Wie werden Ihre personenbezogenen Daten erfasst?<\/strong><\/div>\n<div style=\"padding-left: 40px; padding-right: 40px;\" align=\"justify\">\u00a0<\/div>\n<div style=\"padding-left: 40px; padding-right: 40px;\" align=\"justify\">Alle vom SLNL erhobenen und verarbeiteten personenbezogenen Daten werden von der betroffenen Person selbst bereitgestellt. Der SLNL bezieht somit keine Daten von dritter Seite.<\/div>\n<div style=\"padding-left: 40px; padding-right: 40px;\" align=\"justify\">\u00a0<\/div>\n<div style=\"padding-left: 40px; padding-right: 40px;\" align=\"justify\">\u00a0<\/div>\n<div style=\"padding-left: 40px; padding-right: 40px;\" align=\"justify\"><strong>5. Wie speichern und sch\u00fctzen wir Ihre Daten?<\/strong><\/div>\n<div style=\"padding-left: 40px; padding-right: 40px;\" align=\"justify\">\u00a0<\/div>\n<div style=\"padding-left: 40px; padding-right: 40px;\" align=\"justify\">Ihre Daten werden auf sichere Weise verarbeitet. Zu diesem Zweck setzen wir verschiedene Schutzma\u00dfnahmen und -techniken ein, um Ihre Daten angemessen vor unbefugtem Zugriff oder Gebrauch, Verlust oder L\u00f6schung sowie \u00f6ffentlicher Zug\u00e4nglichmachung zu sch\u00fctzen.<\/div>\n<div style=\"padding-left: 40px; padding-right: 40px;\" align=\"justify\">\u00a0<\/div>\n<div style=\"padding-left: 40px; padding-right: 40px;\" align=\"justify\">\u00a0<\/div>\n<div style=\"padding-left: 40px; padding-right: 40px;\" align=\"justify\"><strong>6. Wie lange speichern wir personenbezogene Daten?<\/strong><\/div>\n<div style=\"padding-left: 40px; padding-right: 40px;\" align=\"justify\">\u00a0<\/div>\n<div style=\"padding-left: 40px; padding-right: 40px;\" align=\"justify\">Der SLNL speichert Ihre personenbezogenen Daten nicht l\u00e4nger als n\u00f6tig, um den Zweck zu erf\u00fcllen, f\u00fcr den sie bereitgestellt wurden, und nur so lange, wie es n\u00f6tig ist, um alle gesetzlichen Verpflichtungen zu erf\u00fcllen. Der SLNL verpflichtet sich, die Daten nicht l\u00e4nger als drei (3) Jahre \u00fcber ihre letztmalige Verwendung hinaus zu speichern, es sei denn, sie werden f\u00fcr statistische Zwecke ben\u00f6tigt.<\/div>\n<div style=\"padding-left: 40px; padding-right: 40px;\" align=\"justify\">\u00a0<\/div>\n<div style=\"padding-left: 40px; padding-right: 40px;\" align=\"justify\">Jede betroffene Person hat selbstverst\u00e4ndlich das Recht, ihre Daten jederzeit l\u00f6schen zu lassen (\u201eRecht auf Vergessenwerden\u201c).<\/div>\n<div style=\"padding-left: 40px; padding-right: 40px;\" align=\"justify\">\u00a0<\/div>\n<div style=\"padding-left: 40px; padding-right: 40px;\" align=\"justify\">\u00a0<\/div>\n<div style=\"padding-left: 40px; padding-right: 40px;\" align=\"justify\"><strong>7. Wer hat Zugriff auf Ihre personenbezogenen Daten?<\/strong><\/div>\n<div style=\"padding-left: 40px; padding-right: 40px;\" align=\"justify\">\u00a0<\/div>\n<div style=\"padding-left: 40px; padding-right: 40px;\" align=\"justify\">Wir geben Ihre personenbezogenen Daten nicht ohne Ihre Erlaubnis weiter, auch nicht ohne Ihre stillschweigende Zustimmung, falls wir Sie vorher diesbez\u00fcglich informiert und Ihnen die M\u00f6glichkeit einger\u00e4umt haben, die Weitergabe bestimmter oder aller Daten abzulehnen.<\/div>\n<div style=\"padding-left: 40px; padding-right: 40px;\" align=\"justify\">\u00a0<\/div>\n<div style=\"padding-left: 40px; padding-right: 40px;\" align=\"justify\">Die Daten, die Sie uns zur Verf\u00fcgung gestellt haben, d\u00fcrfen an Dritte weitergegeben werden, wenn dies zur Erf\u00fcllung der oben beschriebenen Zwecke zwingend notwendig ist. In diesem Sinne betrauen wir einen Dritten (Auftragsverarbeiter) mit folgenden Aufgaben:<\/div>\n<div style=\"padding-left: 40px; padding-right: 40px;\" align=\"justify\">\u00a0<\/div>\n<ul>\n<li style=\"list-style-type: none;\">\n<ul>\n<li style=\"list-style-type: none;\">\n<ul>\n<li>Wartung der Internet-Umgebung (Webhoster),<\/li>\n<li>Wartung der IT-Infrastruktur (IT-Netzwerk usw.),<\/li>\n<li>Verarbeitung (und Verbreitung) von Newslettern und Einladungen, sofern eine entsprechende Genehmigung vorliegt,<\/li>\n<li>Anmeldung von Mitgliedern bei anderen Naturistenverb\u00e4nden.<\/li>\n<\/ul>\n<\/li>\n<\/ul>\n<\/li>\n<\/ul>\n<div style=\"padding-left: 40px; padding-right: 40px;\" align=\"justify\">\u00a0<\/div>\n<div style=\"padding-left: 40px; padding-right: 40px;\" align=\"justify\">Wir geben personenbezogene Daten niemals an Dritte weiter, au\u00dfer an solche, mit denen wir einen Unterauftragnehmervertrag abgeschlossen haben. Selbstverst\u00e4ndlich treffen wir mit diesen Dritten die erforderlichen Vereinbarungen, damit die Sicherheit der personenbezogenen Daten gew\u00e4hrleistet ist.<\/div>\n<div style=\"padding-left: 40px; padding-right: 40px;\" align=\"justify\">\u00a0<\/div>\n<div style=\"padding-left: 40px; padding-right: 40px;\" align=\"justify\">Dar\u00fcber hinaus werden wir die erhaltenen Daten nur dann an Dritte weitergeben, wenn wir gesetzlich dazu verpflichtet sind, z. B. im Rahmen einer polizeilichen oder gerichtlichen Untersuchung. Dessen ungeachtet d\u00fcrfen wir personenbezogene Daten an Dritte weitergeben, wenn Sie uns Ihre Zustimmung dazu gegeben haben. Sie k\u00f6nnen diese Genehmigung jederzeit widerrufen, ohne dass dieser Widerruf sich auf die Rechtm\u00e4\u00dfigkeit der vor dem Widerruf erfolgten Datenverarbeitung auswirkt.<\/div>\n<div style=\"padding-left: 40px; padding-right: 40px;\" align=\"justify\">\u00a0<\/div>\n<div style=\"padding-left: 40px; padding-right: 40px;\" align=\"justify\">Unter keinen Umst\u00e4nden geben wir Ihre personenbezogenen Daten zu kommerziellen Zwecken an Dritte weiter oder an Dritte, die au\u00dferhalb der Europ\u00e4ischen Union ans\u00e4ssig sind.<\/div>\n<div style=\"padding-left: 40px; padding-right: 40px;\" align=\"justify\">\u00a0<\/div>\n<div style=\"padding-left: 40px; padding-right: 40px;\" align=\"justify\">\u00a0<\/div>\n<div style=\"padding-left: 40px; padding-right: 40px;\" align=\"justify\"><strong>8. Welche Rechte haben Sie und wie k\u00f6nnen Sie sie aus\u00fcben?<\/strong><\/div>\n<div style=\"padding-left: 40px; padding-right: 40px;\" align=\"justify\">\u00a0<\/div>\n<div style=\"padding-left: 40px; padding-right: 40px;\" align=\"justify\">Sie haben jederzeit das Recht:<\/div>\n<div style=\"padding-left: 40px; padding-right: 40px;\" align=\"justify\">\u00a0<\/div>\n<ul>\n<li style=\"list-style-type: none;\">\n<ul>\n<li style=\"list-style-type: none;\">\n<ul>\n<li>Einsicht in die zu Ihrer Person gespeicherten Daten zu erhalten,<\/li>\n<li>die Berichtigung falscher Daten zu verlangen,<\/li>\n<li>Widerspruch gegen die Nutzung und Verarbeitung Ihrer personenbezogenen Daten einzulegen oder<\/li>\n<li>Ihre Zustimmung zur diesbez\u00fcglichen Verwendung zu erteilen sowie<\/li>\n<li>die L\u00f6schung Ihrer personenbezogenen Daten zu verlangen.<\/li>\n<\/ul>\n<\/li>\n<\/ul>\n<\/li>\n<\/ul>\n<div style=\"padding-left: 40px; padding-right: 40px;\" align=\"justify\">\u00a0<\/div>\n<div style=\"padding-left: 40px; padding-right: 40px;\" align=\"justify\">Zu diesem Zweck gen\u00fcgt es, eine E-Mail an die folgende Adresse zu senden: <a href=\"mailto:SLNL@naturisme.lu\">SLNL.Membres@naturisme.lu<\/a>.<\/div>\n<div style=\"padding-left: 40px; padding-right: 40px;\" align=\"justify\">\u00a0<\/div>\n<div style=\"padding-left: 40px; padding-right: 40px;\" align=\"justify\">Der Widerruf Ihrer Zustimmung hat keinen Einfluss auf die Rechtm\u00e4\u00dfigkeit der Verarbeitung Ihrer Daten vor dem Widerruf.<\/div>\n<div style=\"padding-left: 40px; padding-right: 40px;\" align=\"justify\">\u00a0<\/div>\n<div style=\"padding-left: 40px; padding-right: 40px;\" align=\"justify\">Wir werden dann so schnell wie m\u00f6glich alles Notwendige veranlassen.<\/div>\n<div style=\"padding-left: 40px; padding-right: 40px;\" align=\"justify\">Sie k\u00f6nnen sich \u00fcber eventuelle Aktualisierungen der \u201eDatenschutzrichtlinien\u201c auf dem Laufenden halten, indem Sie sie erneut aufrufen. Diese \u201eOnline\u201c-Version ist immer die aktuellste.<\/div>\n\n\n\n<div style=\"height:25px\" aria-hidden=\"true\" class=\"wp-block-spacer\"><\/div>\n<\/div><\/div>\n<\/div>\n\n\n\n<div class=\"wp-block-column is-layout-flow wp-block-column-is-layout-flow\" style=\"flex-basis:15%\"><\/div>\n<\/div>\n","protected":false},"excerpt":{"rendered":"<p>Unsere Richtlinien zum Umgang mit personenbezogenen Daten Es ist wichtig, dass Sie den Text dieser \u201eDatenschutzrichtlinien\u201c aufmerksam lesen. Wenn Sie noch weitere Fragen zu diesem Thema haben, z\u00f6gern Sie bitte nicht, uns \u00fcber SLNL.Membres@naturisme.lu zu kontaktieren. \u00a0 Der Verein \u201eSports et Loisirs Naturistes, Luxembourg\u201c asbl (SLNL) sammelt und speichert die personenbezogenen Daten von Personen, die sich mit uns in Verbindung setzen, um unserem Verein beizutreten, unseren Newsletter oder Mailings zu erhalten, an den Aktivit\u00e4ten unseres Vereins teilzunehmen oder eine SLNL-Mitgliedskarte zu erhalten. \u00a0 Wir legen allergr\u00f6\u00dften Wert auf Vertraulichkeit und Privatsph\u00e4re; daher behandeln wir pers\u00f6nliche Daten unter strengster Wahrung des Datengeheimnisses und stets in \u00dcbereinstimmung mit den geltenden Gesetzen. Der SLNL h\u00e4lt sich daher an die Regeln, die in der Datenschutzgrundverordnung der Europ\u00e4ischen Union festgelegt sind. \u00a0 Im Folgenden lesen Sie, wie der SLNL Ihre Daten im Einklang mit seinem gesellschaftlichen Auftrag sammelt, speichert und verarbeitet. Die Datenschutzrichtlinien sollen Sie auf transparente Weise dar\u00fcber informieren, welche Daten zu welchem Zweck gesammelt werden, wie wir sie verwenden und welche Rechte Sie in Bezug auf die Verarbeitung solcher Daten haben. \u00a0 \u00a0 1. Was sind \u201epersonenbezogene Daten\u201c und wer ist f\u00fcr ihre Verarbeitung verantwortlich? \u00a0 Unter dem Begriff \u201epersonenbezogene Daten\u201c versteht man Informationen, mit denen Sie direkt oder indirekt identifiziert werden k\u00f6nnen, z. B. Name, Vorname, Geburtsdatum, Adresse, E-Mail-Adresse und Telefonnummer. Dazu z\u00e4hlen auch Ihre IP-Adresse. \u00a0 Der SLNL ist f\u00fcr die Verarbeitung Ihrer personenbezogenen Daten verantwortlich. Im Folgenden finden Sie alle diesbez\u00fcglich relevanten Angaben: \u00a0 Name des Vereins : \u201eSports et Loisirs Naturistes, Luxembourg\u201c asbl Vereinssitz\u00a0 \u00a0 \u00a0 \u00a0 \u00a0 \u00a0: 2, rue des Champs | 8285 Kehlen | Luxemburg RCS-Nummer\u00a0 \u00a0 \u00a0 \u00a0 : F5126 E Mail-Adresse\u00a0 \u00a0 \u00a0 : SLNL.Membres@naturisme.lu \u00a0 \u00a0 2. Welche Daten werden von der SLNL gesammelt? \u00a0 Der SLNL sammelt nur die Daten, die Sie selbst bereitgestellt haben und die f\u00fcr die Zwecke erforderlich sind, f\u00fcr die Sie sie bereitgestellt haben. \u00a0 Besucher der Website Die Server speichern automatisch die Daten, die der Browser des Besuchers sendet, wenn der Besucher die SLNL-Website aufruft. Diese Aufzeichnungen k\u00f6nnen folgende Informationen enthalten: Datum und Uhrzeit des Besuchs, IP-Adresse des Besuchers, Sprache und Breite des Browsers sowie ein oder mehrere Cookies, die den Browser identifizieren. Diese Informationen werden nicht mit personenbezogenen Daten verkn\u00fcpft, die an anderer Stelle gesammelt und ausschlie\u00dflich dazu verwendet werden, den Webauftritt und die sozialen Medien des SLNL (Facebook und Twitter) zu bewerten und zu verbessern. \u00a0 Foto- und Videografie Wenn wir Fotos oder Videos aufnehmen, treffen wir alle notwendigen Vorsichtsma\u00dfnahmen. Wir bitten grunds\u00e4tzlich um eine Erlaubnis, bevor wir Fotos und Videoaufnahmen aufnehmen und verwenden. Desgleichen bitten wir um die Erlaubnis, Gruppen- oder Stimmungsfotos und -videos aufnehmen zu d\u00fcrfen. \u00a0 \u00a0 3. Warum sammelt SLNL Ihre personenbezogenen Daten? \u00a0 Wir erheben Ihre Daten in erster Linie, um Ihre Anmeldung zu verwalten und zu bearbeiten, unsere Dienstleistungen zu verbessern und ganz allgemein, um die gegenseitige Kommunikation zu vereinfachen. \u00a0 \u00a0 4. Wie werden Ihre personenbezogenen Daten erfasst? \u00a0 Alle vom SLNL erhobenen und verarbeiteten personenbezogenen Daten werden von der betroffenen Person selbst bereitgestellt. Der SLNL bezieht somit keine Daten von dritter Seite. \u00a0 \u00a0 5. Wie speichern und sch\u00fctzen wir Ihre Daten? \u00a0 Ihre Daten werden auf sichere Weise verarbeitet. Zu diesem Zweck setzen wir verschiedene Schutzma\u00dfnahmen und -techniken ein, um Ihre Daten angemessen vor unbefugtem Zugriff oder Gebrauch, Verlust oder L\u00f6schung sowie \u00f6ffentlicher Zug\u00e4nglichmachung zu sch\u00fctzen. \u00a0 \u00a0 6. Wie lange speichern wir personenbezogene Daten? \u00a0 Der SLNL speichert Ihre personenbezogenen Daten nicht l\u00e4nger als n\u00f6tig, um den Zweck zu erf\u00fcllen, f\u00fcr den sie bereitgestellt wurden, und nur so lange, wie es n\u00f6tig ist, um alle gesetzlichen Verpflichtungen zu erf\u00fcllen. Der SLNL verpflichtet sich, die Daten nicht l\u00e4nger als drei (3) Jahre \u00fcber ihre letztmalige Verwendung hinaus zu speichern, es sei denn, sie werden f\u00fcr statistische Zwecke ben\u00f6tigt. \u00a0 Jede betroffene Person hat selbstverst\u00e4ndlich das Recht, ihre Daten jederzeit l\u00f6schen zu lassen (\u201eRecht auf Vergessenwerden\u201c). \u00a0 \u00a0 7. Wer hat Zugriff auf Ihre personenbezogenen Daten? \u00a0 Wir geben Ihre personenbezogenen Daten nicht ohne Ihre Erlaubnis weiter, auch nicht ohne Ihre stillschweigende Zustimmung, falls wir Sie vorher diesbez\u00fcglich informiert und Ihnen die M\u00f6glichkeit einger\u00e4umt haben, die Weitergabe bestimmter oder aller Daten abzulehnen. \u00a0 Die Daten, die Sie uns zur Verf\u00fcgung gestellt haben, d\u00fcrfen an Dritte weitergegeben werden, wenn dies zur Erf\u00fcllung der oben beschriebenen Zwecke zwingend notwendig ist. In diesem Sinne betrauen wir einen Dritten (Auftragsverarbeiter) mit folgenden Aufgaben: \u00a0 Wartung der Internet-Umgebung (Webhoster), Wartung der IT-Infrastruktur (IT-Netzwerk usw.), Verarbeitung (und Verbreitung) von Newslettern und Einladungen, sofern eine entsprechende Genehmigung vorliegt, Anmeldung von Mitgliedern bei anderen Naturistenverb\u00e4nden. \u00a0 Wir geben personenbezogene Daten niemals an Dritte weiter, au\u00dfer an solche, mit denen wir einen Unterauftragnehmervertrag abgeschlossen haben. Selbstverst\u00e4ndlich treffen wir mit diesen Dritten die erforderlichen Vereinbarungen, damit die Sicherheit der personenbezogenen Daten gew\u00e4hrleistet ist. \u00a0 Dar\u00fcber hinaus werden wir die erhaltenen Daten nur dann an Dritte weitergeben, wenn wir gesetzlich dazu verpflichtet sind, z. B. im Rahmen einer polizeilichen oder gerichtlichen Untersuchung. Dessen ungeachtet d\u00fcrfen wir personenbezogene Daten an Dritte weitergeben, wenn Sie uns Ihre Zustimmung dazu gegeben haben. Sie k\u00f6nnen diese Genehmigung jederzeit widerrufen, ohne dass dieser Widerruf sich auf die Rechtm\u00e4\u00dfigkeit der vor dem Widerruf erfolgten Datenverarbeitung auswirkt. \u00a0 Unter keinen Umst\u00e4nden geben wir Ihre personenbezogenen Daten zu kommerziellen Zwecken an Dritte weiter oder an Dritte, die au\u00dferhalb der Europ\u00e4ischen Union ans\u00e4ssig sind. \u00a0 \u00a0 8. Welche Rechte haben Sie und wie k\u00f6nnen Sie sie aus\u00fcben? \u00a0 Sie haben jederzeit das Recht: \u00a0 Einsicht in die zu Ihrer Person gespeicherten Daten zu erhalten, die Berichtigung falscher Daten zu verlangen, Widerspruch gegen die Nutzung und Verarbeitung Ihrer personenbezogenen Daten einzulegen oder Ihre Zustimmung zur diesbez\u00fcglichen Verwendung zu erteilen sowie die L\u00f6schung Ihrer personenbezogenen Daten zu verlangen. \u00a0 Zu diesem Zweck gen\u00fcgt es, eine E-Mail an die folgende Adresse zu senden: SLNL.Membres@naturisme.lu. \u00a0 Der Widerruf Ihrer Zustimmung hat keinen Einfluss auf die Rechtm\u00e4\u00dfigkeit der Verarbeitung Ihrer Daten vor dem Widerruf. \u00a0 Wir werden dann so schnell wie m\u00f6glich alles Notwendige veranlassen. Sie k\u00f6nnen sich \u00fcber eventuelle Aktualisierungen der [&hellip;]<\/p>\n","protected":false},"author":1,"featured_media":0,"parent":0,"menu_order":0,"comment_status":"closed","ping_status":"open","template":"","meta":{"footnotes":""},"class_list":["post-777","page","type-page","status-publish","hentry"],"_links":{"self":[{"href":"https:\/\/www.naturisme.lu\/de\/wp-json\/wp\/v2\/pages\/777","targetHints":{"allow":["GET"]}}],"collection":[{"href":"https:\/\/www.naturisme.lu\/de\/wp-json\/wp\/v2\/pages"}],"about":[{"href":"https:\/\/www.naturisme.lu\/de\/wp-json\/wp\/v2\/types\/page"}],"author":[{"embeddable":true,"href":"https:\/\/www.naturisme.lu\/de\/wp-json\/wp\/v2\/users\/1"}],"replies":[{"embeddable":true,"href":"https:\/\/www.naturisme.lu\/de\/wp-json\/wp\/v2\/comments?post=777"}],"version-history":[{"count":38,"href":"https:\/\/www.naturisme.lu\/de\/wp-json\/wp\/v2\/pages\/777\/revisions"}],"predecessor-version":[{"id":5271,"href":"https:\/\/www.naturisme.lu\/de\/wp-json\/wp\/v2\/pages\/777\/revisions\/5271"}],"wp:attachment":[{"href":"https:\/\/www.naturisme.lu\/de\/wp-json\/wp\/v2\/media?parent=777"}],"curies":[{"name":"wp","href":"https:\/\/api.w.org\/{rel}","templated":true}]}}