{"id":5362,"date":"2025-05-09T11:01:40","date_gmt":"2025-05-09T09:01:40","guid":{"rendered":"https:\/\/www.naturisme.lu\/journee-portes-ouvertes\/"},"modified":"2026-04-23T14:40:01","modified_gmt":"2026-04-23T12:40:01","slug":"journee-portes-ouvertes","status":"publish","type":"page","link":"https:\/\/www.naturisme.lu\/de\/journee-portes-ouvertes\/","title":{"rendered":"Tage der offenen T\u00fcr"},"content":{"rendered":"\n<div class=\"wp-block-group has-black-background-color has-background\"><div class=\"wp-block-group__inner-container is-layout-constrained wp-block-group-is-layout-constrained\">\n<div class=\"wp-block-columns is-layout-flex wp-container-core-columns-is-layout-9d6595d7 wp-block-columns-is-layout-flex\">\n<div class=\"wp-block-column is-layout-flow wp-block-column-is-layout-flow\" style=\"flex-basis:1%\"><\/div>\n\n\n\n<div class=\"wp-block-column is-vertically-aligned-center is-layout-flow wp-block-column-is-layout-flow\" style=\"flex-basis:98%\">\n<div class=\"wp-block-group\" style=\"font-size:18px\"><div class=\"wp-block-group__inner-container is-layout-constrained wp-block-group-is-layout-constrained\">\n<div  style=\"color:#319F49; font-family:trebuchet; font-size:56px; font-weight: bold; text-align: center; line-height:1.4;\">Ihre Einladung, den FKK zu entdecken<\/div>\n<\/div><\/div>\n<\/div>\n\n\n\n<div class=\"wp-block-column is-layout-flow wp-block-column-is-layout-flow\" style=\"flex-basis:1%\">\n<div class=\"wp-block-group\"><div class=\"wp-block-group__inner-container is-layout-constrained wp-block-group-is-layout-constrained\"><\/div><\/div>\n<\/div>\n<\/div>\n<\/div><\/div>\n\n\n\n<div class=\"wp-block-group has-black-color has-white-background-color has-text-color has-background has-link-color wp-elements-a64008b8be5444152ef61d158213731f\"><div class=\"wp-block-group__inner-container is-layout-constrained wp-block-group-is-layout-constrained\">\n<div class=\"wp-block-columns is-layout-flex wp-container-core-columns-is-layout-9d6595d7 wp-block-columns-is-layout-flex\">\n<div class=\"wp-block-column is-layout-flow wp-block-column-is-layout-flow\" style=\"flex-basis:15%\">\n<div class=\"wp-block-group\"><div class=\"wp-block-group__inner-container is-layout-constrained wp-block-group-is-layout-constrained\"><\/div><\/div>\n<\/div>\n\n\n\n<div class=\"wp-block-column is-vertically-aligned-center is-layout-flow wp-block-column-is-layout-flow\" style=\"flex-basis:70%\">\n<div class=\"wp-block-group\" style=\"font-size:18px\"><div class=\"wp-block-group__inner-container is-layout-constrained wp-block-group-is-layout-constrained\">\n<style type='text\/css'>.wpcdt-timer-5324 .wpcdt-clock{max-width: 600px;}<\/style>\n<div class=\"wpcdt-wrap wpcdt-timer-wrap wpcdt-clearfix  wpcdt-timer-circle wpcdt-timer-5324\" data-conf=\"{&quot;current_date&quot;:&quot;2026-05-03 03:56:24&quot;,&quot;expiry_date&quot;:&quot;2026-05-23 14:00:00&quot;,&quot;timercircle_animation&quot;:&quot;smooth&quot;,&quot;timercircle_width&quot;:0.1,&quot;timer_bg_width&quot;:1.2,&quot;timer_bgclr&quot;:&quot;#26733a&quot;,&quot;timer_day_bgclr&quot;:&quot;#ff0000&quot;,&quot;timer_hour_bgclr&quot;:&quot;#ff7f00&quot;,&quot;timer_minute_bgclr&quot;:&quot;#ffd700&quot;,&quot;timer_second_bgclr&quot;:&quot;#ffff00&quot;,&quot;day_text&quot;:&quot;Days&quot;,&quot;hour_text&quot;:&quot;Hours&quot;,&quot;minute_text&quot;:&quot;Minutes&quot;,&quot;second_text&quot;:&quot;Seconds&quot;,&quot;is_days&quot;:1,&quot;is_hours&quot;:1,&quot;is_minutes&quot;:1,&quot;is_seconds&quot;:1}\">\n\t<div class=\"wpcdt-timer-inr wpcdt-timer wpcdt-timer-js\" id=\"wpcdt-timer-1\" data-id=\"5324\">\n\t\t<div class=\"wpcdt-clock wpcdt-clock-circle\" data-timer=\"1764216\"><\/div>\n\t<\/div>\n<\/div>\n<\/div><\/div>\n<\/div>\n\n\n\n<div class=\"wp-block-column is-layout-flow wp-block-column-is-layout-flow\" style=\"flex-basis:15%\">\n<div class=\"wp-block-group\"><div class=\"wp-block-group__inner-container is-layout-constrained wp-block-group-is-layout-constrained\"><\/div><\/div>\n<\/div>\n<\/div>\n<\/div><\/div>\n\n\n\n<div class=\"wp-block-group has-black-color has-white-background-color has-text-color has-background has-link-color wp-elements-60943d33747a09e823e288a72d9a16a8\"><div class=\"wp-block-group__inner-container is-layout-constrained wp-block-group-is-layout-constrained\">\n<div class=\"wp-block-columns is-layout-flex wp-container-core-columns-is-layout-9d6595d7 wp-block-columns-is-layout-flex\">\n<div class=\"wp-block-column is-layout-flow wp-block-column-is-layout-flow\" style=\"flex-basis:2%\">\n<div class=\"wp-block-group\"><div class=\"wp-block-group__inner-container is-layout-constrained wp-block-group-is-layout-constrained\"><\/div><\/div>\n<\/div>\n\n\n\n<div class=\"wp-block-column is-vertically-aligned-center is-layout-flow wp-block-column-is-layout-flow\" style=\"flex-basis:96%\">\n<div class=\"wp-block-group\" style=\"font-size:18px\"><div class=\"wp-block-group__inner-container is-layout-constrained wp-block-group-is-layout-constrained\">\n<p class=\"has-text-align-center\" style=\"font-size:24px\"><strong>Tage der offenen T\u00fcr am 23. und 24. Mai 2026 auf unserem Naturisten-Freizeitgel\u00e4nde<\/strong><\/p>\n\n\n\n<div style=\"height:25px\" aria-hidden=\"true\" class=\"wp-block-spacer\"><\/div>\n\n\n\n<p>Der Verein l\u00e4dt Sie ein, sein Naturisten-Gel\u00e4nde an zwei au\u00dfergew\u00f6hnlichen Tagen zu entdecken, die ganz im Zeichen von Natur, Wohlbefinden und Geselligkeit stehen.<\/p>\n\n\n\n<div style=\"height:25px\" aria-hidden=\"true\" class=\"wp-block-spacer\"><\/div>\n\n\n\n<p class=\"has-text-align-center\" style=\"font-size:18px\"><strong><span style=\"text-decoration: underline;\">Interessiert?<\/span><\/strong><br><em><strong>Zugang ausschlie\u00dflich auf Einladung m\u00f6glich.<\/strong><\/em><br>Senden Sie Ihre Einladung-Anfrage an: <a href=\"mailto:SLNL.Relpub@naturisme.lu\">SLNL.Relpub@naturisme.lu<\/a> oder per SMS an\u00a0<strong>+352.691.639.250<\/strong><\/p>\n\n\n\n<p class=\"has-text-align-center\" style=\"font-size:18px\"><em>(bitte geben Sie Ihren Namen, Vornamen, Familienstand sowie ggf. Ihre bisherigen Erfahrungen mit Naturismus an)<\/em><\/p>\n<\/div><\/div>\n<\/div>\n\n\n\n<div class=\"wp-block-column is-layout-flow wp-block-column-is-layout-flow\" style=\"flex-basis:2%\">\n<div class=\"wp-block-group\"><div class=\"wp-block-group__inner-container is-layout-constrained wp-block-group-is-layout-constrained\"><\/div><\/div>\n<\/div>\n<\/div>\n<\/div><\/div>\n","protected":false},"excerpt":{"rendered":"<p>Ihre Einladung, den FKK zu entdecken Tage der offenen T\u00fcr am 23. und 24. Mai 2026 auf unserem Naturisten-Freizeitgel\u00e4nde Der Verein l\u00e4dt Sie ein, sein Naturisten-Gel\u00e4nde an zwei au\u00dfergew\u00f6hnlichen Tagen zu entdecken, die ganz im Zeichen von Natur, Wohlbefinden und Geselligkeit stehen. Interessiert?Zugang ausschlie\u00dflich auf Einladung m\u00f6glich.Senden Sie Ihre Einladung-Anfrage an: SLNL.Relpub@naturisme.lu oder per SMS an\u00a0+352.691.639.250 (bitte geben Sie Ihren Namen, Vornamen, Familienstand sowie ggf. Ihre bisherigen Erfahrungen mit Naturismus an)<\/p>\n","protected":false},"author":3,"featured_media":0,"parent":0,"menu_order":0,"comment_status":"closed","ping_status":"closed","template":"","meta":{"footnotes":""},"class_list":["post-5362","page","type-page","status-publish","hentry"],"_links":{"self":[{"href":"https:\/\/www.naturisme.lu\/de\/wp-json\/wp\/v2\/pages\/5362","targetHints":{"allow":["GET"]}}],"collection":[{"href":"https:\/\/www.naturisme.lu\/de\/wp-json\/wp\/v2\/pages"}],"about":[{"href":"https:\/\/www.naturisme.lu\/de\/wp-json\/wp\/v2\/types\/page"}],"author":[{"embeddable":true,"href":"https:\/\/www.naturisme.lu\/de\/wp-json\/wp\/v2\/users\/3"}],"replies":[{"embeddable":true,"href":"https:\/\/www.naturisme.lu\/de\/wp-json\/wp\/v2\/comments?post=5362"}],"version-history":[{"count":13,"href":"https:\/\/www.naturisme.lu\/de\/wp-json\/wp\/v2\/pages\/5362\/revisions"}],"predecessor-version":[{"id":6294,"href":"https:\/\/www.naturisme.lu\/de\/wp-json\/wp\/v2\/pages\/5362\/revisions\/6294"}],"wp:attachment":[{"href":"https:\/\/www.naturisme.lu\/de\/wp-json\/wp\/v2\/media?parent=5362"}],"curies":[{"name":"wp","href":"https:\/\/api.w.org\/{rel}","templated":true}]}}