{"id":110,"date":"2024-04-27T12:46:42","date_gmt":"2024-04-27T10:46:42","guid":{"rendered":"https:\/\/www.naturisme.lu\/le-terrain-de-recreation-naturiste\/"},"modified":"2024-06-01T10:25:59","modified_gmt":"2024-06-01T08:25:59","slug":"le-terrain-de-recreation-naturiste","status":"publish","type":"page","link":"https:\/\/www.naturisme.lu\/de\/le-terrain-de-recreation-naturiste\/","title":{"rendered":"Unser FKK-Erholungsgel\u00e4nde"},"content":{"rendered":"\n<div class=\"wp-block-group has-white-background-color has-background\"><div class=\"wp-block-group__inner-container is-layout-constrained wp-block-group-is-layout-constrained\">\n<div class=\"wp-block-columns has-black-background-color has-background is-layout-flex wp-container-core-columns-is-layout-9d6595d7 wp-block-columns-is-layout-flex\">\n<div class=\"wp-block-column is-vertically-aligned-center is-layout-flow wp-block-column-is-layout-flow\"><div class=\"wp-block-image is-style-rounded\">\n<figure class=\"aligncenter size-full is-resized\"><img loading=\"lazy\" decoding=\"async\" width=\"1000\" height=\"750\" src=\"https:\/\/www.naturisme.lu\/wp-content\/uploads\/2024\/05\/Terrain_ClubHouse_wo.jpg\" alt=\"\" class=\"wp-image-1599\" style=\"width:auto;height:275px\" srcset=\"https:\/\/www.naturisme.lu\/wp-content\/uploads\/2024\/05\/Terrain_ClubHouse_wo.jpg 1000w, https:\/\/www.naturisme.lu\/wp-content\/uploads\/2024\/05\/Terrain_ClubHouse_wo-300x225.jpg 300w, https:\/\/www.naturisme.lu\/wp-content\/uploads\/2024\/05\/Terrain_ClubHouse_wo-768x576.jpg 768w\" sizes=\"auto, (max-width: 1000px) 100vw, 1000px\" \/><\/figure>\n<\/div>\n\n\n<div style=\"height:25px\" aria-hidden=\"true\" class=\"wp-block-spacer\"><\/div>\n<\/div>\n\n\n\n<div class=\"wp-block-column is-vertically-aligned-center is-layout-flow wp-block-column-is-layout-flow\"><div class=\"wp-block-image is-style-rounded\">\n<figure class=\"aligncenter size-full is-resized\"><img loading=\"lazy\" decoding=\"async\" width=\"960\" height=\"540\" src=\"https:\/\/www.naturisme.lu\/wp-content\/uploads\/2024\/05\/Terrain_7_wo.jpg\" alt=\"\" class=\"wp-image-1698\" style=\"width:auto;height:275px\" srcset=\"https:\/\/www.naturisme.lu\/wp-content\/uploads\/2024\/05\/Terrain_7_wo.jpg 960w, https:\/\/www.naturisme.lu\/wp-content\/uploads\/2024\/05\/Terrain_7_wo-300x169.jpg 300w, https:\/\/www.naturisme.lu\/wp-content\/uploads\/2024\/05\/Terrain_7_wo-768x432.jpg 768w\" sizes=\"auto, (max-width: 960px) 100vw, 960px\" \/><\/figure>\n<\/div>\n\n\n<div style=\"height:25px\" aria-hidden=\"true\" class=\"wp-block-spacer\"><\/div>\n<\/div>\n\n\n\n<div class=\"wp-block-column is-vertically-aligned-center is-layout-flow wp-block-column-is-layout-flow\"><div class=\"wp-block-image is-style-rounded\">\n<figure class=\"aligncenter size-full is-resized\"><img loading=\"lazy\" decoding=\"async\" width=\"1008\" height=\"756\" src=\"https:\/\/www.naturisme.lu\/wp-content\/uploads\/2024\/05\/Terrain_1_wo.jpg\" alt=\"\" class=\"wp-image-1591\" style=\"width:auto;height:275px\" srcset=\"https:\/\/www.naturisme.lu\/wp-content\/uploads\/2024\/05\/Terrain_1_wo.jpg 1008w, https:\/\/www.naturisme.lu\/wp-content\/uploads\/2024\/05\/Terrain_1_wo-300x225.jpg 300w, https:\/\/www.naturisme.lu\/wp-content\/uploads\/2024\/05\/Terrain_1_wo-768x576.jpg 768w\" sizes=\"auto, (max-width: 1008px) 100vw, 1008px\" \/><\/figure>\n<\/div>\n\n\n<div style=\"height:25px\" aria-hidden=\"true\" class=\"wp-block-spacer\"><\/div>\n<\/div>\n\n\n\n<div class=\"wp-block-column is-vertically-aligned-center is-layout-flow wp-block-column-is-layout-flow\"><div class=\"wp-block-image is-style-rounded\">\n<figure class=\"aligncenter size-full is-resized\"><img loading=\"lazy\" decoding=\"async\" width=\"1600\" height=\"1200\" src=\"https:\/\/www.naturisme.lu\/wp-content\/uploads\/2024\/05\/Terrain_5_wo.jpg\" alt=\"\" class=\"wp-image-1729\" style=\"width:auto;height:275px\" srcset=\"https:\/\/www.naturisme.lu\/wp-content\/uploads\/2024\/05\/Terrain_5_wo.jpg 1600w, https:\/\/www.naturisme.lu\/wp-content\/uploads\/2024\/05\/Terrain_5_wo-300x225.jpg 300w, https:\/\/www.naturisme.lu\/wp-content\/uploads\/2024\/05\/Terrain_5_wo-1024x768.jpg 1024w, https:\/\/www.naturisme.lu\/wp-content\/uploads\/2024\/05\/Terrain_5_wo-768x576.jpg 768w\" sizes=\"auto, (max-width: 1600px) 100vw, 1600px\" \/><\/figure>\n<\/div>\n\n\n<div style=\"height:20px\" aria-hidden=\"true\" class=\"wp-block-spacer\"><\/div>\n<\/div>\n<\/div>\n<\/div><\/div>\n\n\n\n<div class=\"wp-block-group\" style=\"font-size:18px\"><div class=\"wp-block-group__inner-container is-layout-constrained wp-block-group-is-layout-constrained\">\n<div class=\"wp-block-columns is-layout-flex wp-container-core-columns-is-layout-9d6595d7 wp-block-columns-is-layout-flex\">\n<div class=\"wp-block-column is-vertically-aligned-center has-black-background-color has-background is-layout-flow wp-block-column-is-layout-flow\" style=\"flex-basis:10%\"><\/div>\n\n\n\n<div class=\"wp-block-column has-white-background-color has-background is-layout-flow wp-block-column-is-layout-flow\" style=\"flex-basis:55%\">\n<div class=\"wp-block-columns has-white-background-color has-background is-layout-flex wp-container-core-columns-is-layout-9d6595d7 wp-block-columns-is-layout-flex\">\n<div class=\"wp-block-column has-white-background-color has-background is-layout-flow wp-block-column-is-layout-flow\" style=\"flex-basis:98%\">\n<div style=\"height:25px\" aria-hidden=\"true\" class=\"wp-block-spacer\"><\/div>\n\n\n\n<p style=\"padding-left: 40px; padding-right: 40px; text-align: justify;\">Unser \u201eKleines Paradies\u201c ist schnell und einfach zu erreichen. Es liegt in einer nat\u00fcrliche, bewaldeten Landschaft. Das Gel\u00e4nde dient ausschlie\u00dflich dem Zweck, unseren Mitgliedern Ruhe und Entspannung abseits des \u00fcblichen touristischen Trubels zu bieten.<\/p>\n<p style=\"padding-left: 40px; padding-right: 40px; text-align: justify;\">Zu den Sport und Freizeitangeboten z\u00e4hlen Boule, Tischtennis, Volleyball\/Badminton, Bogenschie\u00dfen sowie eine kleine Sauna.<br \/>F\u00fcr die Kleinen gibt es ein Kletterger\u00fcst mit Schaukel und Rutsche.<\/p>\n<p style=\"padding-left: 40px; padding-right: 40px; text-align: justify;\">Unseren Mitgliedern steht ferner ein gro\u00dfes solarbeheiztes Schwimmbad mit einem Durchmesser von &gt; 8 m und einer Tiefe von 1,20 m zur Verf\u00fcgung, das zum Schwimmen geeignet ist. Dieser Pool wird nicht beaufsichtigt und darf nur von Personen genutzt werden, die schwimmen k\u00f6nnen. Kinder m\u00fcssen von einer verantwortlichen Person begleitet werden.<\/p>\n<p style=\"padding-left: 40px; padding-right: 40px; text-align: justify;\">Mehrere Duschen, von denen einige mit Solarenergie beheizt werden, erm\u00f6glichen eine Abk\u00fchlung. Toiletten sind ebenfalls vorhanden. Au\u00dferdem k\u00f6nnen Unterst\u00e4nde f\u00fcr Sonnenliegen und andere pers\u00f6nliche Gegenst\u00e4nde gemietet werden.<\/p>\n<p style=\"padding-left: 40px; padding-right: 40px; text-align: justify;\">Zu guter Letzt steht den Mitgliedern auch ein Freiluftgrill zur Verf\u00fcgung, auf dem sie ihr mitgebrachtes Grillgut zubereiten k\u00f6nnen.<\/p>\n<p style=\"padding-left: 40px; padding-right: 40px; text-align: justify;\">Leider ist es verboten, auf dem Gel\u00e4nde zu \u00fcbernachten.<\/p>\n<\/div>\n<\/div>\n<\/div>\n\n\n\n<div class=\"wp-block-column is-vertically-aligned-center has-black-background-color has-background is-layout-flow wp-block-column-is-layout-flow\" style=\"flex-basis:25%\"><div class=\"wp-block-image is-style-default\">\n<figure class=\"aligncenter size-full\"><img loading=\"lazy\" decoding=\"async\" width=\"354\" height=\"387\" src=\"https:\/\/www.naturisme.lu\/wp-content\/uploads\/2024\/05\/Terrain_Piscine_1_wo-3.jpg\" alt=\"\" class=\"wp-image-1743\" srcset=\"https:\/\/www.naturisme.lu\/wp-content\/uploads\/2024\/05\/Terrain_Piscine_1_wo-3.jpg 354w, https:\/\/www.naturisme.lu\/wp-content\/uploads\/2024\/05\/Terrain_Piscine_1_wo-3-274x300.jpg 274w\" sizes=\"auto, (max-width: 354px) 100vw, 354px\" \/><\/figure>\n<\/div><\/div>\n\n\n\n<div class=\"wp-block-column is-vertically-aligned-center has-black-background-color has-background is-layout-flow wp-block-column-is-layout-flow\" style=\"flex-basis:10%\"><\/div>\n<\/div>\n<\/div><\/div>\n\n\n\n<div style=\"height:25px\" aria-hidden=\"true\" class=\"wp-block-spacer\"><\/div>\n\n\n\n<div class=\"wp-block-group\" style=\"font-size:18px\"><div class=\"wp-block-group__inner-container is-layout-constrained wp-block-group-is-layout-constrained\">\n<div class=\"wp-block-columns is-layout-flex wp-container-core-columns-is-layout-9d6595d7 wp-block-columns-is-layout-flex\">\n<div class=\"wp-block-column is-vertically-aligned-center has-black-background-color has-background is-layout-flow wp-block-column-is-layout-flow\" style=\"flex-basis:25%\">\n<figure class=\"wp-block-image size-large is-style-rounded\"><img loading=\"lazy\" decoding=\"async\" width=\"1024\" height=\"768\" src=\"https:\/\/www.naturisme.lu\/wp-content\/uploads\/2024\/05\/Terrain_3_wo-1024x768.jpg\" alt=\"\" class=\"wp-image-1714\" srcset=\"https:\/\/www.naturisme.lu\/wp-content\/uploads\/2024\/05\/Terrain_3_wo-1024x768.jpg 1024w, https:\/\/www.naturisme.lu\/wp-content\/uploads\/2024\/05\/Terrain_3_wo-300x225.jpg 300w, https:\/\/www.naturisme.lu\/wp-content\/uploads\/2024\/05\/Terrain_3_wo-768x576.jpg 768w, https:\/\/www.naturisme.lu\/wp-content\/uploads\/2024\/05\/Terrain_3_wo.jpg 1600w\" sizes=\"auto, (max-width: 1024px) 100vw, 1024px\" \/><\/figure>\n<\/div>\n\n\n\n<div class=\"wp-block-column has-white-background-color has-background is-layout-flow wp-block-column-is-layout-flow\" style=\"flex-basis:45%\">\n<div class=\"wp-block-columns has-white-background-color has-background is-layout-flex wp-container-core-columns-is-layout-9d6595d7 wp-block-columns-is-layout-flex\">\n<div class=\"wp-block-column has-white-background-color has-background is-layout-flow wp-block-column-is-layout-flow\" style=\"flex-basis:98%\">\n<div style=\"height:25px\" aria-hidden=\"true\" class=\"wp-block-spacer\"><\/div>\n\n\n\n<ul>\n<li style=\"list-style-type: none;\">\n<ul>\n<li><strong style=\"font-size: 20px;\">F\u00fcr das allgemeine Wohlbefinden<\/strong>:<br \/>Klubhaus mit K\u00fcchenzeile, K\u00fchlschr\u00e4nken und Getr\u00e4nkeangebot, Stromversorgung, Sanit\u00e4ranlage mit Toiletten, Kalt- und Warmwasserduschen, Sauna, Freiluftgrill, Schwimmbecken (55m2, solarbeheizt von Mitte Mai bis Mitte September), Parkpl\u00e4tze auf dem Club-Gel\u00e4nde.<\/li>\n<li><strong style=\"font-size: 20px;\">F\u00fcr Ruhe, Entspannung, und nahtloses Br\u00e4unen:<br \/><\/strong>Zwei Liegewiesen von je 1,5 ha.<\/li>\n<li><strong style=\"font-size: 20px;\">F\u00fcr die Kleinen:<br \/><\/strong>Spielplatz\u00a0mit Schaukeln, Rutschbahn.<\/li>\n<li><strong style=\"font-size: 20px;\">F\u00fcr die Sportler:<br \/><\/strong>Boule-Platz (Petanque),\u00a0 Volleyball, Badminton, Tischtennis, Bogenschie\u00dfen.<\/li>\n<li><strong style=\"font-size: 20px;\">F\u00fcr die Sicherheit:<br \/><\/strong>Moderne \u00dcberwachungsanlage<\/li>\n<\/ul>\n<\/li>\n<\/ul>\n\n\n\n<div style=\"height:25px\" aria-hidden=\"true\" class=\"wp-block-spacer\"><\/div>\n<\/div>\n<\/div>\n<\/div>\n\n\n\n<div class=\"wp-block-column is-vertically-aligned-center is-layout-flow wp-block-column-is-layout-flow\" style=\"flex-basis:30%\">\n<figure class=\"wp-block-image size-full is-style-rounded\"><img loading=\"lazy\" decoding=\"async\" width=\"1230\" height=\"777\" src=\"https:\/\/www.naturisme.lu\/wp-content\/uploads\/2024\/05\/Terrain_activity_2b_wo-2.jpg\" alt=\"\" class=\"wp-image-2760\" srcset=\"https:\/\/www.naturisme.lu\/wp-content\/uploads\/2024\/05\/Terrain_activity_2b_wo-2.jpg 1230w, https:\/\/www.naturisme.lu\/wp-content\/uploads\/2024\/05\/Terrain_activity_2b_wo-2-300x190.jpg 300w, https:\/\/www.naturisme.lu\/wp-content\/uploads\/2024\/05\/Terrain_activity_2b_wo-2-1024x647.jpg 1024w, https:\/\/www.naturisme.lu\/wp-content\/uploads\/2024\/05\/Terrain_activity_2b_wo-2-768x485.jpg 768w\" sizes=\"auto, (max-width: 1230px) 100vw, 1230px\" \/><\/figure>\n<\/div>\n<\/div>\n<\/div><\/div>\n","protected":false},"excerpt":{"rendered":"<p>Unser \u201eKleines Paradies\u201c ist schnell und einfach zu erreichen. Es liegt in einer nat\u00fcrliche, bewaldeten Landschaft. Das Gel\u00e4nde dient ausschlie\u00dflich dem Zweck, unseren Mitgliedern Ruhe und Entspannung abseits des \u00fcblichen touristischen Trubels zu bieten. Zu den Sport und Freizeitangeboten z\u00e4hlen Boule, Tischtennis, Volleyball\/Badminton, Bogenschie\u00dfen sowie eine kleine Sauna.F\u00fcr die Kleinen gibt es ein Kletterger\u00fcst mit Schaukel und Rutsche. Unseren Mitgliedern steht ferner ein gro\u00dfes solarbeheiztes Schwimmbad mit einem Durchmesser von &gt; 8 m und einer Tiefe von 1,20 m zur Verf\u00fcgung, das zum Schwimmen geeignet ist. Dieser Pool wird nicht beaufsichtigt und darf nur von Personen genutzt werden, die schwimmen k\u00f6nnen. Kinder m\u00fcssen von einer verantwortlichen Person begleitet werden. Mehrere Duschen, von denen einige mit Solarenergie beheizt werden, erm\u00f6glichen eine Abk\u00fchlung. Toiletten sind ebenfalls vorhanden. Au\u00dferdem k\u00f6nnen Unterst\u00e4nde f\u00fcr Sonnenliegen und andere pers\u00f6nliche Gegenst\u00e4nde gemietet werden. Zu guter Letzt steht den Mitgliedern auch ein Freiluftgrill zur Verf\u00fcgung, auf dem sie ihr mitgebrachtes Grillgut zubereiten k\u00f6nnen. Leider ist es verboten, auf dem Gel\u00e4nde zu \u00fcbernachten. F\u00fcr das allgemeine Wohlbefinden:Klubhaus mit K\u00fcchenzeile, K\u00fchlschr\u00e4nken und Getr\u00e4nkeangebot, Stromversorgung, Sanit\u00e4ranlage mit Toiletten, Kalt- und Warmwasserduschen, Sauna, Freiluftgrill, Schwimmbecken (55m2, solarbeheizt von Mitte Mai bis Mitte September), Parkpl\u00e4tze auf dem Club-Gel\u00e4nde. F\u00fcr Ruhe, Entspannung, und nahtloses Br\u00e4unen:Zwei Liegewiesen von je 1,5 ha. F\u00fcr die Kleinen:Spielplatz\u00a0mit Schaukeln, Rutschbahn. F\u00fcr die Sportler:Boule-Platz (Petanque),\u00a0 Volleyball, Badminton, Tischtennis, Bogenschie\u00dfen. F\u00fcr die Sicherheit:Moderne \u00dcberwachungsanlage<\/p>\n","protected":false},"author":1,"featured_media":0,"parent":0,"menu_order":0,"comment_status":"closed","ping_status":"closed","template":"","meta":{"footnotes":""},"class_list":["post-110","page","type-page","status-publish","hentry"],"_links":{"self":[{"href":"https:\/\/www.naturisme.lu\/de\/wp-json\/wp\/v2\/pages\/110","targetHints":{"allow":["GET"]}}],"collection":[{"href":"https:\/\/www.naturisme.lu\/de\/wp-json\/wp\/v2\/pages"}],"about":[{"href":"https:\/\/www.naturisme.lu\/de\/wp-json\/wp\/v2\/types\/page"}],"author":[{"embeddable":true,"href":"https:\/\/www.naturisme.lu\/de\/wp-json\/wp\/v2\/users\/1"}],"replies":[{"embeddable":true,"href":"https:\/\/www.naturisme.lu\/de\/wp-json\/wp\/v2\/comments?post=110"}],"version-history":[{"count":28,"href":"https:\/\/www.naturisme.lu\/de\/wp-json\/wp\/v2\/pages\/110\/revisions"}],"predecessor-version":[{"id":4934,"href":"https:\/\/www.naturisme.lu\/de\/wp-json\/wp\/v2\/pages\/110\/revisions\/4934"}],"wp:attachment":[{"href":"https:\/\/www.naturisme.lu\/de\/wp-json\/wp\/v2\/media?parent=110"}],"curies":[{"name":"wp","href":"https:\/\/api.w.org\/{rel}","templated":true}]}}